{"id":1645,"date":"2019-06-29T22:24:58","date_gmt":"2019-06-29T15:24:58","guid":{"rendered":"https:\/\/tuongvibeauty.com\/?post_type=product&#038;p=1645"},"modified":"2019-07-01T08:45:50","modified_gmt":"2019-07-01T01:45:50","slug":"lan-khu-mui-scion-pure-white-roll-on-nuskin","status":"publish","type":"product","link":"https:\/\/tuongvibeauty.com\/?product=lan-khu-mui-scion-pure-white-roll-on-nuskin","title":{"rendered":"L\u0103n kh\u1eed m\u00f9i Scion Pure White Roll On Nuskin"},"content":{"rendered":"<blockquote><p>\u00a0M\u1ed3 h\u00f4i d\u01b0\u1edbi c\u00e1nh tay lu\u00f4n tu\u00f4n ra \u00e0o \u1ea1t m\u1ed7i khi b\u1ea1n v\u1eadn \u0111\u1ed9ng.<\/p>\n<p>M\u00f9a h\u00e8 oi b\u1ee9c khi\u1ebfn cho m\u00f9i c\u01a1 th\u1ec3 tr\u1edf n\u1eb7ng v\u00e0 \u0111\u01b0\u1ee3c &#8220;gi\u1ea3i ph\u00f3ng&#8221;.<\/p>\n<p>B\u1ea1n lu\u00f4n e d\u00e8 khi ph\u1ea3i c\u1edfi gi\u00e0y ho\u1eb7c b\u01b0\u1edbc v\u00e0o m\u00f4i tr\u01b0\u1eddng m\u00e1y l\u1ea1nh v\u00f9 v\u00f9.<\/p><\/blockquote>\n<p>H\u00f4i n\u00e1ch kh\u00f4ng ph\u1ea3i l\u00e0 v\u1ea5n \u0111\u1ec1 nghi\u00eam tr\u1ecdng \u1ea3nh h\u01b0\u1edfng \u0111\u1ebfn t\u00ednh m\u1ea1ng con ng\u01b0\u1eddi. Tuy nhi\u00ean, n\u00f3 l\u1ea1i l\u00e0 v\u0169 kh\u00ed \u00e2m th\u1ea7m chia r\u1ebd s\u1ef1 \u0111o\u00e0n k\u1ebft gi\u1eefa ng\u01b0\u1eddi v\u00e0 ng\u01b0\u1eddi, l\u00e0m cho ng\u01b0\u1eddi th\u00e2n xung quanh b\u1ea1n c\u1ea3m th\u1ea5y bu\u1ed3n phi\u1ec1n c\u0169ng nh\u01b0 tr\u00e0n \u0111\u1ea7y \u00e2u lo cho t\u01b0\u01a1ng lai c\u1ee7a b\u1ea1n.<\/p>\n<p>V\u1eady, gi\u1ea3i ph\u00e1p n\u00e0o cho v\u1ea5n \u0111\u1ec1 c\u1ee7a b\u1ea1n?<\/p>\n<p><img style=\"display: block; margin-left: auto; margin-right: auto;\" src=\"\/\/file.hstatic.net\/1000312720\/file\/down-3_grande.gif\" \/><\/p>\n<h2 style=\"text-align: center;\"><strong><img src=\"\/\/file.hstatic.net\/1000312720\/file\/infinity-1s-25px_grande.gif\" \/>\u00a0<span style=\"color: #ff00ff; font-size: 12pt;\">L\u0102N KH\u1eec M\u00d9I SCION PURE WHITE ROLL ON NUSKIN<\/span><\/strong><span style=\"font-size: 12pt;\">\u00a0<\/span>\u00a0<img src=\"\/\/file.hstatic.net\/1000312720\/file\/infinity-1s-25px_grande.gif\" \/><\/h2>\n<h2 style=\"text-align: center;\"><span style=\"color: #ff00ff; font-size: 12pt;\"><strong>CHUY\u00caN GIA \u0110\u00c1NH BAY M\u00d9I H\u00d4I V\u00c0 KH\u1eec M\u00d9I V\u00d9NG N\u00c1CH<\/strong><\/span><\/h2>\n<p><img style=\"display: block; margin-left: auto; margin-right: auto;\" src=\"\/\/file.hstatic.net\/1000312720\/file\/lan-scion-03_grande.jpg\" \/><\/p>\n<p style=\"text-align: center;\"><em>L\u0103n kh\u1eed m\u00f9i c\u01a1 th\u1ec3 scion pure white roll on &#8211; v\u0129nh bi\u1ec7t h\u00f4i n\u00e1ch, kh\u00f4ng lo b\u00ed b\u00e1ch<\/em><\/p>\n<h3><span style=\"color: #33cccc;\"><b>\u00a0L\u0103n kh\u1eed m\u00f9i c\u01a1 th\u1ec3 scion pure white roll on xua tan \u0111i s\u1ef1 t\u1ef1 ti c\u1ee7a b\u1ea1n<\/b><\/span><\/h3>\n<p><b><img src=\"\/\/file.hstatic.net\/1000312720\/file\/arrow-1_grande.gif\" \/>\u00a0<\/b>S\u1ef1 m\u1eb7c c\u1ea3m ng\u00e0y c\u00e0ng gia t\u0103ng.<\/p>\n<p><img src=\"\/\/file.hstatic.net\/1000312720\/file\/arrow-1_grande.gif\" \/>\u00a0Thi\u1ebfu t\u1ef1 tin khi \u0111\u1ee9ng tr\u01b0\u1edbc t\u00ecnh y\u00eau c\u1ee7a \u0111\u1eddi m\u00ecnh.<\/p>\n<p><img src=\"\/\/file.hstatic.net\/1000312720\/file\/arrow-1_grande.gif\" \/>\u00a0M\u1ea5t \u0111i th\u1ebf c\u00e2n b\u1eb1ng tr\u01b0\u1edbc \u0111\u1ed1i t\u00e1c v\u00e0 \u0111\u1ed3ng nghi\u1ec7p.<\/p>\n<p><span style=\"color: #00ffff;\"><img style=\"font-size: 14.4px;\" src=\"\/\/file.hstatic.net\/1000312720\/file\/arrow-1_grande.gif\" \/><\/span><span style=\"font-size: 14.4px;\">\u0110\u00e1nh m\u1ea5t \u0111i s\u1ef1 th\u0103ng ti\u1ebfn trong c\u00f4ng vi\u1ec7c.<\/span><\/p>\n<h3><span style=\"color: #00ffff;\"><b>\u00a0<\/b><strong>H\u01a1n c\u1ea3 kh\u1eed m\u00f9i ch\u00ednh l\u00e0 \u0111\u01b0\u1ee3c l\u0103n scion d\u01b0\u1ee1ng m\u1ecbn<\/strong><\/span><b><\/b><\/h3>\n<p>?\u00a0L\u00e0m gi\u1ea3m l\u01b0\u1ee3ng m\u1ed3 h\u00f4i ti\u1ebft ra d\u01b0\u1edbi v\u00f9ng n\u00e1ch.<\/p>\n<p>? Di\u1ec7t khu\u1ea9n v\u00f9ng n\u00e1ch hi\u1ec7u qu\u1ea3.<\/p>\n<p>? L\u00e0m s\u00e1ng v\u00e0 m\u1ecbn v\u00f9ng da th\u00e2m d\u01b0\u1edbi c\u00e1nh tay.<\/p>\n<p>? M\u00f9i th\u01a1m d\u1ecbu nh\u1eb9 k\u00e9o d\u00e0i su\u1ed1t 24h<\/p>\n<p><img style=\"display: block; margin-left: auto; margin-right: auto;\" src=\"\/\/file.hstatic.net\/1000312720\/file\/lan-scion-02_grande.jpg\" alt=\"l\u0103n scion\" \/><\/p>\n<p style=\"text-align: center;\"><em>D\u00f9ng l\u0103n kh\u1eed m\u00f9i c\u01a1 th\u1ec3 scion pure white roll on c\u1ee7a nuskin gi\u00fap l\u00e0m gi\u1ea3m l\u01b0\u1ee3ng m\u1ed3 h\u00f4i ti\u1ebft ra d\u01b0\u1edbi v\u00f9ng n\u00e1ch<\/em><\/p>\n<h3><span style=\"color: #00ffff;\"><strong>\u00a0D\u1ea5u \u1ea5n ri\u00eang bi\u1ec7t t\u1eeb l\u0103n kh\u1eed m\u00f9i c\u01a1 th\u1ec3 scion pure white roll on<\/strong><\/span><\/h3>\n<p>? Vitamin E trong l\u0103n\u00a0<strong>kh\u1eed m\u00f9i c\u01a1 th\u1ec3 scion pure white<\/strong>\u00a0l\u00e0 con \u00e1t ch\u1ee7 b\u00e0i c\u00f3 t\u00e1c d\u1ee5ng cung c\u1ea5p \u0111\u1ed9 \u1ea9m v\u00e0 mang l\u1ea1i s\u1ef1 tr\u1eafng m\u1ecbn cho l\u00e0n da.<\/p>\n<p>? Cam th\u1ea3o gi\u00fap kh\u1eed m\u00f9i v\u00e0 l\u00e0m s\u00e1ng da.<\/p>\n<p>? L\u00e1 c\u1ecf nhi\u1ec7t \u0111\u1edbi gi\u00fap\u00a0ph\u1ee5c h\u1ed3i da tr\u01b0\u1edbc c\u00e1c d\u1ea5u v\u1ebft th\u00e2m s\u1ea1m.<\/p>\n<p>? Chi\u1ebft xu\u1ea5t l\u00e1 d\u00e2u g\u1ea5u gi\u00fap se kh\u00edt l\u1ed7 ch\u00e2n l\u00f4ng v\u00e0 lo\u1ea1i b\u1ecf b\u1ee5i b\u1ea9n b\u00e1m s\u00e2u.<\/p>\n<p>? Tinh hoa t\u1eeb th\u1ea3o d\u01b0\u1ee3c gi\u00fap ng\u0103n ch\u1eb7n t\u00e1c h\u1ea1i t\u1eeb c\u00e1c g\u1ed1c t\u1ef1 do, gi\u1ea3m k\u00edch \u1ee9ng v\u00e0 nu\u00f4i d\u01b0\u1ee1ng l\u00e0n da t\u1eeb b\u00ean trong.<\/p>\n<p>? Ch\u1ea5t ch\u1ed1ng vi khu\u1ea9n l\u00e0m gi\u1ea3m nguy\u00ean nh\u00e2n h\u00ecnh th\u00e0nh m\u00f9i h\u00f4i c\u01a1 th\u1ec3 l\u00e2u d\u00e0i.<\/p>\n<p><img style=\"display: block; margin-left: auto; margin-right: auto;\" src=\"\/\/file.hstatic.net\/1000312720\/file\/lan-scion-11_grande.jpg\" alt=\"l\u0103n scion\" \/><\/p>\n<p style=\"text-align: center;\"><em>Vi\u1ec7c c\u00e1c b\u1ea1n d\u00f9ng l\u0103n kh\u1eed m\u00f9i c\u01a1 th\u1ec3 scion pure white roll on l\u0103n \u0111\u1ec1u l\u00ean v\u00f9ng da d\u01b0\u1edbi c\u00e1nh tay ch\u1ec9 l\u00e0 m\u1ed9t b\u01b0\u1edbc nh\u1ecf \u0111\u1ec3 ng\u0103n ng\u1eeba l\u01b0\u1ee3ng m\u1ed3 h\u00f4i trong c\u01a1 th\u1ec3\u00a0<\/em><\/p>\n<h3><span style=\"color: #00ffff;\"><strong>\u00a0H\u00e3y \u0111\u1ec3 l\u0103n kh\u1eed m\u00f9i Scion tr\u1edf th\u00e0nh ng\u01b0\u1eddi b\u1ea1n \u0111\u1ed3ng h\u00e0nh t\u1ed1t nh\u1ea5t c\u1ee7a b\u1ea1n<\/strong><\/span><\/h3>\n<p>S\u1ea3n xu\u1ea5t v\u1edbi c\u00f4ng ngh\u1ec7 M\u1ef9 t\u1ea1i Th\u00e1i Lan.<\/p>\n<p>Mang \u0111\u1ebfn y\u1ebfu t\u1ed1 thi\u00ean nhi\u00ean, th\u00e2n thi\u1ec7n v\u1edbi ng\u01b0\u1eddi d\u00f9ng.<\/p>\n<p>Gi\u00fap b\u1ea1n t\u00ecm l\u1ea1i \u0111\u01b0\u1ee3c s\u1ef1 t\u1ef1 tin v\u1ed1n c\u00f3 c\u1ee7a m\u00ecnh.<\/p>\n<p>Cho v\u00f9ng n\u00e1ch lu\u00f4n \u0111\u01b0\u1ee3c tr\u1eafng, s\u1ea1ch v\u00e0 th\u01a1m.<\/p>\n<p>M\u1ed3 h\u00f4i ch\u1ec9 c\u00f2n l\u00e0 d\u0129 v\u00e3ng.<\/p>\n<p><img style=\"display: block; margin-left: auto; margin-right: auto;\" src=\"\/\/file.hstatic.net\/1000312720\/file\/lan-scion-04_grande.jpg\" alt=\"l\u0103n scion\" \/><\/p>\n<p style=\"text-align: center;\"><em>L\u0103n kh\u1eed m\u00f9i scion &#8211; gi\u00fap b\u1ea1n t\u00ecm l\u1ea1i s\u1ef1 tin \u1ea9n gi\u1ea5u t\u1eeb b\u00ean trong<\/em><\/p>\n<h3 style=\"text-align: left;\"><span style=\"color: #00ffff;\">\u00a0<strong>L\u0103n kh\u1eed m\u00f9i scion c\u1ee7a m\u1ef9 gi\u00e1 bao nhi\u00eau?<\/strong><\/span><\/h3>\n<p>C\u00e2u h\u1ecfi ti\u1ebfp theo c\u1ea7n \u0111\u1eb7t ra ch\u00ednh l\u00e0 \u201cai c\u1ea7n d\u00f9ng l\u0103n n\u00e1ch Scion v\u00e0\u00a0<strong>l\u0103n kh\u1eed m\u00f9i scion c\u1ee7a M\u1ef9 gi\u00e1 bao nhi\u00eau<\/strong>?\u201d<\/p>\n<p>L\u0103n kh\u1eed m\u00f9i Scion l\u00e0 gi\u1ea3i ph\u00e1p \u0111\u1eb7c tr\u1ecb m\u00f9i c\u01a1 th\u1ec3 nhanh ch\u00f3ng v\u00e0 hi\u1ec7u qu\u1ea3 cho nh\u1eefng ng\u01b0\u1eddi t\u1ef1 ti v\u1edbi m\u00f9i c\u01a1 th\u1ec3 c\u1ee7a m\u00ecnh.<\/p>\n<p>V\u1edbi nh\u1eefng b\u1ea1n hay giao ti\u1ebfp nhi\u1ec1u, m\u00f9i c\u01a1 th\u1ec3 ch\u00ednh l\u00e0 n\u1ed7i lo l\u1edbn nh\u1ea5t khi l\u00e0m vi\u1ec7c. V\u1eady h\u00e3y \u0111\u1ec3 Scion gi\u00fap b\u1ea1n l\u1ea5y l\u1ea1i s\u1ef1 t\u1ef1 tin v\u1ed1n c\u00f3.<\/p>\n<p>V\u1edbi nh\u1eefng anh ch\u00e0ng mu\u1ed1n t\u00e1n t\u1ec9nh 1 c\u00f4 n\u00e0ng n\u00e0o \u0111\u00f3 (ho\u1eb7c ng\u01b0\u1ee3c l\u1ea1i) m\u00e0 l\u1ea1i m\u1eb7c c\u1ea3m, kh\u00f4ng tho\u1ea3i m\u00e1i th\u1ec3 hi\u1ec7n v\u00ec s\u1ee3 \u201cm\u00f9i h\u00f4i\u201d. H\u00e3y \u0111\u1ec3 Scion x\u00f3a tan kho\u1ea3ng c\u00e1ch \u0111\u00f3, mang 2 b\u1ea1n l\u1ea1i g\u1ea7n nhau h\u01a1n!<\/p>\n<p>V\u1edbi nh\u1eefng n\u00e0ng y\u00eau th\u00edch v\u00e0i bu\u1ed5i party m\u1ed7i tu\u1ea7n, v\u1edbi nh\u1eefng n\u00e0ng y\u00eau th\u00edch di\u1ec7n \u00e1o \u201cs\u00e1t c\u00e1nh\u201d m\u00e0 l\u1ea1i ng\u1ea1i v\u00ec v\u00f9ng da d\u01b0\u1edbi c\u00e1nh tay hay ti\u1ebft m\u1ed3 h\u00f4i, ho\u1eb7c b\u1ecb th\u00e2m s\u1ea1m. H\u00e3y \u0111\u1ec3 Scion gi\u00fap b\u1ea1n t\u1ef1 tin th\u1ec3 hi\u1ec7n c\u00e1 t\u00ednh nh\u00e9!<\/p>\n<p>Ch\u1ec9 c\u1ea7n 1 l\u1ea7n ra quy\u1ebft \u0111\u1ecbnh, c\u00f2n l\u1ea1i ch\u00ednh l\u00e0 c\u1ea3m nh\u1eadn hi\u1ec7u qu\u1ea3 m\u00e0 gi\u1ea3i ph\u00e1p n\u00e0y mang l\u1ea1i!<\/p>\n<p>V\u1edbi 1 m\u1ee9c gi\u00e1 \u0111\u00e1ng \u0111\u1ed3ng ti\u1ec1n v\u00e0 b\u1ea1n s\u1ebd h\u00e0i l\u00f2ng v\u1ec1 k\u1ebft qu\u1ea3 mang l\u1ea1i. Ch\u1ec9 v\u1edbi 1 li\u1ec7u tr\u00ecnh v\u00e0 \u201cv\u0129nh bi\u1ec7t\u201d h\u00f4i n\u00e1ch kh\u00f4ng ng\u00e0y \u201ct\u00e1i ng\u1ed9\u201d!!!<\/p>\n<p><img style=\"display: block; margin-left: auto; margin-right: auto;\" src=\"\/\/file.hstatic.net\/1000312720\/file\/lan-scion-9_grande.jpg\" alt=\"l\u0103n scion\" \/><\/p>\n<p style=\"text-align: center;\"><em>Ch\u1ec9 c\u1ea7n 1 l\u1ea7n ra quy\u1ebft \u0111\u1ecbnh, c\u00f2n l\u1ea1i ch\u00ednh l\u00e0 c\u1ea3m nh\u1eadn hi\u1ec7u qu\u1ea3 m\u00e0 gi\u1ea3i ph\u00e1p n\u00e0y mang l\u1ea1i!<\/em><\/p>\n<h3><span style=\"color: #00ffff;\"><strong>S\u1eed d\u1ee5ng chai l\u0103n n\u00e1ch scion nh\u01b0 th\u1ebf n\u00e0o cho hi\u1ec7u qu\u1ea3?<\/strong><\/span><\/h3>\n<p><img src=\"\/\/file.hstatic.net\/1000312720\/file\/arrow-1_grande.gif\" \/>\u00a0\u0110\u01b0\u01a1ng nhi\u00ean vi\u1ec7c c\u00e1c b\u1ea1n d\u00f9ng\u00a0<b>l\u0103n kh\u1eed m\u00f9i c\u01a1 th\u1ec3 scion pure white roll on\u00a0<\/b>l\u0103n \u0111\u1ec1u l\u00ean v\u00f9ng da d\u01b0\u1edbi c\u00e1nh tay ch\u1ec9 l\u00e0 m\u1ed9t b\u01b0\u1edbc nh\u1ecf \u0111\u1ec3 ng\u0103n ng\u1eeba l\u01b0\u1ee3ng m\u1ed3 h\u00f4i trong c\u01a1 th\u1ec3 ti\u1ebft ra v\u00e0 gi\u00fap di\u1ec7t khu\u1ea9n da b\u1ea1n.<\/p>\n<h4 class=\"ff1\"><span style=\"color: #ff9900;\"><strong><span class=\"a\">1. D\u00f9ng l\u0103n kh\u1eed m\u00f9i khi ng\u01b0\u1eddi \u0111\u00e3 ho\u00e0n to\u00e0n kh\u00f4 tho\u00e1ng<\/span><\/strong><\/span><\/h4>\n<div class=\"ff2\"><span class=\"a\">Tr\u01b0\u1edbc khi s\u1eed d\u1ee5ng l\u0103n kh\u1eed m\u00f9i, b\u1ea1n\u00a0s\u1eed d\u1ee5ng kh\u0103n \u0111\u1ec3 l\u00e0m kh\u00f4 r\u00e1o v\u00f9ng n\u00e1ch\u00a0r\u1ed3i\u00a0<\/span><span class=\"a\">m\u1edbi s\u1eed d\u1ee5ng, v\u00ec kh\u1ea3 n\u0103ng h\u1ea5p th\u1ee5 c\u1ee7a\u00a0da \u01b0\u1edbt l\u00e0 r\u1ea5t k\u00e9m, do v\u1eady kh\u00f3\u00a0c\u00f3 th\u1ec3 \u0111em l\u1ea1i\u00a0<\/span><span class=\"a\">nh\u1eefng hi\u1ec7u qu\u1ea3 nh\u01b0 b\u1ea1n mong mu\u1ed1n.<\/span><\/div>\n<h4 class=\"ff2\"><span style=\"color: #ff9900;\"><strong><span class=\"a\">2.\u00a0<\/span><span class=\"a\">D\u00f9ng l\u0103n kh\u1eed m\u00f9i v\u00e0o \u0111\u00eam h\u00f4m tr\u01b0\u1edbc ( tr\u01b0\u1edbc khi ng\u1ee7)<\/span><\/strong><\/span><\/h4>\n<div class=\"ff1\"><span class=\"a\">H\u1ea7u h\u1ebft ch\u00fang ta th\u01b0\u1eddng c\u00f3 th\u00f3i quen s\u1eed\u00a0d\u1ee5ng l\u0103n kh\u1eed m\u00f9i Scion v\u00e0o bu\u1ed5i s\u00e1ng\u00a0<\/span><span class=\"a\">hay v\u00e0o nh\u1eefng l\u00fac ch\u00fang ta chu\u1ea9n b\u1ecb ra ngo\u00e0i.\u00a0Nh\u01b0ng b\u1ea1n bi\u1ebft kh\u00f4ng? Theo l\u1eddi\u00a0<\/span><span class=\"a\">khuy\u00ean c\u1ee7a c\u00e1c chuy\u00ean gia th\u00ec ch\u00fang ta n\u00ean s\u1eed\u00a0d\u1ee5ng v\u00e0o t\u1ed1i h\u00f4m tr\u01b0\u1edbc, tr\u01b0\u1edbc khi\u00a0<\/span><span class=\"a\">\u0111i ng\u1ee7, t\u1edbi s\u00e1ng h\u00f4m sau th\u00ec r\u1eeda\u00a0l\u1ea1i b\u1eb1ng n\u01b0\u1edbc v\u00e0 x\u00e0 ph\u00f2ng,\u00a0hi\u1ec7u qu\u1ea3 s\u1eed d\u1ee5ng cao nh\u1ea5t<\/span><\/div>\n<p><img style=\"display: block; margin-left: auto; margin-right: auto;\" src=\"\/\/file.hstatic.net\/1000312720\/file\/lan-scion-8_grande.jpg\" alt=\"l\u0103n scion\" \/><\/p>\n<p style=\"text-align: center;\"><em>L\u01b0u \u00fd c\u00e1c b\u1ea1n n\u00ean bi\u1ebft l\u00e0 s\u1eed d\u1ee5ng l\u0103n kh\u1eed m\u00f9i c\u01a1 th\u1ec3 scion pure white roll on theo h\u01b0\u1edbng d\u1eabn s\u1eed d\u1ee5ng c\u00f3 trong s\u1ea3n ph\u1ea9m<\/em><\/p>\n<h3><strong><span style=\"color: #ff6600;\">C\u00c1CH B\u1ea2O QU\u1ea2N L\u0102N KH\u1eec M\u00d9I SCION PURE WHITE ROLL ON NUSKIN<\/span><\/strong><\/h3>\n<p><img src=\"\/\/file.hstatic.net\/1000312720\/file\/arrow-1_grande.gif\" \/>\u00a0N\u00ean b\u1ea3o qu\u1ea3n\u00a0<strong>l\u0103n kh\u1eed m\u00f9i Scion<\/strong>\u00a0\u1edf n\u01a1i tho\u00e1ng m\u00e1t, tr\u00e1nh \u00e1nh n\u1eafng tr\u1ef1c ti\u1ebfp v\u00e0 tr\u00e1nh n\u01a1i c\u00f3 nhi\u1ec7t \u0111\u1ed9 qu\u00e1 cao<\/p>\n<p>\u0110i\u1ec1u quan tr\u1ecdng l\u00e0 nh\u1edb \u0111\u1eady n\u1eafp k\u0129 sau khi l\u0103n \u0111\u1ec3 \u0111\u1ea3m b\u1ea3o ch\u1ea5t l\u01b0\u1ee3ng t\u1ed1t nh\u1ea5t cho nh\u1eefng l\u1ea7n s\u1eed d\u1ee5ng ti\u1ebfp theo nh\u00e9!<\/p>\n<p><img src=\"\/\/file.hstatic.net\/1000312720\/file\/arrow-1_grande.gif\" \/>\u00a0L\u01b0u \u00fd c\u00e1c b\u1ea1n n\u00ean bi\u1ebft l\u00e0 s\u1eed d\u1ee5ng\u00a0l\u0103n kh\u1eed m\u00f9i c\u01a1 th\u1ec3 scion pure white roll on\u00a0theo h\u01b0\u1edbng d\u1eabn s\u1eed d\u1ee5ng c\u00f3 trong s\u1ea3n ph\u1ea9m.<\/p>\n<p>\u0110\u1eb7c bi\u1ec7t, s\u1ea3n ph\u1ea9m l\u0103n kh\u1eed m\u00f9i Nuskin Scion Pure White Roll on c\u00f3 t\u00e1c d\u1ee5ng ng\u0103n ng\u1eeba m\u1ed3 h\u00f4i v\u00e0 kh\u1eed m\u00f9i su\u1ed1t 24\/24 gi\u1edd th\u00ec vi\u1ec7c s\u1eed d\u1ee5ng qu\u00e1 nhi\u1ec1u l\u1ea7n trong m\u1ed9t ng\u00e0y kh\u00f4ng nh\u1eefng kh\u00f4ng hi\u1ec7u qu\u1ea3 m\u00e0 ch\u1ec9 g\u00e2y l\u00e3ng ph\u00ed m\u00e0 th\u00f4i.<\/p>\n<p><img style=\"display: block; margin-left: auto; margin-right: auto;\" src=\"\/\/file.hstatic.net\/1000312720\/file\/lan-scion-10_grande.jpg\" alt=\"l\u0103n scion\" \/><\/p>\n<p>&nbsp;<\/p>\n<p>&nbsp;<\/p>\n<p>&nbsp;<\/p>\n<p>&nbsp;<\/p>\n","protected":false},"excerpt":{"rendered":"<div class=\"shortDesc\">\n<div class=\"desc\">M\u1ed3 h\u00f4i d\u01b0\u1edbi c\u00e1nh tay lu\u00f4n tu\u00f4n ra \u00e0o \u1ea1t m\u1ed7i khi b\u1ea1n v\u1eadn \u0111\u1ed9ng. M\u00f9a h\u00e8 oi b\u1ee9c khi\u1ebfn cho m\u00f9i c\u01a1 th\u1ec3 tr\u1edf n\u1eb7ng v\u00e0 \u0111\u01b0\u1ee3c &#8220;gi\u1ea3i ph\u00f3ng&#8221;. B\u1ea1n lu\u00f4n&#8230;<\/div>\n<\/div>\n","protected":false},"featured_media":1498,"comment_status":"open","ping_status":"closed","template":"","meta":[],"_links":{"self":[{"href":"https:\/\/tuongvibeauty.com\/index.php?rest_route=\/wp\/v2\/product\/1645"}],"collection":[{"href":"https:\/\/tuongvibeauty.com\/index.php?rest_route=\/wp\/v2\/product"}],"about":[{"href":"https:\/\/tuongvibeauty.com\/index.php?rest_route=\/wp\/v2\/types\/product"}],"replies":[{"embeddable":true,"href":"https:\/\/tuongvibeauty.com\/index.php?rest_route=%2Fwp%2Fv2%2Fcomments&post=1645"}],"wp:featuredmedia":[{"embeddable":true,"href":"https:\/\/tuongvibeauty.com\/index.php?rest_route=\/wp\/v2\/media\/1498"}],"wp:attachment":[{"href":"https:\/\/tuongvibeauty.com\/index.php?rest_route=%2Fwp%2Fv2%2Fmedia&parent=1645"}],"curies":[{"name":"wp","href":"https:\/\/api.w.org\/{rel}","templated":true}]}}