{"id":1620,"date":"2019-06-28T18:58:53","date_gmt":"2019-06-28T11:58:53","guid":{"rendered":"https:\/\/tuongvibeauty.com\/?post_type=product&#038;p=1620"},"modified":"2019-07-01T08:43:55","modified_gmt":"2019-07-01T01:43:55","slug":"may-massage-co-the-ageloc-galvanic-body-spa","status":"publish","type":"product","link":"https:\/\/tuongvibeauty.com\/?product=may-massage-co-the-ageloc-galvanic-body-spa","title":{"rendered":"M\u00e1y massage c\u01a1 th\u1ec3 Ageloc Galvanic Body Spa"},"content":{"rendered":"<p><span style=\"color: #0000ff;\"><strong>B\u1ed9 s\u1ea3n ph\u1ea9m ageloc galvanic body spa<\/strong><\/span>\u00a0gi\u00fap x\u00f3a tan l\u01b0\u1ee3ng m\u1ee1 d\u01b0 th\u1eeba tr\u00ean c\u01a1 th\u1ec3, t\u1ea1o s\u1ef1 s\u0103n ch\u1eafc cho c\u01a1 b\u1ee5ng, \u0111\u1eb7c bi\u1ec7t gi\u00fap b\u1ea1n nhanh ch\u00f3ng l\u1ea5y l\u1ea1i \u0111\u01b0\u1ee3c v\u00f3c d\u00e1ng thon th\u1ea3 m\u00e0 kh\u00f4ng ph\u1ea3i t\u1ed1n s\u1ee9c cho vi\u1ec7c luy\u1ec7n t\u1eadp qu\u00e1 \u0111\u1ed9 hay \u0103n u\u1ed1ng ki\u00eang khem. Ch\u1ec9 v\u1edbi kho\u1ea3ng 3 l\u1ea7n\/tu\u1ea7n d\u00f9ng m\u00e1y, m\u01a1 \u01b0\u1edbc th\u00e2n h\u00ecnh r\u1eafn ch\u1eafc, nu\u1ed9t n\u00e0 kh\u00f4ng c\u00f2n l\u00e0 \u0111i\u1ec1u qu\u00e1 xa v\u1eddi. V\u00e0 b\u1ea1n s\u1ebd th\u1ea5y hi\u1ec7u qu\u1ea3 \u0111\u1eb7c bi\u1ec7t m\u00e0 kh\u00f4ng m\u1ed9t m\u00e1y massage c\u01a1 th\u1ec3 n\u00e0o c\u00f3 th\u1ec3 l\u00e0m \u0111\u01b0\u1ee3c.<\/p>\n<p><img loading=\"lazy\" class=\"aligncenter wp-image-1622 size-full\" src=\"https:\/\/tuongvibeauty.com\/wp-content\/uploads\/2019\/06\/b_-body-spa_grande.jpg\" alt=\"\" width=\"480\" height=\"480\" srcset=\"https:\/\/tuongvibeauty.com\/wp-content\/uploads\/2019\/06\/b_-body-spa_grande.jpg 480w, https:\/\/tuongvibeauty.com\/wp-content\/uploads\/2019\/06\/b_-body-spa_grande-150x150.jpg 150w, https:\/\/tuongvibeauty.com\/wp-content\/uploads\/2019\/06\/b_-body-spa_grande-300x300.jpg 300w, https:\/\/tuongvibeauty.com\/wp-content\/uploads\/2019\/06\/b_-body-spa_grande-100x100.jpg 100w\" sizes=\"(max-width: 480px) 100vw, 480px\" \/><\/p>\n<h2 style=\"text-align: justify;\"><span style=\"color: #0000ff;\">NH\u1eeeNG \u0110I\u1ec0U C\u1ea6N BI\u1ebeT V\u1ec0 M\u00c1Y GALVANIC BODY SPA<\/span><\/h2>\n<p style=\"text-align: justify;\"><span style=\"color: #0000ff;\"><strong style=\"text-align: justify;\">B\u1ed9 s\u1ea3n ph\u1ea9m ageloc galvanic body spa<\/strong><\/span><span style=\"text-align: justify;\">\u00a0l\u00e0 b\u1ed9\u00a0s\u1ea3n ph\u1ea9m \u0111\u01b0\u1ee3c nh\u1eadp kh\u1ea9u ch\u00ednh h\u00e3ng t\u1eeb t\u1eadp \u0111o\u00e0n\u00a0Nuskin c\u1ee7a M\u1ef9 v\u1edbi nhi\u1ec1u t\u00ednh n\u0103ng v\u01b0\u1ee3t tr\u1ed9i, ch\u00fang t\u00f4i cam k\u1ebft ch\u1ea5t l\u01b0\u1ee3ng s\u1ea3n ph\u1ea9m c\u0169ng nh\u01b0 gi\u00e1 c\u1ea3 t\u1ed1t nh\u1ea5t cho ng\u01b0\u1eddi ti\u00eau d\u00f9ng.\u00a0<\/span>S\u1eed d\u1ee5ng k\u1ebft h\u1ee3p v\u1edbi c\u00e1c s\u1ea3n ph\u1ea9m ch\u0103m s\u00f3c c\u01a1 th\u1ec3 c\u1ee7a Ageloc h\u1ed7 tr\u1ee3 v\u1edbi nhau \u0111\u1ec3 mang \u0111\u1ebfn nh\u1eefng \u0111\u1ed9t ph\u00e1 khoa h\u1ecdc m\u1edbi mang \u0111\u1ebfn \u0111\u01b0\u1eddng n\u00e9t cho c\u01a1 th\u1ec3, gi\u00fap l\u00e0n da m\u1ecbn m\u00e0ng, c\u01a1 th\u1ec3 s\u0103n ch\u1eafc ngay c\u1ea3 khi kh\u00f4ng \u0111i spa.\u00a0<span style=\"color: #0000ff;\"><strong>B\u1ed9 s\u1ea3n ph\u1ea9m massage galvanic body spa<\/strong><\/span>\u00a0gi\u00fap x\u00f3a tan l\u01b0\u1ee3ng m\u1ee1 d\u01b0 th\u1eeba, gi\u00fap c\u01a1 th\u1ec3 s\u0103n ch\u1eafc, l\u00e0n da m\u1ecbn m\u00e0ng, \u0111\u1eb7c bi\u1ec7t gi\u00fap \u00a0nhanh ch\u00f3ng l\u1ea5y l\u1ea1i \u0111\u01b0\u1ee3c v\u00f3c d\u00e1ng thon th\u1ea3. Ch\u1ec9 sau 10 ph\u00fat s\u1eed d\u1ee5ng b\u1ea1n s\u1ebd th\u1ea5y hi\u1ec7u qu\u1ea3 kh\u00f3 c\u00f3 m\u00e1y spa n\u00e0o kh\u00e1c c\u00f3 th\u1ec3 l\u00e0m \u0111\u01b0\u1ee3c.<\/p>\n<p style=\"text-align: justify;\">\u0110\u00e2y l\u00e0 d\u00f2ng m\u00e1y massage th\u1ebf h\u1ec7 m\u1edbi nh\u1ea5t gi\u00fap b\u1ea1n x\u00f3a nh\u0103n, tr\u1ebb h\u00f3a l\u00e0n da, ngo\u00e0i ra c\u00f2n c\u00f3 c\u00e1c t\u00ednh t\u0103ng v\u01b0\u1ee3t tr\u1ed9i nh\u01b0: S\u0103n ch\u1eafc da v\u00f9ng b\u1ee5ng, gi\u1ea3m l\u01b0\u1ee3ng m\u1ee1 d\u01b0 th\u1eeba tr\u00ean c\u01a1 th\u1ec3 m\u1ed9t c\u00e1ch l\u00e0nh m\u1ea1nh, t\u1ef1 nhi\u00ean, gi\u00fap t\u00e1i t\u1ea1o da v\u00e0 h\u1ed7 tr\u1ee3 hi\u1ec7u qu\u1ea3 trong vi\u1ec7c ng\u0103n ch\u1eb7n l\u00e3o h\u00f3a tr\u00ean da.<\/p>\n<p><img loading=\"lazy\" class=\"aligncenter wp-image-1623 size-full\" src=\"https:\/\/tuongvibeauty.com\/wp-content\/uploads\/2019\/06\/galvanic-spa-nuskinvietnam_grande.jpg\" alt=\"\" width=\"600\" height=\"600\" srcset=\"https:\/\/tuongvibeauty.com\/wp-content\/uploads\/2019\/06\/galvanic-spa-nuskinvietnam_grande.jpg 600w, https:\/\/tuongvibeauty.com\/wp-content\/uploads\/2019\/06\/galvanic-spa-nuskinvietnam_grande-150x150.jpg 150w, https:\/\/tuongvibeauty.com\/wp-content\/uploads\/2019\/06\/galvanic-spa-nuskinvietnam_grande-300x300.jpg 300w, https:\/\/tuongvibeauty.com\/wp-content\/uploads\/2019\/06\/galvanic-spa-nuskinvietnam_grande-100x100.jpg 100w\" sizes=\"(max-width: 600px) 100vw, 600px\" \/><\/p>\n<h2 style=\"text-align: justify;\"><span style=\"color: #0000ff;\"><strong>V\u00cc SAO M\u00c1Y GALVANIC BODY SPA \u0110\u01af\u1ee2C \u0110\u00d3N NH\u1eacN N\u1ed2NG NHI\u1ec6T T\u1ea0I NHI\u1ec0U QU\u1ed0C GIA TR\u00caN TH\u1ebe GI\u1edaI<\/strong><\/span><\/h2>\n<p style=\"text-align: justify;\"><span style=\"color: #000000;\">B\u1ea1n c\u00f3 bi\u1ebft, c\u00f4ng vi\u1ec7c v\u00e0 cu\u1ed9c s\u1ed1ng \u1edf th\u1eddi \u0111\u1ea1i c\u00f4ng ngh\u1ec7 4.0 \u0111\u00e3 mang l\u1ea1i r\u1ea5t nhi\u1ec1u l\u1ee3i \u00edch cho con ng\u01b0\u1eddi. Th\u1eddi \u0111\u1ea1i c\u00f4ng ngh\u1ec7 l\u00e0 minh ch\u1ee9ng s\u1ed1ng cho m\u1ed9t l\u1ed1i s\u1ed1ng phong ph\u00fa, v\u01b0\u01a1ng gi\u1ea3 v\u00e0 ch\u00fang ta \u0111\u01b0\u1ee3c h\u1ea1n ch\u1ebf v\u1eadn \u0111\u1ed9ng c\u1ea3 v\u1ec1 tay ch\u00e2n l\u1eabn tr\u00ed \u00f3c.\u00a0 S\u1ef1 l\u01b0\u1eddi nh\u00e1t \u1ea5y l\u00e0 m\u1ed9t trong nh\u1eefng nguy\u00ean nh\u00e2n ti\u1ec1m t\u00e0ng khi\u1ebfm c\u01a1 th\u1ec3 t\u0103ng c\u00e2n m\u1ed9t c\u00e1ch m\u1ea5t ki\u1ec3m so\u00e1t hay y\u1ebfu m\u1ec1m thi\u1ebfu s\u1ee9c s\u1ed1ng do s\u1ef1 h\u1ea1n ch\u1ebf v\u1eadn \u0111\u1ed9ng v\u00ec di chuy\u1ec3n. Chi\u1ebfc\u00a0<strong><span style=\"color: #0000ff;\">m\u00e1y massage c\u01a1 th\u1ec3 Galvanic Body Spa<\/span><\/strong>\u00a0ra \u0111\u1eddi \u0111\u1ec3 gi\u1ea3i quy\u1ebft v\u1ea5n \u0111\u1ec1 m\u00e0 \u0111\u1ea1i \u0111a s\u1ed1 ch\u00fang ta \u0111ang ph\u1ea3i \u0111\u1ed1i m\u1eb7t, nguy c\u01a1 t\u1ed5n h\u1ea1i \u0111\u1ebfn s\u1ee9c kh\u1ecfe v\u00e0 c\u00e2n n\u1eb7ng s\u1ebd \u0111\u01b0\u1ee3c ki\u1ec3m so\u00e1t m\u1ed9t c\u00e1ch \u0111\u01a1n gi\u1ea3n v\u00e0 d\u1ec5 d\u00e0ng v\u1edbi chi\u1ebfc m\u00e1y massage c\u01a1 th\u1ec3 c\u00f9ng nh\u1eefng d\u00f2ng s\u1ea3n ph\u1ea9m tuy\u1ec7t v\u1eddi t\u1eeb Nuskin.<\/span><\/p>\n<p style=\"text-align: justify;\"><span style=\"color: #000000;\">Ti\u1ec7n \u00edch, g\u1ecdn nh\u1eb9, \u0111\u1eb3ng c\u1ea5p &amp; th\u1eddi th\u01b0\u1ee3ng ch\u00ednh l\u00e0 \u01b0u \u0111i\u1ec3m gi\u00fap Galvanic Body Spa l\u1ea5y l\u00f2ng ng\u01b0\u1eddi d\u00f9ng, m\u1ed9t s\u1ef1 l\u1ea5y l\u00f2ng ho\u00e0n to\u00e0n v\u1edbi c\u1ea3 nh\u1eefng kh\u00e1ch h\u00e0ng kh\u00f3 t\u00ednh nh\u1ea5t.<\/span><\/p>\n<p><img loading=\"lazy\" class=\"aligncenter wp-image-1624 size-full\" src=\"https:\/\/tuongvibeauty.com\/wp-content\/uploads\/2019\/06\/img_0043_grande.jpg\" alt=\"\" width=\"450\" height=\"600\" srcset=\"https:\/\/tuongvibeauty.com\/wp-content\/uploads\/2019\/06\/img_0043_grande.jpg 450w, https:\/\/tuongvibeauty.com\/wp-content\/uploads\/2019\/06\/img_0043_grande-225x300.jpg 225w\" sizes=\"(max-width: 450px) 100vw, 450px\" \/><\/p>\n<h3 style=\"text-align: justify;\"><span style=\"color: #0000ff;\"><strong>C\u00d4NG D\u1ee4NG CH\u00cdNH C\u1ee6A\u00a0<\/strong><strong>B\u1ed8 S<\/strong><strong>\u1ea2N PH\u1ea8M<\/strong><strong>\u00a0AGELOC GALVANIC BODY SPA<\/strong><\/span><\/h3>\n<p style=\"text-align: justify;\"><span style=\"color: #0000ff;\"><strong>B\u1ed9 s\u1ea3n ph\u1ea9m ageloc galvanic body spa\u00a0<\/strong><\/span>bao g\u1ed3m:<\/p>\n<p style=\"text-align: justify;\">&#8211; 1 M\u00e1y ageLoc Body Spa<\/p>\n<p style=\"text-align: justify;\">&#8211; 1 ageLOC Body Shaping Gel<\/p>\n<p style=\"text-align: justify;\">&#8211; 1 ageLOC Dermatic Effects<\/p>\n<p style=\"text-align: justify;\">S\u1ea3n ph\u1ea9m l\u00e0 d\u00f2ng m\u00e1y massage th\u1ebf h\u1ec7 m\u1edbi \u0111\u01b0\u1ee3c thi\u1ebft k\u1ebf l\u1ea1i theo d\u00f2ng m\u00e1y spa nuskin ageloc ngo\u00e0i vi\u1ec7c gi\u00fap b\u1ea1n x\u00f3a nh\u0103n, tr\u1ebb h\u00f3a l\u00e0n da th\u00ec m\u00e1y ageloc body c\u00f2n cung c\u1ea5p c\u00e1c t\u00ednh t\u0103ng v\u01b0\u1ee3t tr\u1ed9i nh\u01b0: S\u0103n ch\u1eafc da v\u00f9ng b\u1ee5ng, gi\u1ea3m l\u01b0\u1ee3ng m\u1ee3 d\u01b0 th\u1eeba tr\u00ean c\u01a1 th\u1ec3 m\u1ed9t l\u00e0nh m\u1ea1nh, gi\u00fap t\u00e1i t\u1ea1o da v\u00e0 h\u1ed7 tr\u1ee3 hi\u1ec7u qu\u1ea3 trong vi\u1ec7c ng\u0103n ch\u1eb7n l\u00e3o h\u00f3a tr\u00ean da.<\/p>\n<p style=\"text-align: justify;\">&#8211; B\u1ed9 s\u1ea3n ph\u1ea9m ageloc galvanic body spa gi\u00fap x\u00f3a tan l\u01b0\u1ee3ng m\u1ee1 d\u01b0 th\u1eeba tr\u00ean to\u00e0n c\u01a1 th\u1ec3.<\/p>\n<p style=\"text-align: justify;\">&#8211; C\u1ea3i thi\u1ec7n l\u00e0n da, gi\u00fap da s\u0103n ch\u1eafc, m\u1ecbn m\u00e0ng tr\u00f4ng th\u1ea5y.<\/p>\n<p style=\"text-align: justify;\">&#8211; L\u00e0m m\u1edd c\u00e1c n\u1ebfp nh\u0103n hi\u1ec7u qu\u1ea3.<\/p>\n<p style=\"text-align: justify;\">&#8211; T\u1ea9y s\u1ea1ch da ch\u1ebft, cho b\u1ea1n l\u00e0n da kh\u1ecfe m\u1ea1nh.<\/p>\n<p style=\"text-align: justify;\">&#8211; Ng\u0103n ng\u1eeba v\u00e0 h\u1ea1n ch\u1ebf s\u1ef1 xu\u1ea5t hi\u1ec7n c\u1ee7a l\u00e3o h\u00f3a.<\/p>\n<p style=\"text-align: justify;\">&#8211; Thay \u0111\u1ed5i t\u1ed5ng th\u1ec3 di\u1ec7n m\u1ea1o c\u1ee7a da.<\/p>\n<p><img loading=\"lazy\" class=\"aligncenter wp-image-1626 size-full\" src=\"https:\/\/tuongvibeauty.com\/wp-content\/uploads\/2019\/06\/m_y_massage_c__th__ageloc_galvanic_body_spa_2_grande.jpg\" alt=\"\" width=\"600\" height=\"334\" srcset=\"https:\/\/tuongvibeauty.com\/wp-content\/uploads\/2019\/06\/m_y_massage_c__th__ageloc_galvanic_body_spa_2_grande.jpg 600w, https:\/\/tuongvibeauty.com\/wp-content\/uploads\/2019\/06\/m_y_massage_c__th__ageloc_galvanic_body_spa_2_grande-300x167.jpg 300w\" sizes=\"(max-width: 600px) 100vw, 600px\" \/><\/p>\n<h3 style=\"text-align: justify;\"><span style=\"color: #0000ff;\"><strong>H\u01af\u1edaNG D\u1eaaN C\u00c1CH D\u00d9NG B\u1ed8 S<\/strong><strong>\u1ea2N PH\u1ea8M<\/strong><strong>\u00a0AGELOC GALVANIC BODY SPA<\/strong><\/span><\/h3>\n<p style=\"text-align: justify;\">Kh\u00f4ng kh\u00f3 \u0111\u1ec3 c\u00f3 th\u1ec3 s\u1eed d\u1ee5ng\u00a0<span style=\"color: #0000ff;\"><strong>b\u1ed9 s\u1ea3n ph\u1ea9m ageloc galvanic body spa<\/strong><\/span>. Tr\u01b0\u1edbc ti\u00ean, thoa gel m\u00e1t xa c\u01a1 th\u1ec3 ageLOC body shaping gel l\u00ean v\u00f9ng da b\u1ee5ng c\u1ea7n spa.<\/p>\n<p style=\"text-align: justify;\">Sau \u0111\u00f3 d\u00f9ng m\u00e1y ageLOC Galvanic Body Spa \u0111\u1ec3 gi\u00fap c\u00e1c th\u00e0nh ph\u1ea7n c\u1ee7a kem m\u00e1t xa c\u01a1 th\u1ec3 ageLOC Body Shaping Gel th\u1ea9m th\u1ea5u v\u00e0o da, gi\u00fap l\u00e0n da m\u1ecbn m\u00e0ng v\u00e0 s\u0103n ch\u1eafc h\u01a1n. Th\u1ef1c hi\u1ec7n \u0111\u1ec1u li\u1ec7u tr\u00ecnh n\u00e0y v\u00e0o bu\u1ed5i s\u00e1ng v\u00e0 bu\u1ed5i t\u1ed1i, ba ng\u00e0y trong m\u1ed9t tu\u1ea7n tr\u00ean c\u00e1c v\u00f9ng c\u1ea7n tr\u1ecb li\u1ec7u c\u1ee7a c\u01a1 th\u1ec3.<\/p>\n<h3 style=\"text-align: justify;\"><span style=\"color: #0000ff;\"><strong>TH\u00c0NH PH\u1ea6N D\u01af\u1ee0NG CH\u1ea4T QUAN TR\u1eccNG C\u00d3 TRONG GEL MASSAGE C\u01a0 TH\u1ec2 AGELOC BODY SHAPING GEL<\/strong><\/span><\/h3>\n<p style=\"text-align: justify;\"><span style=\"text-align: justify;\">Gel massage c\u00f3 trong\u00a0<\/span><span style=\"color: #0000ff;\"><strong style=\"text-align: justify;\">b\u1ed9 s\u1ea3n ph\u1ea9m ageloc galvanic body spa<\/strong><\/span><span style=\"text-align: justify;\">\u00a0\u0111\u01b0\u1ee3c chi\u1ebft xu\u1ea5t t\u1eeb th\u00e0nh ph\u1ea7n t\u1ef1 nhi\u00ean ch\u00ednh 100% sau \u0111\u00e2y:<\/span><\/p>\n<p style=\"text-align: justify;\">&#8211; Theobromine: \u0111\u01b0\u1ee3c chi\u1ebft xu\u1ea5t t\u1eeb Theobroma cacao gi\u00e0u theobromine. Ph\u00e2n t\u1eed n\u00e0y \u0111\u00e3 \u0111\u01b0\u1ee3c ch\u1ee9ng minh gi\u00fap \u1ee9c ch\u1ebf m\u1ed9t s\u1ed1 enzyme nh\u1ea5t \u0111\u1ecbnh trong c\u00e1c t\u1ebf b\u00e0o m\u1ee1. S\u1ef1 \u1ee9c ch\u1ebf enzyme n\u00e0y ph\u00e1 v\u1ee1 ch\u1ea5t b\u00e9o n\u0103ng \u0111\u1ed9ng gi\u00fap cho c\u01a1 th\u1ec3 thon g\u1ecdn v\u00e0 l\u00e0n da m\u1ecbn m\u00e0ng.<\/p>\n<p style=\"text-align: justify;\">&#8211; Chi\u1ebft xu\u1ea5t Chrysanthellum indicum t\u1eeb hoa c\u00fac v\u00e0ng, m\u1ed9t lo\u1ea1i hoa c\u00fac d\u1ea1i c\u00f3 ngu\u1ed3n g\u1ed1c t\u1eeb Nam M\u1ef9 . Chi\u1ebft xu\u1ea5t n\u00e0y gi\u00fap ng\u0103n ch\u1eb7n s\u1ef1 t\u1ea5n c\u00f4ng c\u1ee7a c\u00e1c g\u1ed1c t\u1ef1 do c\u00f3 t\u00e1c d\u1ee5ng l\u00e0m d\u1ecbu da. K\u1ebft qu\u1ea3 th\u1eed nghi\u1ec7m cho th\u1ea5y nh\u1eefng chi\u1ebft xu\u1ea5t n\u00e0y ng\u0103n ch\u1eb7n ho\u1ea1t \u0111\u1ed9ng c\u1ee7a c\u00e1c kh\u1ed1i c\u01a1 quan l\u01b0u tr\u1eef ch\u1ea5t b\u00e9o.\u00a0V\u00ec v\u1eady, kh\u1ea3 n\u0103ng l\u01b0u tr\u1eef ch\u1ea5t b\u00e9o c\u1ee7a c\u00e1c t\u1ebf b\u00e0o c\u0169ng b\u1ecb ch\u1eb7n, cho ph\u00e9p ph\u00e1 v\u1ee1 c\u00e1c ch\u1ea5t b\u00e9o ho\u1eb7c ph\u00e2n gi\u1ea3i lipit.<\/p>\n<p style=\"text-align: justify;\">V\u1edbi nh\u1eefng \u01b0u \u0111i\u1ec3m n\u1ed5i b\u1eadt tr\u00ean,\u00a0<span style=\"color: #0000ff;\"><strong>b\u1ed9 sp Ageloc Galvanic Body Spa<\/strong><\/span>\u00a0ch\u00ednh l\u00e0 m\u1ed9t chi\u1ebfc m\u00e1y l\u00ed t\u01b0\u1edfng d\u00e0nh cho ch\u1ecb em ph\u1ee5 n\u1eef hi\u1ec7n \u0111\u1ea1i m\u00e0 t\u1eadp \u0111o\u00e0n Nuskin mang l\u1ea1i.\u00a0N\u1ebfu c\u00f3 b\u1ea5t c\u1ee9 th\u00f4ng tin th\u1eafc m\u1eafc v\u1ec1 s\u1ea3n ph\u1ea9m c\u0169ng nh\u01b0 gi\u00e1 c\u1ea3, h\u00e3y li\u00ean l\u1ea1c v\u1edbi \u0111\u1ed9i ng\u0169 t\u01b0 v\u1ea5n \u0111\u1ea7y chuy\u00ean m\u00f4n c\u1ee7a ch\u00fang t\u00f4i \u0111\u1ec3 \u0111\u01b0\u1ee3c t\u01b0 v\u1ea5n nhanh nh\u1ea5t.<\/p>\n<p><img loading=\"lazy\" class=\"aligncenter wp-image-1625 size-full\" src=\"https:\/\/tuongvibeauty.com\/wp-content\/uploads\/2019\/06\/img_0069_grande.jpg\" alt=\"\" width=\"450\" height=\"600\" srcset=\"https:\/\/tuongvibeauty.com\/wp-content\/uploads\/2019\/06\/img_0069_grande.jpg 450w, https:\/\/tuongvibeauty.com\/wp-content\/uploads\/2019\/06\/img_0069_grande-225x300.jpg 225w\" sizes=\"(max-width: 450px) 100vw, 450px\" \/><\/p>\n<p>&nbsp;<\/p>\n<p>&nbsp;<\/p>\n<p>&nbsp;<\/p>\n<p>&nbsp;<\/p>\n<p>&nbsp;<\/p>\n<p>&nbsp;<\/p>\n<p>&nbsp;<\/p>\n<p>&nbsp;<\/p>\n<p>&nbsp;<\/p>\n<p>&nbsp;<\/p>\n<p>&nbsp;<\/p>\n<p>&nbsp;<\/p>\n<p>&nbsp;<\/p>\n","protected":false},"excerpt":{"rendered":"<p>B\u1ed9 s\u1ea3n ph\u1ea9m ageloc galvanic body spa\u00a0gi\u00fap x\u00f3a tan l\u01b0\u1ee3ng m\u1ee1 d\u01b0 th\u1eeba tr\u00ean c\u01a1 th\u1ec3, t\u1ea1o s\u1ef1 s\u0103n ch\u1eafc cho c\u01a1 b\u1ee5ng, \u0111\u1eb7c bi\u1ec7t gi\u00fap b\u1ea1n nhanh ch\u00f3ng l\u1ea5y l\u1ea1i \u0111\u01b0\u1ee3c v\u00f3c d\u00e1ng thon th\u1ea3 m\u00e0 kh\u00f4ng ph\u1ea3i t\u1ed1n s\u1ee9c cho vi\u1ec7c luy\u1ec7n t\u1eadp qu\u00e1 \u0111\u1ed9 hay \u0103n u\u1ed1ng ki\u00eang khem. Ch\u1ec9 v\u1edbi kho\u1ea3ng [&#8230;]\n","protected":false},"featured_media":1622,"comment_status":"open","ping_status":"closed","template":"","meta":[],"_links":{"self":[{"href":"https:\/\/tuongvibeauty.com\/index.php?rest_route=\/wp\/v2\/product\/1620"}],"collection":[{"href":"https:\/\/tuongvibeauty.com\/index.php?rest_route=\/wp\/v2\/product"}],"about":[{"href":"https:\/\/tuongvibeauty.com\/index.php?rest_route=\/wp\/v2\/types\/product"}],"replies":[{"embeddable":true,"href":"https:\/\/tuongvibeauty.com\/index.php?rest_route=%2Fwp%2Fv2%2Fcomments&post=1620"}],"wp:featuredmedia":[{"embeddable":true,"href":"https:\/\/tuongvibeauty.com\/index.php?rest_route=\/wp\/v2\/media\/1622"}],"wp:attachment":[{"href":"https:\/\/tuongvibeauty.com\/index.php?rest_route=%2Fwp%2Fv2%2Fmedia&parent=1620"}],"curies":[{"name":"wp","href":"https:\/\/api.w.org\/{rel}","templated":true}]}}