{"id":1611,"date":"2019-06-28T18:45:07","date_gmt":"2019-06-28T11:45:07","guid":{"rendered":"https:\/\/tuongvibeauty.com\/?post_type=product&#038;p=1611"},"modified":"2019-07-01T08:44:01","modified_gmt":"2019-07-01T01:44:01","slug":"bo-san-pham-cham-soc-da-cao-cap-nuskin-ageloc-me-ageloc-galvanic-face-spa-tru-face-line-corrector","status":"publish","type":"product","link":"https:\/\/tuongvibeauty.com\/?product=bo-san-pham-cham-soc-da-cao-cap-nuskin-ageloc-me-ageloc-galvanic-face-spa-tru-face-line-corrector","title":{"rendered":"B\u1ed9 s\u1ea3n ph\u1ea9m ch\u0103m s\u00f3c da cao c\u1ea5p Nuskin (ageloc me \u2013 ageloc galvanic face spa \u2013 tru face line corrector)"},"content":{"rendered":"<p style=\"text-align: justify;\"><strong>T\u00ecm hi\u1ec3u v\u1ec1 b\u1ed9 s\u1ea3n ph\u1ea9m ch\u0103m s\u00f3c da cao c\u1ea5p Nuskin (ageloc me \u2013 ageloc galvanic face spa \u2013 tru face line corrector)<\/strong><\/p>\n<p style=\"text-align: justify;\">Vi\u1ec7c ch\u0103m s\u00f3c s\u1ee9c kh\u1ecfe c\u0169ng nh\u01b0 nhan s\u1eafc l\u00e0 m\u1ed9t vi\u1ec7c l\u00e0m kh\u00f4ng th\u1ec3 thi\u1ebfu v\u1edbi t\u1ea5t c\u1ea3 m\u1ecdi ng\u01b0\u1eddi, nh\u1ea5t l\u00e0 ph\u00e1i \u0111\u1eb9p. T\u01b0\u1edbc nhi\u1ec1u l\u1ef1a ch\u1ecdn cho vi\u1ec7c ch\u0103m s\u00f3c cho l\u00e0n sau \u0111\u1eb9p hi\u1ec7n nay,\u00a0<strong>b\u1ed9 s\u1ea3n ph\u1ea9m ch\u0103m s\u00f3c da cao c\u1ea5p Nuskin (ageLOC ME \u2013 ageLOC Galvanic Face Spa \u2013 Tru Face Line Corrector)<\/strong>\u00a0\u0111\u01b0\u1ee3c coi nh\u01b0 m\u1ed9t b\u1ed9 s\u1ea3n ph\u1ea9m to\u00e0n n\u0103ng trong vi\u1ec7c ch\u0103m s\u00f3c da m\u1eb7t v\u00e0 c\u1ea3i thi\u1ec7n s\u1ef1 l\u00e3o h\u00f3a c\u1ee7a ph\u1ee5 n\u1eef khi b\u01b0\u1edbc v\u00e0o tu\u1ed5i trung ni\u00ean<\/p>\n<p><img loading=\"lazy\" class=\"aligncenter wp-image-1612 size-full\" src=\"https:\/\/tuongvibeauty.com\/wp-content\/uploads\/2019\/06\/b_-400pv-galvanic-agelocme_grande.jpg\" alt=\"\" width=\"480\" height=\"480\" srcset=\"https:\/\/tuongvibeauty.com\/wp-content\/uploads\/2019\/06\/b_-400pv-galvanic-agelocme_grande.jpg 480w, https:\/\/tuongvibeauty.com\/wp-content\/uploads\/2019\/06\/b_-400pv-galvanic-agelocme_grande-150x150.jpg 150w, https:\/\/tuongvibeauty.com\/wp-content\/uploads\/2019\/06\/b_-400pv-galvanic-agelocme_grande-300x300.jpg 300w, https:\/\/tuongvibeauty.com\/wp-content\/uploads\/2019\/06\/b_-400pv-galvanic-agelocme_grande-100x100.jpg 100w\" sizes=\"(max-width: 480px) 100vw, 480px\" \/><\/p>\n<h2 style=\"text-align: justify;\"><strong>C\u00d3 G\u00cc TRONG B\u1ed8 S<\/strong><strong>\u1ea2N PH\u1ea8M<\/strong><strong>\u00a0CH\u0102M S\u00d3C DA CAO C\u1ea4P NUSKIN ?<\/strong><\/h2>\n<p style=\"text-align: justify;\">V\u1ebb \u0111\u1eb9p t\u1ef1 tin nh\u1ea5t c\u1ee7a m\u1ed7i ng\u01b0\u1eddi \u0111\u00f3 l\u00e0 n\u1eb1m \u1edf ch\u00ednh b\u1ea3n th\u00e2n ng\u01b0\u1eddi \u0111\u00f3 v\u00e0 \u0111\u01b0\u1ee3c l\u00e0m ch\u1ee7 ch\u00ednh m\u00ecnh. M\u1ed7i c\u00e1 nh\u00e2n l\u00e0 nh\u1eefng c\u00e1 th\u1ec3 duy nh\u1ea5t trong h\u1ec7 v\u0169 tr\u1ee5. Th\u1eadt \u00fd ngh\u0129a khi b\u1ea1n c\u00f3 th\u1ec3 ki\u1ec3m so\u00e1t v\u00e0 l\u00e0m ch\u1ee7 \u0111\u01b0\u1ee3c m\u1ecdi th\u1ee9 xung quanh b\u1ea3n th\u00e2n m\u00ecnh.<\/p>\n<p style=\"text-align: justify;\">H\u00e3y t\u01b0\u1edfng t\u01b0\u1ee3ng vi\u1ec7c ch\u0103m s\u00f3c da ch\u1ed1ng l\u00e3o h\u00f3a khi b\u1eaft \u0111\u1ea7u b\u01b0\u1edbc v\u00e0o \u0111\u1ed9 tu\u1ed5i trung ni\u00ean c\u0169ng \u0111\u1eb7c bi\u1ec7t nh\u01b0 l\u00e0 ch\u00ednh b\u1ea3n th\u00e2n b\u1ea1n.<\/p>\n<p style=\"text-align: justify;\">Hi\u1ec7n nay v\u1edbi tr\u00ecnh \u0111\u1ed9 khoa h\u1ecdc c\u00f4ng ngh\u1ec7 ti\u00ean ti\u1ebfn v\u01b0\u1ee3t b\u1eadc v\u00e0 nghi\u00ean c\u1ee9u nh\u1eefng c\u00f4ng th\u1ee9c \u0111\u1eb7c bi\u1ec7t \u0111\u1ed9t ph\u00e1 trong vi\u1ec7c ch\u1ed1ng l\u00e3o h\u00f3a, vi\u1ec7c n\u00e0y \u0111\u00e3 tr\u1edf n\u00ean hi\u1ec7n th\u1ef1c b\u1eb1ng\u00a0<strong>b\u1ed9 s\u1ea3n ph\u1ea9m ch\u0103m s\u00f3c da cao c\u1ea5p Nuskin (ageLOC ME \u2013 ageLOC Galvanic Face Spa \u2013 Tru Face Line Corrector).<\/strong><\/p>\n<p style=\"text-align: justify;\">G\u00f3i s\u1ea3n ph\u1ea9m ch\u0103m s\u00f3c da ti\u00eau chu\u1ea9n ageLOC Me s\u1ebd bao g\u1ed3m 1 b\u1ed9 s\u1ea3n ph\u1ea9m d\u01b0\u1ee1ng da ti\u00eau chu\u1ea9n. 5 h\u1ed9p s\u1ea3n ph\u1ea9m d\u01b0\u1ee1ng da ti\u00eau chu\u1ea9n ban \u0111\u1ea7u s\u1ebd gi\u00fap b\u1ea1n c\u00f3 th\u1ec3 t\u00ecm hi\u1ec3u v\u1ec1 l\u00e0n da m\u00ecnh, c\u0169ng nh\u01b0 nh\u1eefng y\u00eau c\u1ea7u \u0111\u1eb7c th\u00f9 c\u1ee7a l\u00e0n da.<\/p>\n<p style=\"text-align: justify;\">\u0110\u00e2y s\u1ebd l\u00e0 c\u01a1 s\u1edf \u0111\u1ec3 b\u1ea1n tham kh\u1ea3o khi s\u1eed d\u1ee5ng \u1ee8ng D\u1ee5ng \u0110\u00e1nh Gi\u00e1 Da.V\u1edbi b\u1ed9 s\u1ea3n ph\u1ea9m ch\u0103m s\u00f3c da ti\u00eau chu\u1ea9n, l\u00e0n da c\u1ee7a b\u1ea1n s\u1ebd \u0111\u01b0\u1ee3c cung c\u1ea5p \u0111\u1ed9 \u1ea9m c\u1ea7n thi\u1ebft, gi\u00fap l\u00e0n da s\u1eb5n s\u00e0ng kh\u1edfi \u0111\u1ed9ng, ti\u1ebfp thu t\u1ed1i \u01b0u d\u01b0\u1ee1ng ch\u1ea5t t\u1ea1i c\u00e1c b\u01b0\u1edbc ch\u0103m s\u00f3c chuy\u00ean s\u00e2u ti\u1ebfp theo.<\/p>\n<p>&nbsp;<\/p>\n<p><img loading=\"lazy\" class=\"aligncenter wp-image-1304 size-full\" src=\"https:\/\/tuongvibeauty.com\/wp-content\/uploads\/2019\/06\/ageloc2__1__grande.jpg\" alt=\"\" width=\"600\" height=\"600\" srcset=\"https:\/\/tuongvibeauty.com\/wp-content\/uploads\/2019\/06\/ageloc2__1__grande.jpg 600w, https:\/\/tuongvibeauty.com\/wp-content\/uploads\/2019\/06\/ageloc2__1__grande-150x150.jpg 150w, https:\/\/tuongvibeauty.com\/wp-content\/uploads\/2019\/06\/ageloc2__1__grande-300x300.jpg 300w, https:\/\/tuongvibeauty.com\/wp-content\/uploads\/2019\/06\/ageloc2__1__grande-100x100.jpg 100w\" sizes=\"(max-width: 600px) 100vw, 600px\" \/><\/p>\n<h3 style=\"text-align: justify;\"><strong>C\u00c1C \u0110\u1eb6C \u0110I\u1ec2M CH\u00cdNH C\u1ee6A\u00a0<\/strong><strong>B\u1ed8 SP CH\u0102M S\u00d3C DA CAO C\u1ea4P NUSKIN (AGELOC ME \u2013 AGELOC GALVANIC FACE SPA \u2013 TRU FACE LINE CORRECTOR)<\/strong><\/h3>\n<p style=\"text-align: justify;\">Ch\u1ebf \u0111\u1ed9 ch\u0103m s\u00f3c da c\u00f3 th\u1ec3 t\u00f9y ch\u1ec9nh: \u00a0th\u1ef1c hi\u1ec7n ch\u01b0\u01a1ng tr\u00ecnh th\u1ea9m \u0111\u1ecbnh da c\u1ee7a\u00a0<strong>b\u1ed9 sp ch\u0103m s\u00f3c da cao c\u1ea5p Nuskin (ageLOC ME \u2013 ageLOC Galvanic Face Spa \u2013 Tru Face Line Corrector)\u00a0<\/strong>\u0111\u1ec3 t\u00f9y ch\u1ec9nh b\u1ed9 s\u1ea3n ph\u1ea9m d\u1ef1a v\u00e0o nh\u1eefng nhu c\u1ea7u v\u00e0 \u01b0u ti\u00ean tr\u00ean l\u00e0n da, v\u00e0 sau \u0111\u00f3 nh\u1eadn m\u1ed9t m\u00e3 s\u1ed1 ch\u0103m s\u00f3c da ri\u00eang cho c\u00e1 nh\u00e2n ng\u01b0\u1eddi s\u1eed d\u1ee5ng.<\/p>\n<p style=\"text-align: justify;\">Cung c\u1ea5p th\u00f4ng minh : c\u00f3 nhi\u1ec1u l\u1ef1a ch\u1ecdn cung c\u1ea5p kh\u00e1c nhau v\u00e0 29 ng\u00f4n ng\u1eef gi\u00fap b\u1ea1n t\u00f9y ch\u1ec9nh tr\u1ea3i nghi\u1ec7m c\u1ee7a m\u00ecnh.<\/p>\n<p style=\"text-align: justify;\">T\u00f9y ch\u1ec9nh li\u00ean t\u1ee5c: Ng\u01b0\u1eddi d\u00f9ng c\u00f3 th\u1ec3 s\u1eed d\u1ee5ng ch\u01b0\u01a1ng tr\u00ecnh th\u1ea9m \u0111\u1ecbnh da ageLOC Me th\u01b0\u1eddng xuy\u00ean. B\u1ed9 s\u1ea3n ph\u1ea9m c\u00f3 ch\u1ee9a m\u1ed9t b\u1ed9 s\u1ea3n ph\u1ea9m tham kh\u1ea3o cho ng\u01b0\u1eddi m\u1edbi s\u1eed d\u1ee5ng l\u1ea7n \u0111\u1ea7u ti\u00ean, \u0111\u00f3 l\u00e0 b\u1ed9 s\u1ea3n ph\u1ea9m l\u00fac \u0111\u1ea7u c\u1ee7a ageLOC Me.<\/p>\n<p style=\"text-align: justify;\">Ng\u01b0\u1eddi d\u00f9ng c\u00f3 th\u1ec3 s\u1eed d\u1ee5ng nh\u1eefng s\u1ea3n ph\u1ea9m n\u00e0y trong hai tu\u1ea7n \u0111\u1ea7u ti\u00ean \u0111\u1ec3 tr\u1ea3i nghi\u1ec7m c\u1ea3m gi\u00e1c v\u00e0 nh\u1eefng l\u1ee3i \u00edch c\u1ee7a ch\u00fang. Sau \u0111\u00f3, s\u1eed d\u1ee5ng ch\u00fang v\u1edbi m\u1ee5c \u0111\u00edch tham kh\u1ea3o khi b\u1ea1n th\u1ef1c hi\u1ec7n ch\u01b0\u01a1ng tr\u00ecnh th\u1ea9m \u0111\u1ecbnh l\u00e0n da ageLOC Me \u0111\u1ec3 t\u00f9y ch\u1ec9nh nhi\u1ec1u h\u01a1n ch\u1ebf \u0111\u1ed9 ch\u0103m s\u00f3c da c\u1ee7a m\u00ecnh.<\/p>\n<p style=\"text-align: justify;\">Vi\u1ec7c th\u1ea9m \u0111\u1ecbnh l\u00e0n da c\u1ee7a ageLOC Me s\u1ebd gi\u00fap b\u1ea1n x\u00e1c \u0111\u1ecbnh r\u00f5 nhu c\u1ea7u c\u1ee7a l\u00e0n da qua lo\u1ea1t c\u00e1c c\u00e2u h\u1ecfi v\u1ec1 m\u00f4i tr\u01b0\u1eddng, khu v\u1ef1c, t\u00ednh ch\u1ea5t da, nh\u1eefng lo ng\u1ea1i c\u00e1 nh\u00e2n v\u1ec1 l\u00e3o h\u00f3a v\u00e0 tham kh\u1ea3o v\u1ec1 m\u1ee9c \u0111\u1ed9 c\u1ee7a s\u1ef1 d\u01b0\u1ee1ng \u1ea9m. Sau khi ho\u00e0n th\u00e0nh vi\u1ec7c th\u1ea9m \u0111\u1ecbnh, b\u1ea1n s\u1ebd nh\u1eadn \u0111\u01b0\u1ee3c m\u1ed9t m\u1eadt m\u00e3 ch\u0103m s\u00f3c da c\u00e1 nh\u00e2n<\/p>\n<p style=\"text-align: justify;\">Tr\u1ea3i nghi\u1ec7m ch\u1ebf \u0111\u1ed9 ch\u0103m s\u00f3c da \u0111\u01b0\u1ee3c t\u00f9y ch\u1ec9nh c\u1ee7a b\u1ea1n: \u0110\u1eb7t mua b\u1ed9 s\u1ea3n ph\u1ea9m \u0111\u01b0\u1ee3c t\u00f9y ch\u1ec9nh v\u1edbi m\u00e3 s\u1ed1 ch\u0103m s\u00f3c da c\u00e1 nh\u00e2n. Cho ch\u00fang t\u00f4i bi\u1ebft v\u1ec1 b\u1ea1n, l\u00e0n da, v\u00e0 nh\u1eefng s\u1ef1 \u01b0u ti\u00ean v\u00e0 \u0111\u01b0\u1ee3c k\u1ebft h\u1ee3p v\u1edbi chuy\u00ean m\u00f4n trong \u0111\u1ed5i m\u1edbi khoa h\u1ecdc ch\u1ed1ng l\u00e3o h\u00f3a c\u1ee7a ch\u00fang t\u00f4i, ch\u00fang t\u00f4i t\u1ea1o ra ch\u1ebf \u0111\u1ed9 ch\u0103m s\u00f3c da ch\u1ec9 d\u00e0nh cho b\u1ea1n.<\/p>\n<p><img loading=\"lazy\" class=\"aligncenter wp-image-1295 size-full\" src=\"https:\/\/tuongvibeauty.com\/wp-content\/uploads\/2019\/06\/gal_grande.jpg\" alt=\"\" width=\"600\" height=\"600\" srcset=\"https:\/\/tuongvibeauty.com\/wp-content\/uploads\/2019\/06\/gal_grande.jpg 600w, https:\/\/tuongvibeauty.com\/wp-content\/uploads\/2019\/06\/gal_grande-150x150.jpg 150w, https:\/\/tuongvibeauty.com\/wp-content\/uploads\/2019\/06\/gal_grande-300x300.jpg 300w, https:\/\/tuongvibeauty.com\/wp-content\/uploads\/2019\/06\/gal_grande-100x100.jpg 100w\" sizes=\"(max-width: 600px) 100vw, 600px\" \/><\/p>\n<h4 style=\"text-align: justify;\"><strong>L\u1ee2I \u00cdCH C\u1ee6A B\u1ed8 S\u1ea2N PH\u1ea8M CH\u0102M S\u00d3C DA CAO C\u1ea4P<\/strong><\/h4>\n<p style=\"text-align: justify;\">Khi nh\u1eadn \u0111\u01b0\u1ee3c b\u1ed9 s\u1ea3n ph\u1ea9m \u0111\u01b0\u1ee3c t\u00f9y ch\u1ec9nh c\u1ee7a b\u1ea1n, h\u00e3y b\u1eaft \u0111\u1ea7u s\u1eed d\u1ee5ng ngay. C\u0169ng gi\u1ed1ng nh\u01b0 b\u1ed9 s\u1ea3n ph\u1ea9m tham kh\u1ea3o, b\u1ed9 s\u1ea3n ph\u1ea9m \u0111\u01b0\u1ee3c t\u00f9y ch\u1ec9nh c\u00f3 ba huy\u1ebft thanh, kem \u1ea9m ban ng\u00e0y v\u00e0 ban \u0111\u00eam. Nh\u1eefng huy\u1ebft thanh v\u00e0 kem d\u01b0\u1ee1ng \u1ea9m ageLOC Me m\u1ea1nh m\u1ebd ch\u1ee9a nh\u1eefng c\u00f4ng th\u1ee9c ch\u0103m s\u00f3c da ch\u1ed1ng l\u00e3o h\u00f3a tinh vi nh\u1ea5t hi\u1ec7n nay c\u1ee7a Nu Skin.<\/p>\n<p style=\"text-align: justify;\">B\u1ea1n c\u00f3 th\u1ec3 l\u00e0m l\u1ea1i ph\u1ea7n th\u1ea9m \u0111\u1ecbnh l\u00e0n da c\u1ee7a ageLOC Me nhi\u1ec1u l\u1ea7n. B\u1ea1n c\u00f3 th\u1ec3 t\u00ecm th\u1ea5y s\u1ef1 k\u1ebft h\u1ee3p h\u1ee3p l\u00fd cho m\u00f9a xu\u00e2n v\u00e0 h\u00e8, sau \u0111\u00f3 mu\u1ed1n \u0111i\u1ec1u ch\u1ec9nh l\u1ea1i cho m\u00f9a thu v\u00e0 \u0111\u00f4ng. Kh\u00f4ng c\u00f3 gi\u1edbi h\u1ea1n s\u1ed1 l\u1ea7n cho vi\u1ec7c th\u1ea9m \u0111\u1ecbnh l\u00e0n da c\u1ee7a b\u1ea1n.<\/p>\n<p style=\"text-align: justify;\">N\u0103m s\u1ea3n ph\u1ea9m \u0111\u1eb7c bi\u1ec7t m\u1ea1nh m\u1ebd trong m\u1ed9t thi\u1ebft b\u1ecb cung c\u1ea5p th\u00f4ng minh v\u00e0 h\u1ee3p v\u1ec7 sinh. B\u1ed9 s\u1ea3n ph\u1ea9m\u00a0<strong>b\u1ed9 sp ch\u0103m s\u00f3c da cao c\u1ea5p Nuskin (ageLOC ME \u2013 ageLOC Galvanic Face Spa \u2013 Tru Face Line Corrector)\u00a0<\/strong>gi\u00fap b\u1ea1n g\u1eafn b\u00f3 v\u1edbi th\u00f3i quen ch\u0103m s\u00f3c l\u00e0n da vui v\u1ebb v\u00e0 d\u1ec5 d\u00e0ng. T\u00f9y bi\u1ebfn v\u00e0 \u0111\u01a1n gi\u1ea3n h\u00f3a th\u00f3i quen ch\u0103m s\u00f3c da h\u00e0ng ng\u00e0y c\u1ee7a b\u1ea1n, gi\u00fap n\u00f3 thu\u1eadn ti\u1ec7n h\u01a1n.<\/p>\n<p style=\"text-align: justify;\">Cung c\u1ea5p m\u1ed9t li\u1ec1u ch\u00ednh x\u00e1c hai l\u1ea7n m\u1ed7i ng\u00e0y. C\u00f3 n\u0103m ch\u1ebf \u0111\u1ed9 cung c\u1ea5p s\u1ea3n ph\u1ea9m c\u00f3 th\u1ec3 t\u00f9y ch\u1ec9nh, bao g\u1ed3m, b\u00e1n t\u1ef1 \u0111\u1ed9ng, t\u1ef1 \u0111\u1ed9ng, theo y\u00eau c\u1ea7u, du l\u1ecbch v\u00e0 ch\u1ebf \u0111\u1ed9 s\u1eed d\u1ee5ng m\u1ed9t l\u1ea7n. Ngo\u00e0i ra c\u00f2n c\u00f3 t\u00ednh n\u0103ng c\u1ea3nh b\u00e1o li\u1ec1u d\u00f9ng c\u00f2n l\u1ea1i. V\u00ec v\u1eady b\u1ea1n s\u1ebd bi\u1ebft \u0111\u01b0\u1ee3c l\u01b0\u1ee3ng s\u1ea3n ph\u1ea9m c\u00f2n l\u1ea1i bao nhi\u00eau. B\u1ea1n c\u0169ng c\u00f3 th\u1ec3 \u0111\u0103ng k\u00fd \u0111\u1ec3 t\u1ef1 \u0111\u1ed9ng nh\u1eadn nh\u1eefng s\u1ea3n ph\u1ea9m m\u1edbi.<\/p>\n<p><img loading=\"lazy\" class=\"aligncenter wp-image-1613 size-full\" src=\"https:\/\/tuongvibeauty.com\/wp-content\/uploads\/2019\/06\/galvanic_spa_-_3_8eb367921c094bd99028b4e6592fe911_grande.jpg\" alt=\"\" width=\"600\" height=\"600\" srcset=\"https:\/\/tuongvibeauty.com\/wp-content\/uploads\/2019\/06\/galvanic_spa_-_3_8eb367921c094bd99028b4e6592fe911_grande.jpg 600w, https:\/\/tuongvibeauty.com\/wp-content\/uploads\/2019\/06\/galvanic_spa_-_3_8eb367921c094bd99028b4e6592fe911_grande-150x150.jpg 150w, https:\/\/tuongvibeauty.com\/wp-content\/uploads\/2019\/06\/galvanic_spa_-_3_8eb367921c094bd99028b4e6592fe911_grande-300x300.jpg 300w, https:\/\/tuongvibeauty.com\/wp-content\/uploads\/2019\/06\/galvanic_spa_-_3_8eb367921c094bd99028b4e6592fe911_grande-100x100.jpg 100w\" sizes=\"(max-width: 600px) 100vw, 600px\" \/><\/p>\n<h4 style=\"text-align: justify;\"><strong>C\u00c1CH S\u1eec D\u1ee4NG B\u1ed8 SP CH\u0102M S\u00d3C DA CAO C\u1ea4P NUSKIN (AGELOC ME \u2013 AGELOC GALVANIC FACE SPA \u2013 TRU FACE LINE CORRECTOR).<\/strong><\/h4>\n<p style=\"text-align: justify;\">C\u00e1ch s\u1eed d\u1ee5ng\u00a0<strong>b\u1ed9 sp ch\u0103m s\u00f3c da cao c\u1ea5p Nuskin (ageLOC ME \u2013 ageLOC Galvanic Face Spa \u2013 Tru Face Line Corrector) :<\/strong><\/p>\n<p style=\"text-align: justify;\">B\u01b0\u1edbc 1: B\u1eaft \u0111\u1ea7u v\u1edbi s\u1eefa r\u1eeda m\u1eb7t v\u00e0 c\u00e2n b\u1eb1ng hoa h\u1ed3ng ageLOC Gentle Cleanse &amp; Tone. B\u01b0\u1edbc 2: D\u00f9ng m\u00e1y ch\u0103m s\u00f3c da Galvanic Spa.<\/p>\n<p style=\"text-align: justify;\">B\u01b0\u1edbc 3: S\u1eed d\u1ee5ng c\u00e1c thi\u1ebft b\u1ecb ageLOC Me v\u1edbi b\u01b0\u1edbc \u0111\u1ea7u ti\u00ean l\u00e0 serums. B\u01b0\u1edbc 4: Sau \u0111\u00f3 b\u1ea1n c\u00f3 th\u1ec3 d\u00f9ng th\u00eam c\u00e1c lo\u1ea1i s\u1ea3n ph\u1ea9m kh\u00e1c tu\u1ef3 theo nhu c\u1ea7u c\u00e1 nh\u00e2n c\u1ee7a b\u1ea1n. B\u01b0\u1edbc 5: K\u1ebft th\u00fac v\u1edbi thi\u1ebft b\u1ecb ageLOC Me l\u00e0 d\u01b0\u1ee1ng ng\u00e0y hay \u0111\u00eam.<\/p>\n<p style=\"text-align: justify;\">V\u1edbi nh\u1eefng \u01b0u \u0111i\u1ec3m n\u1ed5i b\u1eadt tr\u00ean,\u00a0<strong>b\u1ed9 sp ch\u0103m s\u00f3c da cao c\u1ea5p Nuskin (ageLOC ME \u2013 ageLOC Galvanic Face Spa \u2013 Tru Face Line Corrector)<\/strong>\u00a0ch\u00ednh l\u00e0 m\u1ed9t chi\u1ebfc m\u00e1y l\u00ed t\u01b0\u1edfng d\u00e0nh cho ch\u1ecb em ph\u1ee5 n\u1eef hi\u1ec7n \u0111\u1ea1i, mang \u0111\u1ebfn m\u1ed9t ch\u1ebf \u0111\u1ed9 ch\u0103m s\u00f3c dinh d\u01b0\u1ee1ng cho da tuy\u1ec7t v\u1eddi nh\u1ea5t cho ph\u00e1i \u0111\u1eb9p m\u00e0 t\u1eadp \u0111o\u00e0n Nuskin mang l\u1ea1i.<\/p>\n<p style=\"text-align: justify;\">N\u1ebfu c\u00f3 b\u1ea5t c\u1ee9 th\u00f4ng tin th\u1eafc m\u1eafc v\u1ec1 s\u1ea3n ph\u1ea9m c\u0169ng nh\u01b0 gi\u00e1 c\u1ea3, h\u00e3y li\u00ean l\u1ea1c v\u1edbi \u0111\u1ed9i ng\u0169 t\u01b0 v\u1ea5n \u0111\u1ea7y chuy\u00ean m\u00f4n c\u1ee7a ch\u00fang t\u00f4i \u0111\u1ec3 \u0111\u01b0\u1ee3c t\u01b0 v\u1ea5n nhanh nh\u1ea5t.<\/p>\n<p><img loading=\"lazy\" class=\"aligncenter wp-image-1614 size-full\" src=\"https:\/\/tuongvibeauty.com\/wp-content\/uploads\/2019\/06\/z9_8__grande.jpg\" alt=\"\" width=\"600\" height=\"400\" srcset=\"https:\/\/tuongvibeauty.com\/wp-content\/uploads\/2019\/06\/z9_8__grande.jpg 600w, https:\/\/tuongvibeauty.com\/wp-content\/uploads\/2019\/06\/z9_8__grande-300x200.jpg 300w\" sizes=\"(max-width: 600px) 100vw, 600px\" \/><\/p>\n<p>&nbsp;<\/p>\n<p>&nbsp;<\/p>\n<p>&nbsp;<\/p>\n<p>&nbsp;<\/p>\n<p>&nbsp;<\/p>\n<p>&nbsp;<\/p>\n<p>&nbsp;<\/p>\n<p>&nbsp;<\/p>\n<p>&nbsp;<\/p>\n<p>&nbsp;<\/p>\n<p>&nbsp;<\/p>\n","protected":false},"excerpt":{"rendered":"<p>T\u00ecm hi\u1ec3u v\u1ec1 b\u1ed9 s\u1ea3n ph\u1ea9m ch\u0103m s\u00f3c da cao c\u1ea5p Nuskin (ageloc me \u2013 ageloc galvanic face spa \u2013 tru face line corrector) Vi\u1ec7c ch\u0103m s\u00f3c s\u1ee9c kh\u1ecfe c\u0169ng nh\u01b0 nhan s\u1eafc l\u00e0 m\u1ed9t vi\u1ec7c l\u00e0m kh\u00f4ng th\u1ec3 thi\u1ebfu v\u1edbi t\u1ea5t c\u1ea3 m\u1ecdi ng\u01b0\u1eddi, nh\u1ea5t l\u00e0 ph\u00e1i \u0111\u1eb9p. T\u01b0\u1edbc nhi\u1ec1u l\u1ef1a ch\u1ecdn cho vi\u1ec7c [&#8230;]\n","protected":false},"featured_media":1612,"comment_status":"open","ping_status":"closed","template":"","meta":[],"_links":{"self":[{"href":"https:\/\/tuongvibeauty.com\/index.php?rest_route=\/wp\/v2\/product\/1611"}],"collection":[{"href":"https:\/\/tuongvibeauty.com\/index.php?rest_route=\/wp\/v2\/product"}],"about":[{"href":"https:\/\/tuongvibeauty.com\/index.php?rest_route=\/wp\/v2\/types\/product"}],"replies":[{"embeddable":true,"href":"https:\/\/tuongvibeauty.com\/index.php?rest_route=%2Fwp%2Fv2%2Fcomments&post=1611"}],"wp:featuredmedia":[{"embeddable":true,"href":"https:\/\/tuongvibeauty.com\/index.php?rest_route=\/wp\/v2\/media\/1612"}],"wp:attachment":[{"href":"https:\/\/tuongvibeauty.com\/index.php?rest_route=%2Fwp%2Fv2%2Fmedia&parent=1611"}],"curies":[{"name":"wp","href":"https:\/\/api.w.org\/{rel}","templated":true}]}}