{"id":1604,"date":"2019-06-28T18:36:23","date_gmt":"2019-06-28T11:36:23","guid":{"rendered":"https:\/\/tuongvibeauty.com\/?post_type=product&#038;p=1604"},"modified":"2019-07-01T08:44:18","modified_gmt":"2019-07-01T01:44:18","slug":"bo-san-pham-duong-da-ageloc-transformation","status":"publish","type":"product","link":"https:\/\/tuongvibeauty.com\/?product=bo-san-pham-duong-da-ageloc-transformation","title":{"rendered":"B\u1ed9 s\u1ea3n ph\u1ea9m d\u01b0\u1ee1ng da Ageloc Transformation"},"content":{"rendered":"<h1>B\u1ed9 s\u1ea3n ph\u1ea9m d\u01b0\u1ee1ng da Ageloc Transformation<\/h1>\n<p style=\"text-align: justify;\">Ch\u1ed1ng l\u00e3o h\u00f3a \u0111\u1ebfn t\u1eadn g\u1ed1c: ageLOC\u00ae Transformation\u00a0\u0111\u01b0\u1ee3c ph\u00e1t tri\u1ec3n v\u1edbi\u00a0c\u00f4ng ngh\u1ec7\u00a0ageLOC\u00ae t\u1eadp trung v\u00e0o c\u00e1c ngu\u1ed3n g\u1ed1c c\u01a1 b\u1ea3n c\u1ee7a l\u00e3o h\u00f3a \u2013 \u0111\u00f3 ch\u00ednh gen c\u1ee7a b\u1ea1n.<\/p>\n<p style=\"text-align: justify;\">S\u1ef1 k\u1ebft h\u1ee3p c\u1ee7a b\u1ed1n s\u1ea3n ph\u1ea9m h\u00e0ng \u0111\u1ea7u cung c\u1ea5p c\u00e1c k\u1ebft qu\u1ea3 ch\u1ed1ng l\u00e3o h\u00f3a r\u00f5 r\u1ec7t khi s\u1eed d\u1ee5ng ch\u0103m s\u00f3c da h\u00e0ng ng\u00e0y. Nh\u01b0 m\u1ed9t h\u1ec7 th\u1ed1ng,\u00a0b\u1ed1n s\u1ea3n ph\u1ea9m \u0111\u01b0\u1ee3c ph\u00e1t tri\u1ec3n theo c\u00e1c b\u01b0\u1edbc l\u00e0m s\u1ea1ch, s\u0103n ch\u1eafc, d\u01b0\u1ee1ng \u1ea9m v\u00e0 tr\u1ebb h\u00f3a l\u00e0n da, cho b\u1ea1n 8 c\u00e1ch nh\u00ecn v\u00e0 c\u1ea3m nh\u1eadn l\u00e0n da tr\u1ebb trung h\u01a1n, kh\u1ecfe m\u1ea1nh h\u01a1n cho h\u00f4m nay v\u00e0 mai sau.<\/p>\n<p><img loading=\"lazy\" class=\"aligncenter wp-image-1609 size-full\" src=\"https:\/\/tuongvibeauty.com\/wp-content\/uploads\/2019\/06\/ageloc_transformation_set_grande.jpg\" alt=\"\" width=\"600\" height=\"423\" srcset=\"https:\/\/tuongvibeauty.com\/wp-content\/uploads\/2019\/06\/ageloc_transformation_set_grande.jpg 600w, https:\/\/tuongvibeauty.com\/wp-content\/uploads\/2019\/06\/ageloc_transformation_set_grande-300x212.jpg 300w\" sizes=\"(max-width: 600px) 100vw, 600px\" \/><\/p>\n<h2><strong>T\u00e1c d\u1ee5ng ch\u1ed1ng l\u00e3o h\u00f3a c\u1ee7a b\u1ed9 s\u1ea3n ph\u1ea9m ch\u0103m s\u00f3c da cao c\u1ea5p Ageloc Transformation<\/strong><\/h2>\n<p>&nbsp;<\/p>\n<p><img loading=\"lazy\" class=\"aligncenter wp-image-1610 size-full\" src=\"https:\/\/tuongvibeauty.com\/wp-content\/uploads\/2019\/06\/b__s_n_ph_m_d__ng_da_ageloc_transformation_grande.jpg\" alt=\"\" width=\"500\" height=\"300\" srcset=\"https:\/\/tuongvibeauty.com\/wp-content\/uploads\/2019\/06\/b__s_n_ph_m_d__ng_da_ageloc_transformation_grande.jpg 500w, https:\/\/tuongvibeauty.com\/wp-content\/uploads\/2019\/06\/b__s_n_ph_m_d__ng_da_ageloc_transformation_grande-300x180.jpg 300w\" sizes=\"(max-width: 500px) 100vw, 500px\" \/><\/p>\n<p>B\u1ed9 s\u1ea3n ph\u1ea9m ch\u0103m s\u00f3c da cao c\u1ea5p Ageloc Transformation \u0111\u00f3ng m\u1ed9t vai tr\u00f2 trong vi\u1ec7c mang l\u1ea1i nh\u1eefng l\u1ee3i \u00edch cho da kh\u00e1c nhau, c\u00f9ng k\u1ebft h\u1ee3p \u0111\u1ec3 t\u1ea1o ra m\u1ed9t b\u1ed9 s\u1ea3n ph\u1ea9m ch\u1ed1ng l\u00e3o h\u00f3a cho da.<\/p>\n<p>&nbsp;<\/p>\n<p><img loading=\"lazy\" class=\"aligncenter wp-image-1606 size-full\" src=\"https:\/\/tuongvibeauty.com\/wp-content\/uploads\/2019\/06\/15e7c67ca92-cache-95x420.png\" alt=\"\" width=\"95\" height=\"420\" srcset=\"https:\/\/tuongvibeauty.com\/wp-content\/uploads\/2019\/06\/15e7c67ca92-cache-95x420.png 95w, https:\/\/tuongvibeauty.com\/wp-content\/uploads\/2019\/06\/15e7c67ca92-cache-95x420-68x300.png 68w\" sizes=\"(max-width: 95px) 100vw, 95px\" \/><\/p>\n<p><strong>\u00a0 \u00a0S\u1eecA R\u1eecA M\u1eb6T &amp; N\u01af\u1edaC HOA H\u1ed2NG D\u1ecaU NH\u1eb8 AGELOC GENTLE CLEANSE &amp; TONE<\/strong><\/p>\n<p>S\u1eeda r\u1eeda m\u1eb7t t\u1ea1o b\u1ecdt k\u1ebft h\u1ee3p hai ch\u1ee9c n\u0103ng l\u00e0m s\u1ea1ch b\u1ee5i b\u1ea9n v\u00e0 c\u00e2n b\u1eb1ng \u0111\u1ed9 \u1ea9m cho da ch\u1ec9 th\u1ef1c hi\u1ec7n trong m\u1ed9t b\u01b0\u1edbc duy nh\u1ea5t nh\u01b0ng v\u1eabn cung c\u1ea5p \u0111\u1ee7 cho da c\u00e1c th\u00e0nh ph\u1ea7n ch\u1ed1ng l\u00e3o h\u00f3a hi\u1ec7u qu\u1ea3. C\u00f4ng th\u1ee9c tuy\u1ec7t v\u1eddi c\u1ee7a b\u1ed9 s\u1ea3n ph\u1ea9m ageLOC mang l\u1ea1i cho l\u00e0n da c\u1ee7a b\u1ea1n m\u1ed9t c\u1ea3m gi\u00e1c m\u1ec1m m\u1ea1i, t\u01b0\u01a1i s\u00e1ng.<\/p>\n<p><img loading=\"lazy\" class=\"aligncenter wp-image-1605 size-full\" src=\"https:\/\/tuongvibeauty.com\/wp-content\/uploads\/2019\/06\/15e7c5f6689-cache-121x420.png\" alt=\"\" width=\"121\" height=\"420\" srcset=\"https:\/\/tuongvibeauty.com\/wp-content\/uploads\/2019\/06\/15e7c5f6689-cache-121x420.png 121w, https:\/\/tuongvibeauty.com\/wp-content\/uploads\/2019\/06\/15e7c5f6689-cache-121x420-86x300.png 86w\" sizes=\"(max-width: 121px) 100vw, 121px\" \/><\/p>\n<h4 class=\"productlanguage page\"><strong>\u00a0 \u00a0 \u00a0 \u00a0 \u00a0 \u00a0 \u00a0 \u00a0 \u00a0 \u00a0 \u00a0 \u00a0 \u00a0 \u00a0 \u00a0 \u00a0 \u00a0 \u00a0 \u00a0 \u00a0 \u00a0 \u00a0 \u00a0 \u00a0 \u00a0 \u00a0 \u00a0 \u00a0 TINH CH\u1ea4T D\u01af\u1ee0NG DA CH\u1ed0NG L\u00c3O H\u00d3A AGELOC FUTURE SERUM<\/strong><\/h4>\n<p>C\u00e1c th\u00e0nh ph\u1ea7n gi\u00fap gi\u1ea3m l\u00e3o h\u00f3a da hi\u1ec7u qu\u1ea3, gi\u00fap k\u00edch th\u00edch t\u00e1i t\u1ea1o c\u00e1c t\u1ebf b\u00e0o da trong v\u00e0i ng\u00e0y s\u1eed d\u1ee5ng. C\u00e1c th\u00e0nh ph\u1ea7n c\u1ee7a s\u1ea3n ph\u1ea9m s\u1ebd gi\u00fap k\u00edch th\u00edch s\u1ea3n sinh collagen. ageLOC Future Serum \u2013 cho b\u1ea1n v\u1ebb t\u01b0\u01a1i tr\u1ebb, r\u1ea1ng ng\u1eddi.<\/p>\n<p><img loading=\"lazy\" class=\"aligncenter wp-image-1608 size-full\" src=\"https:\/\/tuongvibeauty.com\/wp-content\/uploads\/2019\/06\/15e13872d37-cache-1-1.jpg\" alt=\"\" width=\"591\" height=\"752\" srcset=\"https:\/\/tuongvibeauty.com\/wp-content\/uploads\/2019\/06\/15e13872d37-cache-1-1.jpg 591w, https:\/\/tuongvibeauty.com\/wp-content\/uploads\/2019\/06\/15e13872d37-cache-1-1-236x300.jpg 236w\" sizes=\"(max-width: 591px) 100vw, 591px\" \/><\/p>\n<h4 class=\"productlanguage page\"><strong>\u00a0 \u00a0 \u00a0 \u00a0 \u00a0 \u00a0 \u00a0 \u00a0 \u00a0 \u00a0 \u00a0 \u00a0 \u00a0 \u00a0 \u00a0 \u00a0 \u00a0 \u00a0 \u00a0 \u00a0 \u00a0 \u00a0 \u00a0 \u00a0 \u00a0 \u00a0 \u00a0 KEM CH\u1ed0NG N\u1eaeNG &amp; D\u01af\u1ee0NG DA BAN NG\u00c0Y AGELOC RADIANT DAY SPF 22<\/strong><\/h4>\n<p>Ch\u1ee9a c\u00e1c th\u00e0nh ph\u1ea7n l\u00e0m gi\u1ea3m s\u1ef1 xu\u1ea5t hi\u1ec7n c\u1ee7a n\u1ebfp nh\u0103n v\u00e0 v\u1ebft ch\u00e2n chim. L\u00e0m s\u00e1ng, nu\u00f4i d\u01b0\u1ee1ng da v\u1edbi ageLOC Radiant Day SPF 22, \u0111\u1ed3ng th\u1eddi c\u00f3 t\u00e1c d\u1ee5ng l\u00e0m gi\u1ea3m \u0111\u00e1ng k\u1ec3 s\u1ef1 nguy h\u1ea1i c\u1ee7a tia c\u1ef1c t\u00edm v\u00e0 \u00e1nh n\u1eafng m\u1eb7t tr\u1eddi tr\u1ec1n l\u00e0n da c\u1ee7a b\u1ea1n. Ch\u1ea5t c\u00e2n b\u1eb1ng \u0111\u1ed9 \u1ea9m h\u00e0ng ng\u00e0y n\u00e0y r\u1ea5t tuy\u1ec7t v\u1eddi, c\u00f3 th\u1ec3 s\u1eed d\u1ee5ng l\u00e0m kem l\u00f3t trang \u0111i\u1ec3m v\u00e0 gi\u00fap k\u00edch th\u00edch t\u00e1i t\u1ea1o c\u00e1c t\u1ebf b\u00e0o da m\u1edbi cho l\u00e0n da m\u1ec1m m\u1ea1i v\u00e0 m\u1ecbn m\u00e0ng h\u01a1n \u2013 cho b\u1ea1n l\u00e0n da t\u01b0\u01a1i tr\u1ebb m\u1ed7i ng\u00e0y.<\/p>\n<p><img loading=\"lazy\" class=\"aligncenter wp-image-1607 size-full\" src=\"https:\/\/tuongvibeauty.com\/wp-content\/uploads\/2019\/06\/15e9817bb1b-cache-300x295.png\" alt=\"\" width=\"300\" height=\"295\" \/><\/p>\n<h4 class=\"productlanguage page\"><strong>\u00a0 \u00a0 \u00a0 \u00a0 \u00a0 \u00a0 \u00a0 \u00a0 \u00a0 \u00a0 \u00a0 \u00a0 \u00a0 \u00a0 \u00a0 \u00a0 \u00a0 \u00a0 \u00a0 \u00a0 \u00a0 \u00a0 \u00a0 \u00a0 \u00a0 \u00a0 \u00a0KEM PH\u1ee4C H\u1ed2I DA BAN \u0110\u00caM AGELOC TRANSFORMING NIGHT<\/strong><\/h4>\n<p>C\u00e1c th\u00e0nh ph\u1ea7n c\u1ef1c nh\u1eb9 \u0111\u00f3ng vai tr\u00f2 l\u00e0 c\u1ea5u tr\u00fac da k\u1ebft h\u1ee3p v\u1edbi qu\u00e1 tr\u00ecnh ph\u1ee5c h\u1ed3i t\u1ef1 nhi\u00ean c\u1ee7a da v\u00e0o ban \u0111\u00eam. Lo\u1ea1i kem n\u00e0y gi\u00fap l\u00e0m gi\u1ea3m l\u00e3o h\u00f3a da r\u1ea5t hi\u1ec7u qu\u1ea3 v\u00e0 gi\u1ea3m \u0111\u00e1ng k\u1ec3 c\u00e1c v\u1ebft ch\u00e2n chim, n\u1ebfp nh\u0103n v\u00e0 l\u1ed7 ch\u00e2n l\u00f4ng, v\u00ec th\u1ebf b\u1ea1n s\u1ebd c\u00f3 l\u00e0n da s\u00e1ng m\u1ecbn.<\/p>\n<p>&nbsp;<\/p>\n<p>&nbsp;<\/p>\n<p>&nbsp;<\/p>\n<p>&nbsp;<\/p>\n<p>&nbsp;<\/p>\n<p>&nbsp;<\/p>\n<p>&nbsp;<\/p>\n<p>&nbsp;<\/p>\n<p>&nbsp;<\/p>\n<p>&nbsp;<\/p>\n<p>&nbsp;<\/p>\n<p>&nbsp;<\/p>\n<p>&nbsp;<\/p>\n<p>&nbsp;<\/p>\n<p>&nbsp;<\/p>\n<p>&nbsp;<\/p>\n<p>&nbsp;<\/p>\n<p>&nbsp;<\/p>\n<p>&nbsp;<\/p>\n","protected":false},"excerpt":{"rendered":"<p>B\u1ed9 s\u1ea3n ph\u1ea9m d\u01b0\u1ee1ng da Ageloc Transformation Ch\u1ed1ng l\u00e3o h\u00f3a \u0111\u1ebfn t\u1eadn g\u1ed1c: ageLOC\u00ae Transformation\u00a0\u0111\u01b0\u1ee3c ph\u00e1t tri\u1ec3n v\u1edbi\u00a0c\u00f4ng ngh\u1ec7\u00a0ageLOC\u00ae t\u1eadp trung v\u00e0o c\u00e1c ngu\u1ed3n g\u1ed1c c\u01a1 b\u1ea3n c\u1ee7a l\u00e3o h\u00f3a \u2013 \u0111\u00f3 ch\u00ednh gen c\u1ee7a b\u1ea1n. S\u1ef1 k\u1ebft h\u1ee3p c\u1ee7a b\u1ed1n s\u1ea3n ph\u1ea9m h\u00e0ng \u0111\u1ea7u cung c\u1ea5p c\u00e1c k\u1ebft qu\u1ea3 ch\u1ed1ng l\u00e3o h\u00f3a r\u00f5 r\u1ec7t [&#8230;]\n","protected":false},"featured_media":1610,"comment_status":"open","ping_status":"closed","template":"","meta":[],"_links":{"self":[{"href":"https:\/\/tuongvibeauty.com\/index.php?rest_route=\/wp\/v2\/product\/1604"}],"collection":[{"href":"https:\/\/tuongvibeauty.com\/index.php?rest_route=\/wp\/v2\/product"}],"about":[{"href":"https:\/\/tuongvibeauty.com\/index.php?rest_route=\/wp\/v2\/types\/product"}],"replies":[{"embeddable":true,"href":"https:\/\/tuongvibeauty.com\/index.php?rest_route=%2Fwp%2Fv2%2Fcomments&post=1604"}],"wp:featuredmedia":[{"embeddable":true,"href":"https:\/\/tuongvibeauty.com\/index.php?rest_route=\/wp\/v2\/media\/1610"}],"wp:attachment":[{"href":"https:\/\/tuongvibeauty.com\/index.php?rest_route=%2Fwp%2Fv2%2Fmedia&parent=1604"}],"curies":[{"name":"wp","href":"https:\/\/api.w.org\/{rel}","templated":true}]}}