{"id":1561,"date":"2019-06-28T17:14:18","date_gmt":"2019-06-28T10:14:18","guid":{"rendered":"https:\/\/tuongvibeauty.com\/?post_type=product&#038;p=1561"},"modified":"2019-06-28T17:14:18","modified_gmt":"2019-06-28T10:14:18","slug":"tinh-chat-duong-da-chong-lao-hoa-ageloc-future-serum","status":"publish","type":"product","link":"https:\/\/tuongvibeauty.com\/?product=tinh-chat-duong-da-chong-lao-hoa-ageloc-future-serum","title":{"rendered":"Tinh ch\u1ea5t d\u01b0\u1ee1ng da ch\u1ed1ng l\u00e3o h\u00f3a ageloc future serum"},"content":{"rendered":"<h2 style=\"text-align: justify;\"><strong>G\u1eedi b\u1ea1n tinh ch\u1ea5t d\u01b0\u1ee1ng da ch\u1ed1ng l\u00e3o h\u00f3a ageloc future serum<\/strong><\/h2>\n<p><img loading=\"lazy\" class=\"aligncenter wp-image-1562 size-full\" src=\"https:\/\/tuongvibeauty.com\/wp-content\/uploads\/2019\/06\/tinh-chat-duong-da-nuskin-001_grande.jpg\" alt=\"\" width=\"600\" height=\"600\" srcset=\"https:\/\/tuongvibeauty.com\/wp-content\/uploads\/2019\/06\/tinh-chat-duong-da-nuskin-001_grande.jpg 600w, https:\/\/tuongvibeauty.com\/wp-content\/uploads\/2019\/06\/tinh-chat-duong-da-nuskin-001_grande-150x150.jpg 150w, https:\/\/tuongvibeauty.com\/wp-content\/uploads\/2019\/06\/tinh-chat-duong-da-nuskin-001_grande-300x300.jpg 300w, https:\/\/tuongvibeauty.com\/wp-content\/uploads\/2019\/06\/tinh-chat-duong-da-nuskin-001_grande-100x100.jpg 100w\" sizes=\"(max-width: 600px) 100vw, 600px\" \/><\/p>\n<h2 style=\"text-align: justify;\"><strong>\u0110\u1ea6U TI\u00caN, B\u1ea0N PH\u1ea2I BI\u1ebeT \u0110\u1ebeN C\u00d4NG NGH\u1ec6 N\u1ed4I B\u1eacT AGELOC C\u1ee6A NUSKIN<\/strong><\/h2>\n<p style=\"text-align: justify;\">V\u1edbi mong mu\u1ed1n mang \u0111\u1ebfn gi\u1ea3i ph\u00e1p gi\u00fap con ng\u01b0\u1eddi c\u1ea3i thi\u1ec7n ch\u1ea5t l\u01b0\u1ee3ng cu\u1ed9c s\u1ed1ng. Nuskin \u0111\u00e3 k\u1ebft h\u1ee3p v\u1edbi Lifegen Technologies \u0111\u1ec3 ki\u1ebfn t\u1ea1o n\u00ean nh\u1eefng s\u1ea3n ph\u1ea9m ch\u0103m s\u00f3c da v\u01b0\u1ee3t b\u1eadc. C\u00f4ng ngh\u1ec7 ageLOC \u0111\u1ed9t ph\u00e1t \u0111\u00e3 gi\u00fap h\u00e0ng tri\u1ec7u ng\u01b0\u1eddi thay \u0111\u1ed5i v\u01b0\u1ee3t b\u1eadt.<\/p>\n<p style=\"text-align: justify;\">Lifegen Technologies l\u00e0 m\u1ed9t c\u00f4ng ty c\u00f3 tr\u00ean 30 n\u0103m kinh nghi\u1ec7m nghi\u00ean c\u1ee9u ch\u1ed1ng l\u00e3o h\u00f3a. B\u1eb1ng s\u1ef1 k\u1ebft h\u1ee3p n\u00e0y, Nuskin \u0111\u00e3 t\u00ecm ra ch\u00eca kh\u00f3a \u0111\u1ec3 gi\u1ea3i quy\u1ebft tri\u1ec7t \u0111\u1ec3 v\u1ea5n \u0111\u1ec1 n\u00e0y. \u0110\u00f3 l\u00e0 nh\u00f3m gen tr\u1ebb Youth Gene Clusters YGCs \u2013 ngu\u1ed3n g\u1ed1c c\u1ee7a s\u1ef1 l\u00e3o h\u00f3a v\u00e0 l\u00e0m con ng\u01b0\u1eddi gi\u00e0 \u0111i.<\/p>\n<p style=\"text-align: justify;\">Ph\u00e1t hi\u1ec7n n\u00e0y c\u00f3 th\u1ec3 thi\u1ebft l\u1eadp l\u1ea1i nh\u00f3m gen tr\u1ebb, gi\u1eef l\u1ea1i th\u1eddi thanh xu\u00e2n l\u00e2u d\u00e0i h\u01a1n cho c\u1ea3 nam v\u00e0 n\u1eef. C\u00f3 th\u1ec3 k\u1ec3 \u0111\u1ebfn nhi\u1ec1u d\u00f2ng s\u1ea3n ph\u1ea9m ti\u00eau bi\u1ec3u nh\u01b0 s\u1eefa r\u1eeda m\u1eb7t v\u00e0 n\u01b0\u1edbc hoa h\u1ed3ng m\u00ecnh \u0111ang d\u00f9ng, hay c\u00e1c lo\u1ea1i\u00a0<strong>tinh ch\u1ea5t d\u01b0\u1ee1ng da nuskin<\/strong>,..<\/p>\n<p style=\"text-align: justify;\">L\u00e0 m\u1ed9t th\u01b0\u01a1ng hi\u1ec7u l\u1edbn, uy t\u00edn \u0111\u1ebfn t\u1eeb M\u1ef9, c\u00e1c s\u1ea3n ph\u1ea9m c\u1ee7a Nuskin lu\u00f4n nh\u1eadn \u0111\u01b0\u1ee3c s\u1ef1 \u1ee7ng h\u1ed9 c\u1ee7a kh\u00e1ch h\u00e0ng tr\u00ean to\u00e0n th\u1ebf gi\u1edbi. T\u1ea1i th\u1ecb tr\u01b0\u1eddng ch\u00e2u \u00c1,\u00a0<strong>san pham nuskin<\/strong>\u00a0\u0111\u00e3 \u0111\u01b0\u1ee3c nghi\u00ean c\u1ee9u \u0111\u1ec3 ph\u00f9 h\u1ee3p v\u1edbi l\u00e0n da c\u1ee7a ph\u1ee5 n\u1eef \u00c1 \u0110\u00f4ng, trong \u0111\u00f3 c\u00f3 Vi\u1ec7t Nam.<\/p>\n<p><img loading=\"lazy\" class=\"aligncenter wp-image-1563 size-full\" src=\"https:\/\/tuongvibeauty.com\/wp-content\/uploads\/2019\/06\/tinh-chat-duong-da-nuskin-002_grande.jpg\" alt=\"\" width=\"600\" height=\"453\" srcset=\"https:\/\/tuongvibeauty.com\/wp-content\/uploads\/2019\/06\/tinh-chat-duong-da-nuskin-002_grande.jpg 600w, https:\/\/tuongvibeauty.com\/wp-content\/uploads\/2019\/06\/tinh-chat-duong-da-nuskin-002_grande-300x227.jpg 300w\" sizes=\"(max-width: 600px) 100vw, 600px\" \/><\/p>\n<h3 style=\"text-align: justify;\"><strong>TH\u00c0NH PH\u1ea6N CH\u00cdNH C\u1ee6A TINH CH\u1ea4T D\u01af\u1ee0NG DA CH\u1ed0NG L\u00c3O H\u00d3A AGELOC\u00ae FUTURE SERUM<\/strong><\/h3>\n<p style=\"text-align: justify;\">Th\u00e0nh ph\u1ea7n ch\u00ednh c\u1ee7a s\u1ea3n ph\u1ea9m lu\u00f4n l\u00e0 m\u1ed1i quan t\u00e2m c\u1ee7a m\u00ecnh khi l\u1ef1a ch\u1ecdn mua b\u1ea5t k\u1ef3 s\u1ea3n ph\u1ea9m n\u00e0o. B\u1edfi v\u00ec nh\u1eefng th\u00e0nh ph\u1ea7n \u0111\u00f3 s\u1ebd tr\u1ef1c ti\u1ebfp ti\u1ebfp x\u00fac v\u1edbi da m\u1eb7t, n\u1ebfu th\u00e0nh ph\u1ea7n ch\u1ec9 to\u00e0n h\u00f3a ch\u1ea5t, ho\u1eb7c h\u00f3a ch\u1ea5t c\u00f3 h\u1ea1i, th\u00ec s\u1ebd l\u00e0m t\u1ed5n th\u01b0\u01a1ng cho c\u00e1c t\u1ebf b\u00e0o da nh\u1ea1y c\u1ea3m c\u1ee7a m\u00ecnh.<\/p>\n<p style=\"text-align: justify;\">Tuy v\u1eady, v\u1edbi s\u1ea3n ph\u1ea9m t\u1eeb Nuskin th\u00ec m\u00ecnh \u0111\u00e3 ho\u00e0n to\u00e0n y\u00ean t\u00e2m sau khi xem qua c\u00e1c th\u00e0nh ph\u1ea7n ch\u00ednh. Nh\u1eefng th\u00e0nh ph\u1ea7n l\u00e0nh t\u00ednh n\u00e0y kh\u00f4ng h\u1ec1 l\u00e0m da c\u1ee7a m\u00ecnh b\u1ecb k\u00edch \u1ee9ng. Do \u0111\u00f3, x\u00e0i c\u1ef1c k\u00ec th\u00edch lu\u00f4n m\u00e0 kh\u00f4ng lo b\u1ecb d\u1ecb \u1ee9ng hay kh\u00f4 da, m\u1ea9n \u0111\u1ecf c\u00e1c th\u1ee9.<\/p>\n<p style=\"text-align: justify;\">Qua th\u1eddi gian d\u00e0i s\u1eed d\u1ee5ng, m\u00ecnh \u0111\u01b0\u1ee3c bi\u1ebft h\u1ea7u h\u1ebft c\u00e1c s\u1ea3n ph\u1ea9m c\u1ee7a nuskin c\u00f3 ngu\u1ed3n g\u1ed1c t\u1eeb t\u1ef1 nhi\u00ean. N\u00ean m\u00ecnh c\u00e0ng y\u00ean t\u00e2m v\u00e0 c\u1ee9 t\u00ecm g\u00ec l\u00e0 l\u1ea1i l\u00ean nuskin t\u00ecm. Nh\u01b0 m\u1edbi g\u1ea7n \u0111\u00e2y m\u00ecnh \u0111\u00e3 \u0111\u1eb7t mua\u00a0<strong>tinh ch\u1ea5t d\u01b0\u1ee1ng da ch\u1ed1ng l\u00e3o h\u00f3a ageloc\u00ae future serum<\/strong>\u00a0v\u00e0 x\u00e0i c\u0169ng r\u1ea5t okie.<\/p>\n<p style=\"text-align: justify;\">B\u00ean c\u1ea1nh \u0111\u00f3, c\u00f3 hai \u0111\u1eb7c \u0111i\u1ec3m ch\u00ednh m\u00e0 m\u00ecnh bi\u1ebft \u0111\u01b0\u1ee3c t\u1eeb th\u00e0nh ph\u1ea7n c\u1ee7a tinh ch\u1ea5t n\u00e0y. \u0110\u00f3 l\u00e0 Ethocyn gi\u00fap mang \u0111\u1ebfn s\u1ef1 \u0111\u00e0n h\u1ed3i cho da, ng\u0103n ch\u1eb7n s\u1ef1 l\u00e3o h\u00f3a v\u00e0 t\u00e1c h\u1ea1i t\u1eeb \u00e1nh n\u1eafng m\u1eb7t tr\u1eddi. \u0110\u00e2y l\u00e0 t\u00e1c d\u1ee5ng quan tr\u1ecdng nh\u1ea5t v\u00ec m\u00ecnh th\u01b0\u1eddng xuy\u00ean ph\u1ea3i ra \u0111\u01b0\u1eddng, ti\u1ebfp x\u00fac r\u1ea5t nhi\u1ec1u v\u1edbi kh\u00f3i b\u1ee5i v\u00e0 \u00e1nh n\u1eafng.<\/p>\n<p><img loading=\"lazy\" class=\"aligncenter wp-image-1564 size-full\" src=\"https:\/\/tuongvibeauty.com\/wp-content\/uploads\/2019\/06\/tinh-chat-duong-da-nuskin-003_grande.jpg\" alt=\"\" width=\"600\" height=\"450\" srcset=\"https:\/\/tuongvibeauty.com\/wp-content\/uploads\/2019\/06\/tinh-chat-duong-da-nuskin-003_grande.jpg 600w, https:\/\/tuongvibeauty.com\/wp-content\/uploads\/2019\/06\/tinh-chat-duong-da-nuskin-003_grande-300x225.jpg 300w\" sizes=\"(max-width: 600px) 100vw, 600px\" \/><\/p>\n<h4 style=\"text-align: justify;\"><strong>TINH CH\u1ea4T D\u01af\u1ee0NG DA NUSKIN C\u00d3 G\u00cc KH\u00c1C BI\u1ec6T SO V\u1edaI S\u1eeeA R\u1eecA M\u1eb6T TH\u00d4NG TH\u01af\u1edcNG<\/strong><\/h4>\n<p style=\"text-align: justify;\">Nh\u1eefng s\u1ea3n ph\u1ea9m th\u00f4ng th\u01b0\u1eddng tr\u01b0\u1edbc kia m\u00ecnh s\u1eed d\u1ee5ng ch\u1ec9 gi\u00fap d\u01b0\u1ee1ng da l\u00e0 nhi\u1ec1u. Nh\u01b0ng v\u1ea5n \u0111\u1ec1 v\u1ec1 gi\u1ea3m c\u00e1c v\u1ebft ch\u00e2n chim, thu nh\u1ecf l\u1ed7 ch\u00e2n l\u00f4ng, gi\u00fap da s\u0103n ch\u1eafc th\u00ec v\u1eabn c\u00f2n \u0111\u00f3. B\u1ea1n bi\u1ebft \u0111\u00f3, l\u00e3o h\u00f3a da r\u1ea5t d\u1ec5 g\u1eb7p ph\u1ea3i khi b\u1ea1n b\u1eaft \u0111\u1ea7u sang tu\u1ed5i 20. N\u1ebfu kh\u00f4ng c\u00f3 c\u00e1ch d\u01b0\u1ee1ng da hi\u1ec7u qu\u1ea3 v\u00e0 ch\u00ednh x\u00e1c ngay t\u1eeb l\u00fac ban \u0111\u1ea7u, th\u00ec da c\u1ee7a b\u1ea1n s\u1ebd d\u1ec5 d\u00e0ng b\u1ecb l\u00e3o h\u00f3a.<\/p>\n<p style=\"text-align: justify;\">\u0110\u1ebfn v\u1edbi\u00a0<strong>tinh ch\u1ea5t d\u01b0\u1ee1ng da c\u1ee7a nuskin,\u00a0<\/strong>m\u00ecnh ho\u00e0n to\u00e0n y\u00ean t\u00e2m. Th\u00f4ng qua k\u1ebft qu\u1ea3 nghi\u00ean c\u1ee9u c\u1ee7a b\u00ean th\u1ee9 ba v\u1ec1 ageloc\u2122 future serum* l\u00e0 m\u1ed9t ph\u1ea7n c\u1ee7a ch\u01b0\u01a1ng tr\u00ecnh ch\u0103m s\u00f3c da, b\u1ed9 s\u1ea3n ph\u1ea9m ageLOC Transformation mang l\u1ea1i c\u00e1c l\u1ee3i \u00edch \u0111\u00e1ng ng\u1ea1c nhi\u00ean, c\u1ea3i thi\u1ec7n 8 y\u1ebfu t\u1ed1 tr\u00ean da:<\/p>\n<ol style=\"text-align: justify;\">\n<li>C\u1ea5u tr\u00fac da tr\u1ebb<\/li>\n<li>L\u00e0n da m\u1ecbn m\u00e0ng<\/li>\n<li>S\u1eafc th\u00e1i da s\u0103n m\u1ecbn<\/li>\n<li>Gi\u1ea3m c\u00e1c v\u1ebft ch\u00e2n chim\/n\u1ebfp nh\u0103n<\/li>\n<li>T\u0103ng \u0111\u1ed9 s\u00e1ng da<\/li>\n<li>Thu nh\u1ecf k\u00edch th\u01b0\u1edbc l\u1ed7 ch\u00e2n l\u00f4ng<\/li>\n<li>L\u00e0m m\u1edd v\u1ebft th\u00e2m<\/li>\n<li>T\u1ea1o \u0111\u1ed9 \u1ea9m cho da<\/li>\n<\/ol>\n<p style=\"text-align: justify;\">Nghi\u00ean c\u1ee9u d\u1ef1a v\u00e0o 25 \u0111\u1ed1i t\u01b0\u1ee3ng s\u1eed d\u1ee5ng tinh ch\u1ea5t ch\u1ed1ng l\u00e3o h\u00f3a ageLOC\u2122 Future Serum.<\/p>\n<p><img loading=\"lazy\" class=\"aligncenter wp-image-1565 size-full\" src=\"https:\/\/tuongvibeauty.com\/wp-content\/uploads\/2019\/06\/tinh-chat-duong-da-nuskin-004_grande.jpg\" alt=\"\" width=\"478\" height=\"402\" srcset=\"https:\/\/tuongvibeauty.com\/wp-content\/uploads\/2019\/06\/tinh-chat-duong-da-nuskin-004_grande.jpg 478w, https:\/\/tuongvibeauty.com\/wp-content\/uploads\/2019\/06\/tinh-chat-duong-da-nuskin-004_grande-300x252.jpg 300w\" sizes=\"(max-width: 478px) 100vw, 478px\" \/><\/p>\n<h4 style=\"text-align: justify;\"><strong>DA M\u1eb6T LO\u1ea0I N\u00c0O TH\u00cc M\u1edaI N\u00caN S\u1eec D\u1ee4NG TINH CH\u1ea4T D\u01af\u1ee0NG DA<\/strong><\/h4>\n<p style=\"text-align: justify;\">V\u00ec l\u00e0 s\u1ea3n ph\u1ea9m \u0111\u01b0\u1ee3c chi\u1ebft xu\u1ea5t t\u1eeb c\u00e1c th\u00e0nh ph\u1ea7n th\u00e2n thi\u1ec7n, n\u00ean tinh ch\u1ea5tn\u00e0y an to\u00e0n v\u1edbi c\u00e1c lo\u1ea1i da.<\/p>\n<p style=\"text-align: justify;\">Tu\u1ed5i 20 th\u00ec da \u0111\u00e3 b\u1eaft \u0111\u1ea7u l\u00e3o h\u00f3a, nh\u01b0ng m\u00ecnh khuy\u00ean b\u1ea1n kh\u00f4ng n\u00ean s\u1eed d\u1ee5ng m\u1ef9 ph\u1ea9m ngay \u1edf \u0111\u1ed9 tu\u1ed5i n\u00e0y. Da c\u1ee7a nh\u1eefng n\u0103m 20 v\u1eabn c\u00f2n tr\u1ebb trung v\u00e0 t\u01b0\u01a1i non l\u1eafm, n\u00ean b\u1ea1n c\u1ee9 ch\u0103m s\u00f3c t\u1ef1 nhi\u00ean, h\u1ea1n ch\u1ebf kem d\u01b0\u1ee1ng l\u00e0 \u0111\u01b0\u1ee3c. 24, 25 tu\u1ed5i m\u1edbi l\u00e0 th\u1eddi \u0111i\u1ec3m th\u00edch h\u1ee3p nh\u1ea5t \u0111\u1ec3 b\u1ea1n b\u1eaft \u0111\u1ea7u \u0111\u1ec3 m\u1eaft \u0111\u1ebfn tinh ch\u1ea5t d\u01b0\u1ee1ng da.<\/p>\n<p style=\"text-align: justify;\">H\u01a1n n\u1eefa, vi\u1ec7c ch\u0103m s\u00f3c da l\u00e0 r\u1ea5t nan gi\u1ea3i v\u1edbi nh\u1eefng c\u00f4 n\u00e0ng hi\u1ec7n \u0111\u1ea1i b\u1eadn r\u1ed9n. V\u1eeba l\u00e0m s\u1ea1ch da l\u1ea1i v\u1eeba d\u01b0\u1ee1ng \u0111\u01b0\u1ee3c da, ng\u1eeba l\u00e3o h\u00f3a th\u00ec ai m\u00e0 ch\u1eb3ng th\u00edch. Nh\u01b0 b\u1ea3n th\u00e2n m\u00ecnh th\u1ea5y ti\u1ebft ki\u1ec7m \u0111\u01b0\u1ee3c r\u1ea5t nhi\u1ec1u th\u1eddi gian khi ch\u1ec9 c\u1ea7n r\u1eeda m\u1eb7t xong, l\u1ea5y 2 gi\u1ecdt tinh d\u1ea7u l\u00ean ng\u00f3n tay v\u00e0 xoa \u0111\u1ec1u theo h\u01b0\u1edbng t\u1eeb d\u01b0\u1edbi l\u00ean, t\u1eeb trong ra, l\u00ean v\u00f9ng m\u1eb7t v\u00e0 c\u1ed5.<\/p>\n<p style=\"text-align: justify;\">\u00c1p d\u1ee5ng cho hai bu\u1ed5i s\u00e1ng \u2013 t\u1ed1i. V\u1eady l\u00e0 \u0111\u00e3 c\u00f3 th\u1ec3 y\u00ean t\u00e2m \u0111i ng\u1ee7 v\u00e0 ch\u00e0o \u0111\u00f3n ng\u00e0y m\u1edbi r\u1ed3i.<\/p>\n<p>&nbsp;<\/p>\n<p>&nbsp;<\/p>\n<p>&nbsp;<\/p>\n<p>&nbsp;<\/p>\n<p>&nbsp;<\/p>\n<p>&nbsp;<\/p>\n<p>&nbsp;<\/p>\n<p>&nbsp;<\/p>\n<p>&nbsp;<\/p>\n<p>&nbsp;<\/p>\n","protected":false},"excerpt":{"rendered":"<p>G\u1eedi b\u1ea1n tinh ch\u1ea5t d\u01b0\u1ee1ng da ch\u1ed1ng l\u00e3o h\u00f3a ageloc future serum \u0110\u1ea6U TI\u00caN, B\u1ea0N PH\u1ea2I BI\u1ebeT \u0110\u1ebeN C\u00d4NG NGH\u1ec6 N\u1ed4I B\u1eacT AGELOC C\u1ee6A NUSKIN V\u1edbi mong mu\u1ed1n mang \u0111\u1ebfn gi\u1ea3i ph\u00e1p gi\u00fap con ng\u01b0\u1eddi c\u1ea3i thi\u1ec7n ch\u1ea5t l\u01b0\u1ee3ng cu\u1ed9c s\u1ed1ng. Nuskin \u0111\u00e3 k\u1ebft h\u1ee3p v\u1edbi Lifegen Technologies \u0111\u1ec3 ki\u1ebfn t\u1ea1o n\u00ean nh\u1eefng s\u1ea3n ph\u1ea9m [&#8230;]\n","protected":false},"featured_media":1563,"comment_status":"open","ping_status":"closed","template":"","meta":[],"_links":{"self":[{"href":"https:\/\/tuongvibeauty.com\/index.php?rest_route=\/wp\/v2\/product\/1561"}],"collection":[{"href":"https:\/\/tuongvibeauty.com\/index.php?rest_route=\/wp\/v2\/product"}],"about":[{"href":"https:\/\/tuongvibeauty.com\/index.php?rest_route=\/wp\/v2\/types\/product"}],"replies":[{"embeddable":true,"href":"https:\/\/tuongvibeauty.com\/index.php?rest_route=%2Fwp%2Fv2%2Fcomments&post=1561"}],"wp:featuredmedia":[{"embeddable":true,"href":"https:\/\/tuongvibeauty.com\/index.php?rest_route=\/wp\/v2\/media\/1563"}],"wp:attachment":[{"href":"https:\/\/tuongvibeauty.com\/index.php?rest_route=%2Fwp%2Fv2%2Fmedia&parent=1561"}],"curies":[{"name":"wp","href":"https:\/\/api.w.org\/{rel}","templated":true}]}}