{"id":1347,"date":"2019-06-26T23:39:42","date_gmt":"2019-06-26T16:39:42","guid":{"rendered":"https:\/\/tuongvibeauty.com\/?post_type=product&#038;p=1347"},"modified":"2019-06-29T21:39:53","modified_gmt":"2019-06-29T14:39:53","slug":"ageloc-me-chuyen-gia-thau-hieu-lan-da-cua-ban","status":"publish","type":"product","link":"https:\/\/tuongvibeauty.com\/?product=ageloc-me-chuyen-gia-thau-hieu-lan-da-cua-ban","title":{"rendered":"AGELOC ME &#8211; CHUY\u00caN GIA TH\u1ea4U HI\u1ec2U L\u00c0N DA C\u1ee6A B\u1ea0N"},"content":{"rendered":"<p style=\"text-align: justify; padding-left: 30px;\"><strong>Ageloc Me<\/strong> v\u1edbi t\u00ednh ch\u1ea5t v\u01b0\u1ee3t tr\u1ed9i b\u1eb1ng c\u00f4ng ngh\u1ec7 si\u00eau th\u1ea9m th\u1ea5u s\u00f3ng t\u1ea7ng, gi\u00fap tr\u1ed9n l\u1eabn 3 tinh ch\u1ea5t s\u1eb5n c\u00f3 trong s\u1ea3n ph\u1ea9m v\u00e0 khu\u1ebfch t\u00e1n ch\u00fang th\u00e0nh 40 l\u1edbp si\u00eau m\u1ecfng \u1edf m\u1ee9c \u0111\u1ed9 micro, gi\u00fap th\u1ea9m th\u1ea5u nhanh v\u00e0o da, ch\u1ed1ng tr\u00f4i tinh ch\u1ea5t. Ch\u00ednh v\u00ec v\u1eady m\u00e1y Ageloc Me \u0111\u01b0\u1ee3c \u0111\u00e1nh gi\u00e1 l\u00e0 thi\u1ebft b\u1ecb th\u00f4ng minh h\u00e0ng \u0111\u1ea7u v\u1edbi thi\u1ebft k\u1ebf theo \u0111\u00fang \u00fd th\u00edch &amp; l\u00e0n da c\u1ee7a m\u1ed7i ng\u01b0\u1eddi, k\u1ebft h\u1ee3p v\u1edbi\u00a0\u1ee9ng d\u1ee5ng \u0111\u00e1nh gi\u00e1 da chuy\u00ean s\u00e2u v\u00e0 ti\u1ec7n \u00edch nh\u1ea5t \u0111\u1ecbnh ph\u1ea3i tr\u1ea3i nghi\u1ec7m v\u00e0 x\u1ee9ng \u0111\u00e1ng \u0111\u01b0\u1ee3c c\u00f4ng nh\u1eadn.<\/p>\n<p><img loading=\"lazy\" class=\"aligncenter wp-image-1303 size-full\" src=\"https:\/\/tuongvibeauty.com\/wp-content\/uploads\/2019\/06\/ageloc-me-D_NQ_NP_762320-MLA25549102893_042017-F.jpg\" alt=\"\" width=\"563\" height=\"301\" srcset=\"https:\/\/tuongvibeauty.com\/wp-content\/uploads\/2019\/06\/ageloc-me-D_NQ_NP_762320-MLA25549102893_042017-F.jpg 563w, https:\/\/tuongvibeauty.com\/wp-content\/uploads\/2019\/06\/ageloc-me-D_NQ_NP_762320-MLA25549102893_042017-F-300x160.jpg 300w\" sizes=\"(max-width: 563px) 100vw, 563px\" \/><\/p>\n<h2 style=\"text-align: justify;\"><span style=\"color: #3366ff;\"><strong>Ageloc Me &#8211; Gi\u1ea3i ph\u00e1p ch\u0103m s\u00f3c da \u0111\u1ea7u ti\u00ean c\u1ee7a xu h\u01b0\u1edbng ch\u0103m s\u00f3c t\u00f9y ch\u1ec9nh cho l\u00e0n da b\u1ea1n<\/strong><\/span><\/h2>\n<p style=\"text-align: justify;\">Nuskin Ageloc Me v\u1edbi C\u00f4ng ngh\u1ec7 \u0111\u1ed9c \u0111\u00e1o, thi\u1ebft k\u1ebf \u0111\u01b0\u1ee3c c\u1ea5p b\u1eb1ng s\u00e1ng ch\u1ebf c\u00f9ng nh\u1eefng ch\u1ee9c n\u0103ng t\u00edch h\u1ee3p \u0111\u01b0\u1ee3c k\u1ebft n\u1ed5i \u0111\u1ec3 t\u1ea1o ra m\u1ed9t thi\u1ebft b\u1ecb ch\u0103m s\u00f3c da \u0111\u1ed9c \u0111\u00e1o ti\u00ean ti\u1ebfn nh\u1ea5t. Nuskin Ageloc Me \u2013 m\u1ed9t tr\u1ea3i nghi\u1ec7m ch\u0103m s\u00f3c da duy nh\u1ea5t v\u00e0 \u0111\u1ea7y \u0111\u1ed9t ph\u00e1. H\u1ec7 th\u1ed1ng ch\u0103m s\u00f3c da t\u00f9y ch\u1ec9nh n\u00e0y s\u1ebd mang \u0111\u1ebfn cho b\u1ea1n nh\u1eefng s\u1ea3n ph\u1ea9m ch\u0103m s\u00f3c da ch\u1ed1ng l\u00e3o h\u00f3a \u0111\u1ed9c \u0111\u00e1o v\u00e0 ch\u1ec9 d\u00e0nh ri\u00eang cho b\u1ea1n<\/p>\n<h3 style=\"text-align: justify;\">C\u00f4ng ngh\u1ec7 \u0111\u00e3 \u0111\u01b0\u1ee3c c\u1ea5p b\u1eb1ng s\u00e1ng ch\u1ebf<\/h3>\n<p style=\"text-align: justify;\"><em>&#8220;Nuskin t\u1ea1o Ageloc nh\u1edb, m\u1ed9t h\u1ec7 th\u1ed1ng ph\u00e2n ph\u1ed1i , k\u1ebft h\u1ee3p v\u00e0 pha ch\u1ebf c\u00e1c s\u1ea3n ph\u1ea9m ch\u0103m s\u00f3c da c\u1ee7a b\u1ea1n th\u00f4ng qua m\u1ed9t c\u00f4ng ngh\u1ec7 bao ph\u1ee7 b\u1edfi nhi\u1ec1u b\u1eb1ng s\u00e1ng ch\u1ebf. C\u00e1c h\u1ed9p m\u1ef1c kh\u00f4ng c\u00f3 kh\u00f4ng kh\u00ed m\u00e0 Ageloc Me s\u1eed d\u1ee5ng v\u00e0 c\u00e1ch h\u1ecd ph\u00e2n chia huy\u1ebft thanh v\u00e0 d\u01b0\u1ee1ng \u1ea9m l\u00e0 m\u1ed9t s\u1ea3n ph\u1ea9m s\u00e1ng t\u1ea1o \u0111\u1ed9c \u0111\u00e1o. Thi\u1ebft b\u1ecb n\u00e0y c\u0169ng cung c\u1ea5p pha ch\u1ebf h\u1ee3p v\u1ec7 sinh, m\u00e0 l\u00e0 m\u1ed9t b\u01b0\u1edbc \u0111\u1ed9t ph\u00e1 trong vi\u1ec7c ch\u0103m s\u00f3c da. Ageloc nh\u1edb t\u1ef1 \u0111\u1ed9ng c\u1ea3m gi\u00e1c b\u00e0n tay c\u1ee7a b\u1ea1n v\u00e0 cung c\u1ea5p m\u1ed9t li\u1ec1u ch\u00ednh x\u00e1c c\u1ee7a huy\u1ebft thanh v\u00e0 kem d\u01b0\u1ee1ng \u1ea9m m\u1ed7i ng\u00e0y v\u00e0 ban \u0111\u00eam.&#8221;<\/em><\/p>\n<ul>\n<li style=\"text-align: justify;\"><strong>Ageloc Me huy\u1ebft thanh<\/strong><\/li>\n<\/ul>\n<p style=\"text-align: justify;\">NH\u1edc V\u00c0O C\u00d4NG NGH\u1ec6 SI\u00caU TH\u1ea8M TH\u1ea4U S\u00d3NG T\u1ea6NG &#8211; c\u00f4ng ngh\u1ec7 \u0111\u00e3 \u0111\u01b0\u1ee3c c\u1ea5p b\u1eb1ng s\u00e1ng ch\u1ebf \u0111\u1ed9c quy\u1ec1n, c\u00e1c th\u00e0nh ph\u1ea7n c\u00f3 trong 3 tinh ch\u1ea5t c\u00f3 th\u1ec3 k\u1ebft h\u1ee3p v\u1edbi nhau d\u1ec5 d\u00e0ng v\u00e0 \u0111\u01b0\u1ee3c cung c\u1ea5p \u0111\u1ed3ng lo\u1ea1t ch\u1ec9 trong m\u1ed9t l\u1ea7n d\u00f9ng. Thi\u1ebft b\u1ecb s\u1ebd h\u00f2a tr\u1ed9n c\u00e1c tinh ch\u1ea5t th\u00e0nh 40 l\u1edbp si\u00eau m\u1ecfng \u1edf m\u1ee9c \u0111\u1ed9 micro gi\u00fap ph\u00e1t huy t\u1ed1i \u0111a ti\u1ec1m n\u0103ng c\u1ee7a c\u00e1c th\u00e0nh ph\u1ea7n d\u01b0\u1ee1ng ch\u1ea5t c\u0169ng nh\u01b0 cung c\u1ea5p l\u01b0\u1ee3ng s\u1ea3n ph\u1ea9m ch\u00ednh x\u00e1c trong m\u1ed7i l\u1ea7n d\u00f9ng.<\/p>\n<ul>\n<li style=\"text-align: justify;\"><strong>Ageloc Me ng\u00e0y &amp; \u0111\u00eam<\/strong><\/li>\n<\/ul>\n<p style=\"text-align: justify;\">C\u00e1c c\u00f4ng th\u1ee9c ng\u00e0y v\u00e0 \u0111\u00eam \u0111\u01b0\u1ee3c thi\u1ebft k\u1ebf \u0111\u1ec3 l\u00e0m vi\u1ec7c v\u1edbi nhau nh\u1eb1m cung c\u1ea5p m\u1ed9t hydrat h\u00f3a to\u00e0n di\u1ec7n. C\u00e1c d\u01b0\u1ee1ng \u1ea9m gi\u00fap c\u1ea3i thi\u1ec7n da , tinh ch\u1ec9nh k\u1ebft c\u1ea5u v\u00e0 l\u00e0m m\u01b0\u1ee3t da, nh\u1eb9 nh\u00e0ng h\u01a1n. Th\u00f4ng qua vi\u1ec7c \u0111\u00e1nh gi\u00e1 Ageloc Nh\u1edb da, b\u1ea1n s\u1ebd c\u00f3 th\u1ec3 t\u00f9y ch\u1ec9nh d\u01b0\u1ee1ng \u1ea9m c\u1ee7a b\u1ea1n v\u1edbi m\u1ed9t lo\u1ea1t c\u00e1c ti\u00eau ch\u00ed nh\u01b0 h\u01b0\u01a1ng th\u01a1m v\u00e0 Sun Protection Factor (SPF).<\/p>\n<p><img loading=\"lazy\" class=\"aligncenter wp-image-1348 size-full\" src=\"https:\/\/tuongvibeauty.com\/wp-content\/uploads\/2019\/06\/ageloc-me-nuskin-002_grande.jpg\" alt=\"\" width=\"598\" height=\"600\" srcset=\"https:\/\/tuongvibeauty.com\/wp-content\/uploads\/2019\/06\/ageloc-me-nuskin-002_grande.jpg 598w, https:\/\/tuongvibeauty.com\/wp-content\/uploads\/2019\/06\/ageloc-me-nuskin-002_grande-150x150.jpg 150w, https:\/\/tuongvibeauty.com\/wp-content\/uploads\/2019\/06\/ageloc-me-nuskin-002_grande-300x300.jpg 300w, https:\/\/tuongvibeauty.com\/wp-content\/uploads\/2019\/06\/ageloc-me-nuskin-002_grande-100x100.jpg 100w\" sizes=\"(max-width: 598px) 100vw, 598px\" \/><\/p>\n<h2><span style=\"color: #3366ff;\"><strong>Quy tr\u00ecnh s\u1eed d\u1ee5ng thi\u1ebft b\u1ecb th\u00f4ng minh Ageloc Me<\/strong><\/span><\/h2>\n<p style=\"text-align: justify;\">C\u00e1c b\u01b0\u1edbc ch\u0103m s\u00f3c da \u0111\u01a1n gi\u1ea3n v\u00e0 ti\u1ec7n \u00edch c\u00f9ng\u00a0<strong>m\u00e1y Ageloc Me<\/strong>\u00a0s\u1ebd gi\u00fap l\u00e0n da b\u1ea1n tr\u1edf n\u00ean c\u0103ng b\u00f3ng v\u00e0 m\u1ecbn m\u00e0ng h\u01a1n bao gi\u1edd h\u1ebft. H\u00e3y c\u00f9ng nh\u00ecn xem quy tr\u00ecnh d\u00f9ng m\u00e1y Ageloc Me \u0111\u1ec3 ch\u1eafc ch\u1eafn ph\u00e1t huy t\u1ed1i \u0111a c\u00f4ng d\u1ee5ng c\u1ee7a thi\u1ebft b\u1ecb th\u00f4ng minh n\u00e0y nh\u00e9 !<\/p>\n<p><img loading=\"lazy\" class=\"aligncenter wp-image-1349 size-full\" src=\"https:\/\/tuongvibeauty.com\/wp-content\/uploads\/2019\/06\/agelocme_grande.jpg\" alt=\"\" width=\"364\" height=\"600\" srcset=\"https:\/\/tuongvibeauty.com\/wp-content\/uploads\/2019\/06\/agelocme_grande.jpg 364w, https:\/\/tuongvibeauty.com\/wp-content\/uploads\/2019\/06\/agelocme_grande-182x300.jpg 182w\" sizes=\"(max-width: 364px) 100vw, 364px\" \/><\/p>\n<p>&nbsp;<\/p>\n<p>&nbsp;<\/p>\n<p>&nbsp;<\/p>\n<p>&nbsp;<\/p>\n<p>&nbsp;<\/p>\n<p>&nbsp;<\/p>\n<p>&nbsp;<\/p>\n<p>&nbsp;<\/p>\n<p>&nbsp;<\/p>\n<p>&nbsp;<\/p>\n","protected":false},"excerpt":{"rendered":"<p>Ageloc Me v\u1edbi t\u00ednh ch\u1ea5t v\u01b0\u1ee3t tr\u1ed9i b\u1eb1ng c\u00f4ng ngh\u1ec7 si\u00eau th\u1ea9m th\u1ea5u s\u00f3ng t\u1ea7ng, gi\u00fap tr\u1ed9n l\u1eabn 3 tinh ch\u1ea5t s\u1eb5n c\u00f3 trong s\u1ea3n ph\u1ea9m v\u00e0 khu\u1ebfch t\u00e1n ch\u00fang th\u00e0nh 40 l\u1edbp si\u00eau m\u1ecfng \u1edf m\u1ee9c \u0111\u1ed9 micro, gi\u00fap th\u1ea9m th\u1ea5u nhanh v\u00e0o da, ch\u1ed1ng tr\u00f4i tinh ch\u1ea5t. Ch\u00ednh v\u00ec v\u1eady m\u00e1y Ageloc Me [&#8230;]\n","protected":false},"featured_media":1303,"comment_status":"open","ping_status":"closed","template":"","meta":[],"_links":{"self":[{"href":"https:\/\/tuongvibeauty.com\/index.php?rest_route=\/wp\/v2\/product\/1347"}],"collection":[{"href":"https:\/\/tuongvibeauty.com\/index.php?rest_route=\/wp\/v2\/product"}],"about":[{"href":"https:\/\/tuongvibeauty.com\/index.php?rest_route=\/wp\/v2\/types\/product"}],"replies":[{"embeddable":true,"href":"https:\/\/tuongvibeauty.com\/index.php?rest_route=%2Fwp%2Fv2%2Fcomments&post=1347"}],"wp:featuredmedia":[{"embeddable":true,"href":"https:\/\/tuongvibeauty.com\/index.php?rest_route=\/wp\/v2\/media\/1303"}],"wp:attachment":[{"href":"https:\/\/tuongvibeauty.com\/index.php?rest_route=%2Fwp%2Fv2%2Fmedia&parent=1347"}],"curies":[{"name":"wp","href":"https:\/\/api.w.org\/{rel}","templated":true}]}}