{"id":1328,"date":"2019-06-26T19:16:36","date_gmt":"2019-06-26T12:16:36","guid":{"rendered":"https:\/\/tuongvibeauty.com\/?post_type=product&#038;p=1328"},"modified":"2019-07-01T08:45:55","modified_gmt":"2019-07-01T01:45:55","slug":"dau-goi-thao-moc-scion-herbal-cool-200ml","status":"publish","type":"product","link":"https:\/\/tuongvibeauty.com\/?product=dau-goi-thao-moc-scion-herbal-cool-200ml","title":{"rendered":"D\u1ea7u g\u1ed9i th\u1ea3o m\u1ed9c Scion Herbal Cool 200ml"},"content":{"rendered":"<p style=\"text-align: center;\"><span style=\"color: #58c758; font-size: 15pt;\"><b style=\"color: #58c758; font-size: 15pt;\">D\u1ea6U G\u1ed8I TH\u1ea2O M\u1ed8C <\/b><span style=\"color: #58c758;\"><span style=\"font-size: 20px;\"><b>HERBAL<\/b><\/span><\/span><b style=\"color: #58c758; font-size: 15pt;\"> COOL NUSKIN \u2013 TUY\u1ec6T T\u00c1C T\u1eea THI\u00caN NHI\u00caN CHO M\u00c1I T\u00d3C<\/b><\/span><\/p>\n<p style=\"text-align: justify;\">\u00a0T\u00f3c v\u00e0 da d\u1ea7u c\u0169ng c\u1ea7n \u0111\u01b0\u1ee3c ch\u0103m s\u00f3c v\u00e0 nu\u00f4i d\u01b0\u1ee1ng nh\u01b0 l\u00e0n da m\u1eb7t v\u00e0 da tr\u00ean c\u01a1 th\u1ec3. S\u1edf h\u1eefu m\u1ed9t m\u00e1i t\u00f3c ch\u1eafc kh\u1ecfe, m\u01b0\u1ee3t m\u00e0 v\u00e0 b\u00f3ng m\u01b0\u1ee3t kh\u00f4ng h\u1ec1 kh\u00f3 nh\u01b0 nhi\u1ec1u ng\u01b0\u1eddi v\u1eabn t\u01b0\u1edfng. \u0110\u01a1n gi\u1ea3n ch\u1ec9 l\u00e0m khi b\u1ea1n ch\u1ecdn l\u1ef1a \u0111\u00fang lo\u1ea1i d\u1ea7u g\u1ed9i v\u1edbi nh\u1eefng th\u00e0nh ph\u1ea7n ph\u00f9 h\u1ee3p v\u00e0 k\u00edch th\u00edch s\u1ef1 ph\u00e1t tri\u1ec3n v\u00e0 d\u01b0\u1ee1ng t\u00f3c. <span style=\"color: #58c758;\"><strong>D\u1ea7u g\u1ed9i th\u1ea3o m\u1ed9c Herbal Cool Nuskin<\/strong><\/span>\u00a0\u0111\u00e1p \u1ee9ng \u0111\u1ee7 t\u1ea5t m\u1ecdi y\u00eau c\u1ea7u cho t\u00f3c v\u00e0 da \u0111\u1ea7u m\u00e0 ph\u00e1i \u0111\u1eb9p k\u1ef3 v\u1ecdng. M\u1eddi b\u1ea1n \u0111\u1ecdc tham kh\u1ea3o b\u00e0i vi\u1ebft \u0111\u1ec3 hi\u1ec3u h\u01a1n v\u1ec1 s\u1ea3n ph\u1ea9m tuy\u1ec7t v\u1eddi n\u00e0y!<\/p>\n<p><img loading=\"lazy\" class=\"aligncenter wp-image-1329 size-full\" src=\"https:\/\/tuongvibeauty.com\/wp-content\/uploads\/2019\/06\/d_u-g_i-th_o-m_c-2_grande.jpg\" alt=\"\" width=\"600\" height=\"338\" srcset=\"https:\/\/tuongvibeauty.com\/wp-content\/uploads\/2019\/06\/d_u-g_i-th_o-m_c-2_grande.jpg 600w, https:\/\/tuongvibeauty.com\/wp-content\/uploads\/2019\/06\/d_u-g_i-th_o-m_c-2_grande-300x169.jpg 300w\" sizes=\"(max-width: 600px) 100vw, 600px\" \/><\/p>\n<h2 style=\"text-align: center;\"><span style=\"color: #58c758;\"><strong>T\u00d3C V\u00c0 DA D\u1ea6U C\u0168NG C\u1ea6N \u0110\u01af\u1ee2C NU\u00d4I D\u01af\u1ee0NG B\u1edeI C\u00d4NG TH\u1ee8C TH\u1ea2O M\u1ed8C \u00caM \u00c1I V\u00c0 D\u1ecaU NH\u1eb8<\/strong><\/span><\/h2>\n<p style=\"text-align: justify;\">Ch\u1eafc h\u1eb3n b\u1ea1n \u0111\u00e3 bi\u1ebft, d\u01b0\u1ee3c li\u1ec7u hay th\u1ea3o m\u1ed9c thi\u00ean nhi\u00ean c\u1ef1c k\u1ef3 t\u1ed1t cho t\u00f3c va l\u00e0n da \u0111\u1ea7u nh\u1ea1y c\u1ea3m. V\u1edbi\u00a0<span style=\"color: #58c758;\"><strong>d\u1ea7u g\u1ed9i Herbal Cool<\/strong><\/span>\u00a0\u0111\u1eadm t\u00ednh thi\u00ean nhi\u00ean, kh\u00f4ng t\u1ea1o b\u1ecdt v\u00e0 kh\u00f4ng ch\u1ee9a c\u00e1c t\u00e1c nh\u00e2n h\u00f3a h\u1ecdc g\u00e2y h\u01b0 t\u1ed5n hay khi\u1ebfn t\u00f3c tr\u1edf n\u00ean kh\u00f4 v\u00e0 c\u1ee9ng. S\u1ef1 tr\u1ea3i nghi\u1ec7m tuy\u1ec7t v\u1eddi v\u1edbi d\u00f2ng s\u1ea3n ph\u1ea9m ch\u0103m d\u01b0\u1ee1ng t\u00f3c n\u00e0y s\u1ebd mang \u0111\u1ebfn nhi\u1ec1u b\u1ea5t ng\u1edd d\u00e0nh cho b\u1ea1n \u0111\u1ea5y.<\/p>\n<h3 style=\"text-align: center;\"><span style=\"color: #58c758;\">D\u1ea6U G\u1ed8I SCION HERBAL COOL C\u00d3 G\u00cc KH\u00c1C BI\u1ec6T?<\/span><\/h3>\n<p style=\"text-align: justify;\">\u00a0M\u1ed9t nghi\u00ean c\u1ee9u th\u1ea5y ch\u1ea5t Saponin c\u00f3 trong h\u1ea1t nh\u00e3n \u0111\u1eb7c bi\u1ec7t r\u1ea5t t\u1ed1t trong vi\u1ec7c ph\u1ee5c h\u1ed3i m\u00e1i t\u00f3c kh\u00f4, h\u01b0 t\u1ed5n. H\u01a1n th\u1ebf n\u1eefa, chi\u1ebft xu\u1ea5t t\u1eeb h\u1ea1t nh\u00e3n c\u00f3 kh\u1ea3 n\u0103ng di\u1ec7t khu\u1ea9n, gi\u00fap l\u00e0m s\u1ea1ch t\u00f3c v\u00e0 da d\u1ea7u nh\u01b0ng v\u1eabn l\u01b0u gi\u1eef m\u1ed9t l\u01b0\u1ee3ng d\u1ea7u nh\u1ea5t \u0111\u1ecbnh b\u1ea3o v\u1ec7 v\u00f9ng da m\u1ecfng nh\u1ea1y c\u1ea3m n\u00e0y.<\/p>\n<p style=\"text-align: justify;\">\u00a0Trong Scion Herbal Cool c\u00f2n ch\u1ee9a \u0111\u1eadu n\u00e0nh c\u00f9ng vitamin E v\u00e0 m\u1ed9t s\u1ed1 ch\u1ea5t kh\u00e1c, c\u00e1c d\u01b0\u1ee1ng ch\u1ea5t n\u00e0y gi\u00fap t\u0103ng c\u01b0\u1eddng protein nu\u00f4i d\u01b0\u1ee1ng t\u00f3c m\u1ec1m m\u1ecbn v\u00e0 b\u00f3ng m\u01b0\u1ee3t. T\u00f3c s\u1ebd tr\u1edf n\u00ean d\u00e0y h\u01a1n v\u00e0 b\u1ed3ng b\u1ec1nh theo n\u1ebfp, su\u00f4n m\u01b0\u1ee3t c\u00f9ng m\u00f9i h\u01b0\u01a1ng th\u01a1m nh\u1eb9 d\u1ecbu. S\u1ea3n ph\u1ea9m d\u1ecbu nh\u1eb9 v\u1edbi da \u0111\u1ea7u v\u00e0 kh\u00f4ng g\u00e2y k\u00edch \u1ee9ng, th\u00edch h\u1ee3p cho m\u1ecdi lo\u1ea1i t\u00f3c.<\/p>\n<p><img loading=\"lazy\" class=\"aligncenter wp-image-1330 size-full\" src=\"https:\/\/tuongvibeauty.com\/wp-content\/uploads\/2019\/06\/bbbbb_grande.png\" alt=\"\" width=\"600\" height=\"600\" srcset=\"https:\/\/tuongvibeauty.com\/wp-content\/uploads\/2019\/06\/bbbbb_grande.png 600w, https:\/\/tuongvibeauty.com\/wp-content\/uploads\/2019\/06\/bbbbb_grande-150x150.png 150w, https:\/\/tuongvibeauty.com\/wp-content\/uploads\/2019\/06\/bbbbb_grande-300x300.png 300w, https:\/\/tuongvibeauty.com\/wp-content\/uploads\/2019\/06\/bbbbb_grande-100x100.png 100w\" sizes=\"(max-width: 600px) 100vw, 600px\" \/><\/p>\n<h3 style=\"text-align: justify;\"><span style=\"color: #58c758;\"><strong>CHI\u1ebeT XU\u1ea4T THI\u00caN NHI\u00caN TUY\u1ec6T V\u1edcI TRONG D\u1ea6U G\u1ed8I TH\u1ea2O M\u1ed8C HERBAL COOL<\/strong><\/span><\/h3>\n<p style=\"text-align: justify;\">V\u00ec sao nh\u1eefng s\u1ea3n ph\u1ea9m ch\u1ee9a tinh ch\u1ea5t t\u1eeb thi\u00ean nhi\u00ean lu\u00f4n gi\u1eef \u0111\u01b0\u1ee3c s\u1ee9c h\u00fat r\u1ea5t l\u1edbn v\u1edbi ng\u01b0\u1eddi d\u00f9ng? Thi\u00ean nhi\u00ean ch\u1ee9a \u0111\u1ef1ng nh\u1eefng \u0111i\u1ec1u k\u1ef3 b\u00ed, tuy\u1ec7t v\u1eddi h\u01a1n ch\u00ednh l\u00e0, chi\u1ebft xu\u1ea5t t\u1eeb thi\u00ean nhi\u00ean khi \u0111\u01b0\u1ee3c ch\u1ecdn l\u1ecdc lu\u00f4n mang \u0111\u1ebfn s\u1ef1 an to\u00e0n v\u1edbi c\u01a1 th\u1ec3 ch\u00fang ta. V\u00e0 chi\u1ebft xu\u1ea5t t\u1eeb thi\u00ean nhi\u00ean ch\u1ee9a trong\u00a0<span style=\"color: #58c758;\"><strong>d\u1ea7u g\u1ed9i Scion Herbal Cool<\/strong><\/span>\u00a0c\u1ef1c k\u1ef3 t\u1ed1t cho m\u00e1i t\u00f3c c\u1ee7a b\u1ea1n:<\/p>\n<p style=\"text-align: justify;\"><img loading=\"lazy\" src=\"\/\/file.hstatic.net\/1000312720\/file\/ripple-1s-29px.gif\" width=\"23\" height=\"23\" \/>H\u1ea1t nh\u00e3n: Th\u00e0nh ph\u1ea7n c\u1ee7a nh\u00e3n r\u1ea5t gi\u00e0u ch\u1ea5t ch\u1ed1ng oxy h\u00f3a, c\u00f3 t\u00e1c d\u1ee5ng r\u1ea5t t\u1ed1t trong ng\u0103n ng\u1eeba nh\u1eefng \u1ea3nh h\u01b0\u1edfng t\u1eeb m\u00f4i tr\u01b0\u1eddng b\u00ean ngo\u00e0i \u0111\u1ebfn t\u00f3c, l\u00e0m ch\u1eadm qu\u00e1 tr\u00ecnh l\u00e3o h\u00f3a \u1edf t\u00f3c. Th\u00eam n\u1eefa ho\u1ea1t ch\u1ea5t saponin c\u00f3 trong h\u1ea1t nh\u00e3n c\u00f2n l\u00e0 d\u01b0\u1ee1ng ch\u1ea5t tuy\u1ec7t v\u1eddi gi\u00fap ph\u1ee5c h\u1ed3i nh\u1eefng t\u1ed5n th\u01b0\u01a1ng cho t\u00f3c, gi\u00fap t\u00f3c lu\u00f4n \u00f3ng m\u01b0\u1ee3t, ch\u1eafc kh\u1ecfe.<\/p>\n<p style=\"text-align: justify;\"><img loading=\"lazy\" src=\"\/\/file.hstatic.net\/1000312720\/file\/ripple-1s-29px.gif\" width=\"23\" height=\"23\" \/>\u0110\u1eadu n\u00e0nh: gi\u00fap t\u00f3c ch\u1eafc kh\u1ecfe v\u00e0 ng\u0103n ng\u1eeba r\u1ee5ng t\u00f3c. h\u1ee3p ch\u1ea5t genistein trong \u0111\u1eadu n\u00e0nh c\u00f3 t\u00e1c d\u1ee5ng gi\u00fap duy tr\u00ec \u0111\u1ed9 \u1ea9m c\u1ea7n thi\u1ebft cho da \u0111\u1ea7u, b\u1ea3o v\u1ec7 c\u00e1c nang t\u00f3c. Khi c\u00e1c nang t\u00f3c kh\u1ecfe m\u1ea1nh th\u00ec t\u00ecnh tr\u1ea1ng t\u00f3c g\u00e3y r\u1ee5ng s\u1ebd kh\u00f4ng xu\u1ea5t hi\u1ec7n n\u1eefa<\/p>\n<p style=\"text-align: justify;\"><img loading=\"lazy\" src=\"\/\/file.hstatic.net\/1000312720\/file\/ripple-1s-29px.gif\" width=\"23\" height=\"23\" \/>Tinh d\u1ea7u b\u1ea1c h\u00e0: L\u00e0m gi\u1ea3m vi\u1ec7c s\u1ea3n sinh l\u1edbp d\u1ea7u th\u1eeba tr\u00ean da \u0111\u1ea7u, \u0111\u1ed3ng th\u1eddi c\u00e2n b\u1eb1ng \u0111\u1ed9 ph c\u1ee7a ch\u00fang. Th\u00fac \u0111\u1ea9y t\u0103ng tr\u01b0\u1edfng t\u00f3c b\u1eb1ng c\u00e1ch k\u00edch th\u00edch c\u00e1c nang t\u00f3c, t\u0103ng qu\u00e1 tr\u00ecnh l\u01b0u th\u00f4ng m\u00e1i v\u00e0 cung c\u1ea5p oxy. B\u1ea1c h\u00e0 d\u01b0\u1ee1ng \u1ea9m t\u00f3c, tr\u1ecb g\u00e0u v\u00e0 k\u00edch th\u00edch m\u1ecdc t\u00f3c nhanh.<\/p>\n<p style=\"text-align: justify;\"><img loading=\"lazy\" src=\"\/\/file.hstatic.net\/1000312720\/file\/ripple-1s-29px.gif\" width=\"23\" height=\"23\" \/>Vitamin E: Ch\u1ea5t ch\u1ed1ng oxy h\u00f3a c\u00f3 trong vitamin E s\u1ebd \u1ee9c ch\u1ebf\/ng\u0103n ch\u1eb7n ho\u1eb7c l\u00e0m ch\u1eadm qu\u00e1 tr\u00ecnh l\u00e3o h\u00f3a. B\u00ean c\u1ea1nh \u0111\u00f3, s\u1eed d\u1ee5ng vitamin E tr\u00ean m\u00e1i t\u00f3c c\u0169ng m\u1ed9t ph\u1ea7n gi\u00fap t\u00f3c kh\u1ecfe m\u1ea1nh, s\u00e1ng b\u00f3ng t\u1eeb ch\u00e2n \u0111\u1ebfn ng\u1ecdn.<\/p>\n<p style=\"text-align: justify;\"><img loading=\"lazy\" src=\"\/\/file.hstatic.net\/1000312720\/file\/ripple-1s-29px.gif\" width=\"23\" height=\"23\" \/>Ngo\u00e0i ra d\u1ea7u g\u1ed9i Nuskin c\u00f2n ch\u1ee9a: Polyquaternium-7, Glycerin, C11-15 Pareth-7, Menthol, Disodium EDTA, Fragrance, Laureth-9, Trideceth-12, Panthenol, Sodium PCA, Citric Acid, Sodium Benzoate, Tocopheryl Acetate, Methylisothiazolinone, Aloe Barbadensis Leaf Juice, Maltodextrin, Butylene Glycol, Hydrolyzed Soy Protein, Propylene Glycol, PEG-40 Hydrogenated Castor Oil, Dimocarpus Longan Seed Extract, Arnica Montana Flower Extract, Hamamelis Virginiana (Witch Hazel) Extract, Hypericum Perforatum Extract, Salix Alba (Willow) Bark Extract, Phenoxyethanol, Urea, Salicylic Acid, Potassium Sorbate, Chlorphenesin.<\/p>\n<p style=\"text-align: justify;\">Nh\u1eefng th\u00e0nh ph\u1ea7n b\u1ed5 sung v\u1edbi c\u00e1i t\u00ean h\u00f3a h\u1ecdc nghe xa l\u1ea1 nh\u01b0ng kh\u00f4ng h\u1ec1 \u1ea9n ch\u1ee9a t\u00e1c nh\u00e2n g\u00e2y h\u1ea1i. \u0110\u00e2y l\u00e0 nh\u1eefng th\u00e0nh ph\u1ea7n v\u00f4 h\u1ea1i gi\u00fap b\u1ed5 sung th\u00eam d\u01b0\u1ee1ng ch\u1ea5t ch\u1ed1ng l\u1ea1i ch\u1ebb ng\u1ecdn, kh\u00f4, g\u00e3y r\u1ee5ng \u2026 m\u1ed9t c\u00e1ch hi\u1ec7u qu\u1ea3 nh\u1ea5t.<\/p>\n<p><img loading=\"lazy\" class=\"aligncenter wp-image-1331 size-full\" src=\"https:\/\/tuongvibeauty.com\/wp-content\/uploads\/2019\/06\/d_u-g_i-th_o-m_c-1_grande.jpg\" alt=\"\" width=\"600\" height=\"338\" srcset=\"https:\/\/tuongvibeauty.com\/wp-content\/uploads\/2019\/06\/d_u-g_i-th_o-m_c-1_grande.jpg 600w, https:\/\/tuongvibeauty.com\/wp-content\/uploads\/2019\/06\/d_u-g_i-th_o-m_c-1_grande-300x169.jpg 300w\" sizes=\"(max-width: 600px) 100vw, 600px\" \/><\/p>\n<h3 style=\"text-align: justify;\"><span style=\"color: #58c758;\"><strong>D\u1ea6U G\u1ed8I TH\u1ea2O M\u1ed8C HERBAL COOL NUSKIN C\u00d9NG NH\u1eeeNG C\u00d4NG D\u1ee4NG D\u00c0NH CHO M\u00c1I T\u00d3C C\u1ee6A B\u1ea0N<\/strong><\/span><\/h3>\n<p style=\"text-align: justify;\">\u00a0D\u01b0\u1edbi t\u00e1c \u0111\u1ed9ng c\u1ee7a th\u1eddi ti\u1ebft, m\u00f4i tr\u01b0\u1eddng hay h\u00f3a ch\u1ea5t m\u1ed7i l\u1ea7n l\u00e0m t\u00f3c, khi\u1ebfn m\u00e1i t\u00f3c c\u1ee7a b\u1ea1n tr\u1edf n\u00ean s\u01a1 r\u1ed1i, g\u00e3y r\u1ee5ng v\u00e0 ch\u1ebb ng\u1ecdn. Gi\u1ea3i ph\u00e1p c\u00f9ng <span style=\"color: #58c758;\"><strong>d\u1ea7u g\u1ed9i th\u1ea3o m\u1ed9c Herbal Cool Nuskin<\/strong><\/span>\u00a0l\u00e0 m\u1ed9t gi\u1ea3i ph\u00e1p an to\u00e0n, \u0111\u01a1n gi\u1ea3n \u0111\u1ec3 l\u1ea5y l\u1ea1i m\u00e1i t\u00f3c m\u01b0\u1ee3t m\u00e0, \u00f3ng \u1ea3, ch\u1eafc kh\u1ecfe v\u00e0 nu\u00f4i d\u01b0\u1ee1ng t\u00f3c t\u1eeb t\u1eadn g\u1ed1c r\u1ec5.<\/p>\n<p style=\"text-align: justify;\">\u00a0V\u1edbi c\u00e1c th\u00e0nh ph\u1ea7n nh\u1eb9 nh\u00e0ng t\u1ef1 nhi\u00ean \u0111\u01b0\u1ee3c chi\u1ebft xu\u1ea5t t\u1eeb h\u1ea1t nh\u00e3n, \u0111\u1eadu n\u00e0nh v\u00e0 vitamin E, <span style=\"color: #58c758;\"><strong>d\u1ea7u g\u1ed9i th\u1ea3o m\u1ed9c m\u00e1t l\u1ea1nh 2 in 1 Scion Herbal Cool\u00a0<\/strong><\/span>c\u00f3 t\u00e1c d\u1ee5ng nu\u00f4i d\u01b0\u1ee1ng c\u00e1c s\u1ee3i t\u00f3c v\u00e0 gi\u00fap \u0111i\u1ec1u ch\u1ec9nh c\u00e2n b\u1eb1ng l\u01b0\u1ee3ng d\u1ea7u th\u1eeba c\u1ee7a t\u00f3c v\u00e0 da \u0111\u1ea7u. Th\u00e0nh ph\u1ea7n tinh d\u1ea7u b\u1ea1c h\u00e0 t\u1ea1o c\u1ea3m gi\u00e1c m\u00e1t l\u1ea1nh sau m\u1ed7i l\u1ea7n g\u1ed9i v\u00e0 lo\u1ea1i s\u1ea1ch g\u00e0u tr\u00ean da d\u1ea7u, kh\u00f4ng g\u00e2y ng\u1ee9a hay k\u00edch \u1ee9ng l\u00e0n da \u0111\u1ea7u.<\/p>\n<p style=\"text-align: justify;\">\u00a0D\u1ea7u g\u1ed9i c\u00f2n gi\u00fap t\u1ea1o ki\u1ec3u t\u00f3c s\u00e1ng b\u00f3ng v\u00e0 kh\u1ecfe m\u1ea1nh, ph\u00f9 h\u1ee3p v\u1edbi t\u1ea5t c\u1ea3 lo\u1ea1i t\u00f3c v\u00e0 c\u00f3 th\u1ec3 s\u1eed d\u1ee5ng h\u00e0ng ng\u00e0y.<\/p>\n<p><img loading=\"lazy\" class=\"aligncenter wp-image-1332 size-full\" src=\"https:\/\/tuongvibeauty.com\/wp-content\/uploads\/2019\/06\/hhhhh_grande.jpg\" alt=\"\" width=\"600\" height=\"350\" srcset=\"https:\/\/tuongvibeauty.com\/wp-content\/uploads\/2019\/06\/hhhhh_grande.jpg 600w, https:\/\/tuongvibeauty.com\/wp-content\/uploads\/2019\/06\/hhhhh_grande-300x175.jpg 300w\" sizes=\"(max-width: 600px) 100vw, 600px\" \/><\/p>\n<h3 style=\"text-align: justify;\"><span style=\"color: #58c758;\"><strong>D\u00d9NG D\u1ea6U G\u1ed8I TH\u1ea2O M\u1ed8C NUSKIN TH\u1ebe N\u00c0O \u0110\u1ec2 \u0110\u1ea0T HI\u1ec6U QU\u1ea2 T\u1ed0T NH\u1ea4T<\/strong><\/span><\/h3>\n<p style=\"text-align: justify;\">Th\u1eadt ra, <span style=\"color: #58c758;\"><strong>d\u1ea7u g\u1ed9i th\u1ea3o m\u1ed9c Nuskin Scion<\/strong><\/span> c\u00f3 c\u00e1ch d\u00f9ng r\u1ea5t \u0111\u01a1n gi\u1ea3n, ch\u1ec9 c\u1ea7n thoa d\u1ea7u g\u1ed9i v\u1edbi m\u1ed9t l\u01b0\u1ee3ng v\u1eeba \u0111\u1ee7 l\u00ean t\u00f3c sau khi l\u00e0m \u01b0\u1edbt t\u00f3c v\u00e0 da \u0111\u1ea7u, d\u00f9ng c\u00e1c ng\u00f3n tay m\u00e1t xa nh\u1eb9 nh\u00e0ng, sau \u0111\u00f3 g\u1ed9i s\u1ea1ch v\u1edbi n\u01b0\u1edbc.\u00a0B\u1ea1n c\u00f3 th\u1ec3 g\u1ed9i th\u00eam l\u1ea7n n\u1eefa n\u1ebfu mu\u1ed1n. M\u00e1t xa da \u0111\u1ea7u th\u1eadt ch\u1eadm \u0111\u1ec3 d\u01b0\u1ee1ng ch\u1ea5t th\u1ea5m v\u00e0o t\u00f3c v\u00e0 ch\u00e2n t\u00f3c, th\u01b0 gi\u00e3n v\u00e0 gi\u1ea3i t\u1ecfa c\u0103ng th\u1eb3ng c\u00f9ng h\u01b0\u01a1ng th\u01a1m d\u1ecbu nh\u1eb9 t\u1eeb d\u1ea7u g\u1ed9i \u0111\u01b0\u1ee3c xem l\u00e0 ph\u01b0\u01a1ng ph\u00e1p c\u1ef1c hi\u1ec7u qu\u1ea3 \u0111\u1ea5y!<\/p>\n<h4 style=\"text-align: justify;\">NHANH TAY S\u1ede H\u1eeeU D\u1ea6U G\u1ed8I TH\u1ea2O M\u1ed8C HERBAL COOL AN TO\u00c0N D\u1ecaU NH\u1eb8 CHO T\u00d3C S\u1ea0CH &amp; TH\u01a0M<\/h4>\n<p>&nbsp;<\/p>\n<p>&nbsp;<\/p>\n<p>&nbsp;<\/p>\n<p>&nbsp;<\/p>\n<p>&nbsp;<\/p>\n<p>&nbsp;<\/p>\n<p>&nbsp;<\/p>\n<p>&nbsp;<\/p>\n<p>&nbsp;<\/p>\n","protected":false},"excerpt":{"rendered":"<p>D\u1ea6U G\u1ed8I TH\u1ea2O M\u1ed8C HERBAL COOL NUSKIN \u2013 TUY\u1ec6T T\u00c1C T\u1eea THI\u00caN NHI\u00caN CHO M\u00c1I T\u00d3C \u00a0T\u00f3c v\u00e0 da d\u1ea7u c\u0169ng c\u1ea7n \u0111\u01b0\u1ee3c ch\u0103m s\u00f3c v\u00e0 nu\u00f4i d\u01b0\u1ee1ng nh\u01b0 l\u00e0n da m\u1eb7t v\u00e0 da tr\u00ean c\u01a1 th\u1ec3. S\u1edf h\u1eefu m\u1ed9t m\u00e1i t\u00f3c ch\u1eafc kh\u1ecfe, m\u01b0\u1ee3t m\u00e0 v\u00e0 b\u00f3ng m\u01b0\u1ee3t kh\u00f4ng h\u1ec1 kh\u00f3 nh\u01b0 nhi\u1ec1u ng\u01b0\u1eddi [&#8230;]\n","protected":false},"featured_media":1333,"comment_status":"open","ping_status":"closed","template":"","meta":[],"_links":{"self":[{"href":"https:\/\/tuongvibeauty.com\/index.php?rest_route=\/wp\/v2\/product\/1328"}],"collection":[{"href":"https:\/\/tuongvibeauty.com\/index.php?rest_route=\/wp\/v2\/product"}],"about":[{"href":"https:\/\/tuongvibeauty.com\/index.php?rest_route=\/wp\/v2\/types\/product"}],"replies":[{"embeddable":true,"href":"https:\/\/tuongvibeauty.com\/index.php?rest_route=%2Fwp%2Fv2%2Fcomments&post=1328"}],"wp:featuredmedia":[{"embeddable":true,"href":"https:\/\/tuongvibeauty.com\/index.php?rest_route=\/wp\/v2\/media\/1333"}],"wp:attachment":[{"href":"https:\/\/tuongvibeauty.com\/index.php?rest_route=%2Fwp%2Fv2%2Fmedia&parent=1328"}],"curies":[{"name":"wp","href":"https:\/\/api.w.org\/{rel}","templated":true}]}}