{"id":1324,"date":"2019-06-26T19:06:58","date_gmt":"2019-06-26T12:06:58","guid":{"rendered":"https:\/\/tuongvibeauty.com\/?post_type=product&#038;p=1324"},"modified":"2019-07-01T08:46:09","modified_gmt":"2019-07-01T01:46:09","slug":"sua-tam-scion-hand-body-wash-200-ml","status":"publish","type":"product","link":"https:\/\/tuongvibeauty.com\/?product=sua-tam-scion-hand-body-wash-200-ml","title":{"rendered":"S\u1eefa t\u1eafm Scion Hand &#038; Body Wash 200 ml"},"content":{"rendered":"<h2 style=\"text-align: justify;\"><span style=\"color: #00aae7;\">S\u1eeeA T\u1eaeM SCION HAND &amp; BODY WASH &#8211; N\u00c2NG T\u1ea6M VI\u1ec6C T\u1eaeM TH\u00c0NH 1 TR\u1ea2I NGHI\u1ec6M CH\u0102M S\u00d3C DA V\u00c0 C\u01a0 TH\u1ec2<\/span><\/h2>\n<p style=\"text-align: justify;\">S\u1eefa t\u1eafm Scion Hand &amp; Body Wash v\u1edbi chi\u1ebft xu\u1ea5t t\u1eeb th\u00e0nh ph\u1ea7n thi\u00ean nhi\u00ean l\u00e0nh t\u00ednh mang \u0111\u1ebfn tr\u1ea3i nghi\u1ec7m tuy\u1ec7t v\u1eddi nh\u1ea5t trong vi\u1ec7c ch\u0103m s\u00f3c l\u00e0n da &amp; c\u01a1 th\u1ec3. Scion Hand &amp; Body Wash c\u00f3 t\u00e1c d\u1ee5ng duy tr\u00ec \u0111\u1ed9 \u1ea9m t\u1ef1 nhi\u00ean c\u1ee7a da, b\u1ea3o v\u1ec7 v\u00e0 gi\u00fap l\u00e0n da lu\u00f4n m\u1ec1m m\u1ea1i v\u00e0 t\u01b0\u01a1i m\u00e1t c\u1ea3 ng\u00e0y. C\u00e1c tinh ch\u1ea5t trong s\u1eefa t\u1eafm Scion s\u1ebd th\u1ea9m th\u1ea5u s\u00e2u trong da, gi\u00fap lo\u1ea1i b\u1ecf nh\u1eefng t\u1ea1p ch\u1ea5t, nh\u1eefng t\u1ebf b\u00e0o ch\u1ebft ra ngo\u00e0i, \u0111\u1ea9y tr\u00f4i b\u1ee5i b\u1ea9n \u1ea9n s\u00e2u, mang l\u1ea1i l\u00e0n da tr\u00e0n \u0111\u1ea7y s\u1ee9c s\u1ed1ng, cung c\u1ea5p \u0111\u1ed9 \u1ea9m thi\u1ebft y\u1ebfu v\u00e0 \u0111\u1ed9 m\u1ecbn m\u00e0ng \u0111\u00e1ng ao \u01b0\u1edbc.<\/p>\n<p style=\"text-align: justify;\">Tinh ch\u1ea5t t\u1eeb h\u1ea1t nh\u00e3n, hoa c\u00fac c\u00f9ng vitamin E t\u0103ng c\u01b0\u1eddng ph\u1ee5c h\u1ed3i v\u00e0 b\u1ea3o v\u1ec7 l\u00e0n da kh\u1ecfi h\u01b0 t\u1ed5n, ch\u1ed1ng l\u00e3o h\u00f3a da ngay t\u1eeb b\u00ean trong, duy tr\u00ec \u0111\u1ed9 \u1ea9m t\u1ef1 nhi\u00ean, gi\u00fap da lu\u00f4n m\u1ec1m m\u1ea1i, m\u1ecbn m\u00e0ng v\u00e0 t\u01b0\u01a1i m\u00e1t. Mang \u0111\u1ebfn cho b\u1ea1n c\u1ea3m gi\u00e1c tr\u1ea3i nghi\u1ec7m khoan kho\u00e1i tuy\u1ec7t v\u1eddi.<\/p>\n<p>&nbsp;<\/p>\n<p><img loading=\"lazy\" class=\"aligncenter wp-image-1325 size-full\" src=\"https:\/\/tuongvibeauty.com\/wp-content\/uploads\/2019\/06\/Sua-tam-Scion-1.jpg\" alt=\"\" width=\"800\" height=\"800\" srcset=\"https:\/\/tuongvibeauty.com\/wp-content\/uploads\/2019\/06\/Sua-tam-Scion-1.jpg 800w, https:\/\/tuongvibeauty.com\/wp-content\/uploads\/2019\/06\/Sua-tam-Scion-1-150x150.jpg 150w, https:\/\/tuongvibeauty.com\/wp-content\/uploads\/2019\/06\/Sua-tam-Scion-1-300x300.jpg 300w, https:\/\/tuongvibeauty.com\/wp-content\/uploads\/2019\/06\/Sua-tam-Scion-1-768x768.jpg 768w, https:\/\/tuongvibeauty.com\/wp-content\/uploads\/2019\/06\/Sua-tam-Scion-1-600x600.jpg 600w, https:\/\/tuongvibeauty.com\/wp-content\/uploads\/2019\/06\/Sua-tam-Scion-1-100x100.jpg 100w\" sizes=\"(max-width: 800px) 100vw, 800px\" \/><\/p>\n<p>&nbsp;<\/p>\n<h3 style=\"text-align: justify;\"><span style=\"color: #00aae7;\"><strong>D\u01af\u1ee2C LI\u1ec6U T\u1eea THI\u00caN NHI\u00caN \u0110\u01af\u1ee2C CH\u1ee8A D\u1ef0NG TRONG S\u1eeeA T\u1eaeM SCION HAND &amp; BODY WASH<\/strong><\/span><\/h3>\n<p style=\"text-align: justify;\">Trong s\u1eefa t\u1eafm Scion Hand &amp; Body Wash c\u00f3 ch\u1ee9a th\u00e0nh ph\u1ea7n c\u1ee7a nh\u00e3n r\u1ea5t gi\u00e0u ch\u1ea5t ch\u1ed1ng oxy h\u00f3a, c\u00f3 t\u00e1c d\u1ee5ng r\u1ea5t t\u1ed1t trong ng\u0103n ng\u1eeba nh\u1eefng \u1ea3nh h\u01b0\u1edfng t\u1eeb m\u00f4i tr\u01b0\u1eddng b\u00ean ngo\u00e0i \u0111\u1ebfn t\u00f3c, l\u00e0m ch\u1eadm qu\u00e1 tr\u00ecnh l\u00e3o h\u00f3a \u1edf t\u00f3c. Th\u00eam n\u1eefa ho\u1ea1t ch\u1ea5t saponin c\u00f3 trong h\u1ea1t nh\u00e3n c\u00f2n l\u00e0 d\u01b0\u1ee1ng ch\u1ea5t tuy\u1ec7t v\u1eddi gi\u00fap ph\u1ee5c h\u1ed3i nh\u1eefng t\u1ed5n th\u01b0\u01a1ng cho t\u00f3c, gi\u00fap t\u00f3c lu\u00f4n \u00f3ng m\u01b0\u1ee3t, ch\u1eafc kh\u1ecfe.<\/p>\n<p style=\"text-align: justify;\">Th\u00e0nh ph\u1ea7n hoa c\u00fac l\u00e0 bisabolol c\u00f3 t\u00e1c d\u1ee5ng ch\u1ed1ng d\u1ecb \u1ee9ng, chamazulan c\u00f3 kh\u1ea3 n\u0103ng l\u00e0m d\u1ecbu v\u1ebft th\u01b0\u01a1ng v\u00e0 kh\u00e1ng khu\u1ea9n hi\u1ec7u qu\u1ea3. C\u00e1c nh\u00e0 khoa h\u1ecdc \u0111\u00e3 ch\u1ee9ng minh hi\u1ec7u qu\u1ea3 c\u1ee7a hai th\u00e0nh ph\u1ea7n n\u00e0y trong vi\u1ec7c ng\u0103n ng\u1eeba g\u00e3y r\u1ee5ng, k\u00edch th\u00edch qu\u00e1 tr\u00ecnh m\u1ecdc c\u1ee7a c\u00e1c nang t\u00f3c. K\u1ebft h\u1ee3p v\u1edbi vitamin E nu\u00f4i d\u01b0\u1ee1ng t\u00f3c gi\u00fap m\u00e1i t\u00f3c tr\u1edf n\u00ean d\u00e0y v\u00e0 su\u00f4n m\u01b0\u1ee3t h\u01a1n bao gi\u1edd h\u1ebft.<\/p>\n<p><img loading=\"lazy\" class=\"aligncenter wp-image-1326 size-full\" src=\"https:\/\/tuongvibeauty.com\/wp-content\/uploads\/2019\/06\/sua-tam-scion-hand-body-wash-3.jpg\" alt=\"\" width=\"350\" height=\"327\" srcset=\"https:\/\/tuongvibeauty.com\/wp-content\/uploads\/2019\/06\/sua-tam-scion-hand-body-wash-3.jpg 350w, https:\/\/tuongvibeauty.com\/wp-content\/uploads\/2019\/06\/sua-tam-scion-hand-body-wash-3-300x280.jpg 300w\" sizes=\"(max-width: 350px) 100vw, 350px\" \/><\/p>\n<h4 style=\"text-align: justify;\"><span style=\"color: #00aae7;\"><strong>N\u00c2NG CAO HI\u1ec6U QU\u1ea2 S\u1eec D\u1ee4NG S\u1eeeA T\u1eaeM NUSKIN<\/strong><\/span><\/h4>\n<p style=\"text-align: justify;\">\u0110\u1ec3 n\u00e2ng cao hi\u1ec7u qu\u1ea3 s\u1eed d\u1ee5ng c\u1ee7a s\u1ea3n ph\u1ea9m, b\u1ea1n c\u1ea7n l\u01b0u \u00fd \u0111\u1ebfn c\u00e1ch d\u00f9ng. M\u1ed9t s\u1ea3n ph\u1ea9m s\u1eefa t\u1eafm t\u1ed1t nh\u1ea5t c\u0169ng ph\u1ea3i \u0111i k\u00e8m theo m\u1ed9t c\u00e1ch s\u1eed d\u1ee5ng chu\u1ea9n theo khuy\u00ean t\u1eeb chuy\u00ean gia.<\/p>\n<ol style=\"text-align: justify;\">\n<li style=\"text-align: justify;\">\u0110\u1ea7u ti\u00ean, b\u1ea1n l\u00e0m \u01b0\u1edbt \u0111\u1ec1u c\u01a1 th\u1ec3, m\u00e1t-xa nh\u1eb9 nh\u00e0ng \u0111\u1ec3 lo\u1ea1i b\u1ecf b\u1edbt b\u1ee5i b\u1ea9n tr\u00ean b\u1ec1 m\u1eb7t da.<\/li>\n<li style=\"text-align: justify;\">Sau \u0111\u00f3 b\u1ea1n c\u00f3 th\u1ec3 s\u1eed d\u1ee5ng tr\u1ef1c ti\u1ebfp s\u1eefa t\u1eafm \u0111\u1ec3 m\u00e1t-xa c\u01a1 th\u1ec3. Tuy nhi\u00ean \u0111\u1ec3 t\u0103ng hi\u1ec7u qu\u1ea3 s\u1eed d\u1ee5ng c\u0169ng nh\u01b0 c\u1ea3m gi\u00e1c th\u01b0 th\u00e1i khi t\u1eafm, b\u1ea1n n\u00ean d\u00f9ng b\u00f4ng t\u1eafm \u0111\u1ec3 t\u1ea1o b\u1ecdt.<\/li>\n<li style=\"text-align: justify;\">H\u00e3y massage c\u01a1 th\u1ec3 nh\u1eb9 nh\u00e0ng sau \u0111\u00f3 l\u00e0m s\u1ea1ch c\u01a1 th\u1ec3 l\u1ea1i v\u1edbi n\u01b0\u1edbc s\u1ea1ch.<\/li>\n<\/ol>\n<p style=\"text-align: justify;\">B\u00ean c\u1ea1nh vi\u1ec7c s\u1eed d\u1ee5ng s\u1ea3n ph\u1ea9m t\u1ed1t, b\u1ea1n c\u1ea7n y\u00eau th\u01b0\u01a1ng l\u00e0n da h\u01a1n. M\u1ed9t s\u1ed1 b\u00ed quy\u1ebft \u0111\u1ec3 b\u1ea1n nhanh ch\u00f3ng s\u1edf h\u1eefu l\u00e0n da tr\u1eafng:<\/p>\n<ul style=\"text-align: justify;\">\n<li>\u00c1nh n\u1eafng m\u1eb7t tr\u1eddi v\u00f4 c\u00f9ng c\u00f3 h\u1ea1i v\u1edbi l\u00e0n da. N\u1ebfu b\u1ea1n kh\u00f4ng b\u1ea3o v\u1ec7 da kh\u1ecfi t\u00e1c h\u1ea1i c\u1ee7a tia c\u1ef1c t\u00edm t\u1eeb m\u1eb7t tr\u1eddi th\u00ec d\u00f9 l\u00e0 s\u1ea3n ph\u1ea9m ch\u1ea5t l\u01b0\u1ee3ng nh\u01b0 th\u1ebf n\u00e0o c\u0169ng kh\u00f4ng gi\u00fap da b\u1ea1n \u0111\u1eb9p l\u00ean \u0111\u01b0\u1ee3c<\/li>\n<li>T\u1eafm k\u1ebft h\u1ee3p n\u01b0\u1edbc n\u00f3ng v\u00e0 n\u01b0\u1edbc l\u1ea1nh. \u0110\u1ea7u ti\u00ean b\u1ea1n n\u00ean t\u1eafm b\u1eb1ng n\u01b0\u1edbc n\u00f3ng \u1edf nhi\u1ec7t \u0111\u1ed9 v\u1eeba ph\u1ea3i \u0111\u1ec3 l\u1ed7 ch\u00e2n l\u00f4ng \u0111\u01b0\u1ee3c m\u1edf ra. L\u1ed7 ch\u00e2n l\u00f4ng m\u1edf ra \u0111\u1ea9y h\u1ebft b\u1ee5i b\u1ea9n v\u00e0 m\u1ed3 h\u00f4i ra ngo\u00e0i. Sau \u0111\u00f3 k\u1ebft th\u00fac b\u1eb1ng vi\u1ec7c t\u1eafm n\u01b0\u1edbc l\u1ea1nh l\u00ean to\u00e0n th\u00e2n \u0111\u1ec3 l\u1ed7 ch\u00e2n l\u00f4ng \u0111\u00f3ng l\u1ea1i, l\u01b0u gi\u1eef d\u01b0\u1ee1ng ch\u1ea5t t\u1eeb s\u1eefa t\u1eafm v\u00e0 c\u00e1c s\u1ea3n ph\u1ea9m b\u1ed5 sung kh\u00e1c.<\/li>\n<\/ul>\n<p style=\"text-align: justify;\">B\u00ean c\u1ea1nh ch\u1ec9 s\u1eed d\u1ee5ng ri\u00eang l\u1ebb m\u1ed9t s\u1ea3n ph\u1ea9m, b\u1ea1n n\u00ean tham kh\u1ea3o qua b\u1ed9 s\u1ea3n ph\u1ea9m ph\u00f2ng t\u1eafm scion. V\u1edbi ch\u1ea5t l\u01b0\u1ee3ng v\u01b0\u1ee3t tr\u1ed9i c\u1ee7a s\u1eefa t\u1eafm, th\u00ec ch\u1eafc ch\u1eafn d\u1ea7u g\u1ed9i \u0111\u1ebfn t\u1eeb Nuskin c\u0169ng mang ch\u1ea5t l\u01b0\u1ee3ng t\u01b0\u01a1ng t\u1ef1.<\/p>\n<p>&nbsp;<\/p>\n<p>&nbsp;<\/p>\n<p>&nbsp;<\/p>\n<p>&nbsp;<\/p>\n<p>&nbsp;<\/p>\n<p>&nbsp;<\/p>\n<p>&nbsp;<\/p>\n","protected":false},"excerpt":{"rendered":"<p>S\u1eeeA T\u1eaeM SCION HAND &amp; BODY WASH &#8211; N\u00c2NG T\u1ea6M VI\u1ec6C T\u1eaeM TH\u00c0NH 1 TR\u1ea2I NGHI\u1ec6M CH\u0102M S\u00d3C DA V\u00c0 C\u01a0 TH\u1ec2 S\u1eefa t\u1eafm Scion Hand &amp; Body Wash v\u1edbi chi\u1ebft xu\u1ea5t t\u1eeb th\u00e0nh ph\u1ea7n thi\u00ean nhi\u00ean l\u00e0nh t\u00ednh mang \u0111\u1ebfn tr\u1ea3i nghi\u1ec7m tuy\u1ec7t v\u1eddi nh\u1ea5t trong vi\u1ec7c ch\u0103m s\u00f3c l\u00e0n da &amp; c\u01a1 th\u1ec3. [&#8230;]\n","protected":false},"featured_media":1327,"comment_status":"open","ping_status":"closed","template":"","meta":[],"_links":{"self":[{"href":"https:\/\/tuongvibeauty.com\/index.php?rest_route=\/wp\/v2\/product\/1324"}],"collection":[{"href":"https:\/\/tuongvibeauty.com\/index.php?rest_route=\/wp\/v2\/product"}],"about":[{"href":"https:\/\/tuongvibeauty.com\/index.php?rest_route=\/wp\/v2\/types\/product"}],"replies":[{"embeddable":true,"href":"https:\/\/tuongvibeauty.com\/index.php?rest_route=%2Fwp%2Fv2%2Fcomments&post=1324"}],"wp:featuredmedia":[{"embeddable":true,"href":"https:\/\/tuongvibeauty.com\/index.php?rest_route=\/wp\/v2\/media\/1327"}],"wp:attachment":[{"href":"https:\/\/tuongvibeauty.com\/index.php?rest_route=%2Fwp%2Fv2%2Fmedia&parent=1324"}],"curies":[{"name":"wp","href":"https:\/\/api.w.org\/{rel}","templated":true}]}}