{"id":1255,"date":"2019-06-26T15:43:35","date_gmt":"2019-06-26T08:43:35","guid":{"rendered":"https:\/\/tuongvibeauty.com\/?post_type=product&#038;p=1255"},"modified":"2019-07-01T08:48:13","modified_gmt":"2019-07-01T01:48:13","slug":"thuc-pham-bao-ve-suc-khoe-bioginkgo","status":"publish","type":"product","link":"https:\/\/tuongvibeauty.com\/?product=thuc-pham-bao-ve-suc-khoe-bioginkgo","title":{"rendered":"Th\u1ef1c ph\u1ea9m b\u1ea3o v\u1ec7 s\u1ee9c kh\u1ecfe BIOGINKGO"},"content":{"rendered":"<p style=\"padding-left: 30px;\"><strong>Ba\u0309o v\u00ea\u0323 s\u01b0\u0301c kho\u0309e v\u01a1\u0301i BioGinkgo 27\/7<\/strong><\/p>\n<p style=\"padding-left: 30px;\">Nga\u0300y nay khi d\u01b0\u01a1\u0301i ta\u0301c \u0111\u00f4\u0323ng cu\u0309a nhi\u00ea\u0300u th\u01b0\u0301 nh\u01b0 \u0111\u00f4\u0300 \u0103n, tho\u0301i quen sinh hoa\u0323t, \u00f4 nhi\u00ea\u0303m m\u00f4i tr\u01b0\u01a1\u0300ng,&#8230; s\u01b0\u0301c kho\u0309e con ng\u01b0\u01a1\u0300i d\u01b0\u01a1\u0300ng nh\u01b0 \u0111ang bi\u0323 \u0111e do\u0323a r\u00e2\u0301t nhi\u00ea\u0300u.<\/p>\n<p style=\"padding-left: 30px;\">Kh\u00f4ng nh\u01b0\u0303ng th\u00ea\u0301 ca\u0301c c\u0103n b\u00ea\u0323nh \u0111\u00f4\u0309 \u00e2\u0323p b\u00e2\u0301t ng\u01a1\u0300 nh\u01b0 tai bi\u00ea\u0301n ma\u0323ch ma\u0301u na\u0303o hay ca\u0301c b\u00ea\u0323nh suy gia\u0309m tri\u0301 nh\u01a1\u0301 \u0111\u00ea\u0300u khi\u00ea\u0301n cu\u00f4\u0323c s\u00f4\u0301ng cu\u0309a chu\u0301ng ta gia\u0309m \u0111i ch\u00e2\u0301t l\u01b0\u01a1\u0323ng ph\u00e2\u0300n na\u0300o th\u00e2\u0323m chi\u0301 l\u00e2m va\u0300o ti\u0300nh tra\u0323ng nguy hi\u00ea\u0309m.<\/p>\n<p style=\"padding-left: 30px;\">\u00a0V\u00e2\u0323y ha\u0303y \u0111\u00ea\u0309 cho\u00a0<strong>BioGinkgo 27\/7\u00a0<\/strong>giu\u0301p ba\u0323n san se\u0309 n\u00f4\u0303i lo na\u0300y nhe\u0301.<\/p>\n<p><img loading=\"lazy\" class=\"aligncenter wp-image-1261 size-large\" src=\"https:\/\/tuongvibeauty.com\/wp-content\/uploads\/2019\/06\/tpcn-bioginkgo277-nuskin-15-1024x576-1024x576.jpg\" alt=\"\" width=\"1020\" height=\"574\" srcset=\"https:\/\/tuongvibeauty.com\/wp-content\/uploads\/2019\/06\/tpcn-bioginkgo277-nuskin-15-1024x576.jpg 1024w, https:\/\/tuongvibeauty.com\/wp-content\/uploads\/2019\/06\/tpcn-bioginkgo277-nuskin-15-1024x576-300x169.jpg 300w, https:\/\/tuongvibeauty.com\/wp-content\/uploads\/2019\/06\/tpcn-bioginkgo277-nuskin-15-1024x576-768x432.jpg 768w, https:\/\/tuongvibeauty.com\/wp-content\/uploads\/2019\/06\/tpcn-bioginkgo277-nuskin-15-1024x576-600x338.jpg 600w\" sizes=\"(max-width: 1020px) 100vw, 1020px\" \/><\/p>\n<h2><strong><span style=\"color: #ff00ff;\">GI\u01a0\u0301I THI\u00ca\u0323U V\u00ca\u0300 SA\u0309N PH\u00c2\u0309M BIOGINKGO 27\/7<\/span><\/strong><\/h2>\n<p>\u0110\u00f4\u0301i v\u01a1\u0301i cu\u00f4\u0323c s\u00f4\u0301ng cu\u0309a m\u00f4\u0303i chu\u0301ng ta vi\u00ea\u0323c co\u0301 \u0111\u01b0\u01a1\u0323c m\u00f4\u0323t b\u00f4\u0323 na\u0303o minh m\u00e2\u0303n ke\u0300m theo m\u00f4\u0323t tri\u0301 nh\u01a1\u0301 si\u00eau vi\u00ea\u0323c la\u0300 m\u00f4\u0323t \u0111i\u00ea\u0300u v\u00f4 cu\u0300ng kha\u0301t khao. Vi\u0300 co\u0301 nh\u01b0 v\u00e2\u0323y cu\u00f4\u0323c s\u00f4\u0301ng cu\u0309a chu\u0301ng ta m\u01a1\u0301i th\u00e2\u0323t s\u01b0\u0323 thoa\u0309i ma\u0301i va\u0300 giu\u0301p chu\u0301ng ta co\u0301 th\u00ea\u0309 la\u0300m chu\u0309 \u0111\u01b0\u01a1\u0323c tri th\u01b0\u0301c.<\/p>\n<p>Ba\u0323n \u0111ang va\u0300o mua thi? Ba\u0323n la\u0300 ng\u01b0\u01a1\u0300i \u0111i la\u0300m va\u0300 pha\u0309i hoa\u0323t \u0111\u00f4\u0323ng tri\u0301 o\u0301c? Ba\u0323n g\u0103\u0323p ti\u0300nh tra\u0323ng hay qu\u00ean? Ba\u0323n th\u01b0\u01a1\u0300ng kho\u0301 ti\u00ea\u0301p thu m\u00f4\u0323t \u0111i\u00ea\u0300u gi\u0300 \u0111o\u0301? \u0110\u01b0\u0300ng qua\u0301 lo bu\u00f4\u0300n n\u01b0\u0303a nhe\u0301, vi\u0300\u00a0<strong>BioGinkgo 27\/7\u00a0<\/strong>\u0111a\u0303 xu\u00e2\u0301t hi\u00ea\u0323n va\u0300 \u0111\u00ea\u0301n v\u01a1\u0301i ba\u0323n v\u01a1\u0301i ch\u01b0\u0301c n\u0103ng\u00a0 h\u1ed7 tr\u1ee3 t\u0103ng c\u01b0\u1eddng m\u00e1u v\u00e0 oxy l\u01b0u th\u00f4ng \u0111\u1ebfn n\u00e3o b\u1ed9 v\u00e0 c\u00e1c chi t\u1ed1t h\u01a1n.<\/p>\n<p>V\u01a1\u0301i m\u00e2\u0301y chu\u0323c n\u0103m kinh nghi\u00ea\u0323m, Nuskin lu\u0301c na\u0300o cu\u0303ng na\u0300o trong s\u00f4\u0301 nh\u01b0\u0303ng th\u01b0\u01a1ng hi\u00ea\u0323u uy ti\u0301n \u0111i \u0111\u00e2\u0300u trong vi\u00ea\u0323c ba\u0309o v\u00ea\u0323 va\u0300 ch\u0103\u0301c so\u0301c s\u01b0\u0301c kho\u0309e con ng\u01b0\u01a1\u0300i. Chi\u0301nh vi\u0300 v\u00e2\u0323y ch\u00e2\u0301t l\u01b0\u01a1\u0323ng va\u0300 uy ti\u0301n kh\u00f4ng co\u0300n gi\u0300 \u0111\u00ea\u0309 ba\u0300n ca\u0303i. Va\u0300 sa\u0309n ph\u00e2\u0309m se\u0303 tr\u01a1\u0309 tha\u0300nh gia\u0309i pha\u0301p h\u01b0\u0303u hi\u00ea\u0323u da\u0300nh cho ba\u0323n.<\/p>\n<p><img loading=\"lazy\" class=\"aligncenter wp-image-1257 size-full\" src=\"https:\/\/tuongvibeauty.com\/wp-content\/uploads\/2019\/06\/affcbb559faf04070e5e21d83869a01c_grande.jpg\" alt=\"\" width=\"600\" height=\"600\" srcset=\"https:\/\/tuongvibeauty.com\/wp-content\/uploads\/2019\/06\/affcbb559faf04070e5e21d83869a01c_grande.jpg 600w, https:\/\/tuongvibeauty.com\/wp-content\/uploads\/2019\/06\/affcbb559faf04070e5e21d83869a01c_grande-150x150.jpg 150w, https:\/\/tuongvibeauty.com\/wp-content\/uploads\/2019\/06\/affcbb559faf04070e5e21d83869a01c_grande-300x300.jpg 300w, https:\/\/tuongvibeauty.com\/wp-content\/uploads\/2019\/06\/affcbb559faf04070e5e21d83869a01c_grande-100x100.jpg 100w\" sizes=\"(max-width: 600px) 100vw, 600px\" \/><\/p>\n<p>&nbsp;<\/p>\n<h3><span style=\"color: #ff00ff;\"><strong>C\u00d4NG DU\u0323NG CU\u0309A<\/strong><strong>\u00a0SA\u0309N PH\u00c2\u0309M BIOGINKGO 27\/7 NH\u01af TH\u00ca\u0301 NA\u0300O<\/strong><\/span><\/h3>\n<p>Sa\u0309n ph\u00e2\u0309m\u00a0<strong>BioGinkgo 27\/7<\/strong>\u00a0v\u01a1\u0301i mu\u0323c ti\u00eau h\u01b0\u01a1\u0301ng \u0111\u00ea\u0301n se\u0303 tr\u01a1\u0309 tha\u0300nh gia\u0309i pha\u0301p giu\u0301p mo\u0323i ng\u01b0\u01a1\u0300i kh\u0103\u0301c phu\u0323c \u0111\u01b0\u01a1\u0323c nh\u01b0\u01a1\u0323c \u0111i\u00ea\u0309m cu\u0309a tri\u0301 na\u0303o va\u0300 \u0111em \u0111\u00ea\u0301n m\u00f4\u0323t s\u01b0\u0301c kho\u0309e na\u0303o b\u00f4\u0323. Chi\u0301nh vi\u0300 th\u00ea\u0301, ca\u0301c chuy\u00ean gia ha\u0300ng \u0111\u00e2\u0300u Nuskin \u0111a\u0303 nghi\u00ean c\u01b0\u0301u va\u0300 ti\u0300m ra c\u00f4ng th\u01b0\u0301c cu\u0309a sa\u0309n ph\u00e2\u0309m \u0111\u00ea\u0309 \u0111a\u0323t \u0111i\u00ea\u0300u \u0111o\u0301.<\/p>\n<p>B\u0103\u0300ng vi\u00ea\u0323c t\u0103ng c\u01b0\u1eddng m\u00e1u v\u00e0 oxy l\u01b0u th\u00f4ng \u0111\u1ebfn n\u00e3o b\u1ed9 v\u00e0 c\u00e1c chi t\u1ed1t h\u01a1n se\u0303 h\u1ed7 tr\u1ee3 ch\u1ee9c n\u0103ng n\u00e3o v\u00e0 t\u0103ng c\u01b0\u1eddng tr\u00ed nh\u1edb. \u0110i\u00ea\u0300u na\u0300y se\u0303 giu\u0301p ba\u0323n th\u01a1\u0309 pha\u0309o \u0111\u01b0\u01a1\u0323c ph\u00e2\u0300n na\u0300o \u0111\u00f4\u0301i v\u01a1\u0301i nh\u01b0\u0303ng v\u00e2\u0301n \u0111\u00ea\u0300 ba\u0323n \u0111ang g\u0103\u0323p v\u00ea\u0300 tri\u0301 nh\u01a1\u0301 cu\u0303ng nh\u01b0 b\u00f4\u0323 na\u0303o cu\u0309a mi\u0300nh.<\/p>\n<p>Kh\u00f4ng nh\u01b0\u0303ng th\u00ea\u0301 sa\u0309n ph\u00e2\u0309m cu\u0303ng go\u0301p ph\u00e2\u0300n lu\u0300i ca\u0301c c\u0103n b\u00ea\u0323nh nh\u01b0 tai bi\u00ea\u0301n ma\u0323ch ma\u0301u na\u0303o, thi\u00ea\u0301u ma\u0301u, na\u0303o thi\u00ea\u0301u oxy,&#8230;<\/p>\n<p><img loading=\"lazy\" class=\"aligncenter wp-image-1258 size-full\" src=\"https:\/\/tuongvibeauty.com\/wp-content\/uploads\/2019\/06\/bio-gingko_grande.jpg\" alt=\"\" width=\"600\" height=\"338\" srcset=\"https:\/\/tuongvibeauty.com\/wp-content\/uploads\/2019\/06\/bio-gingko_grande.jpg 600w, https:\/\/tuongvibeauty.com\/wp-content\/uploads\/2019\/06\/bio-gingko_grande-300x169.jpg 300w\" sizes=\"(max-width: 600px) 100vw, 600px\" \/><\/p>\n<h4><span style=\"color: #ff00ff;\"><strong>THA\u0300NH PH\u00c2\u0300N CU\u0309A\u00a0<\/strong><strong>SA\u0309N PH\u00c2\u0309M BIOGINKGO 27\/7<\/strong><\/span><\/h4>\n<p>Sa\u0309n ph\u00e2\u0309m \u0111\u01b0\u01a1\u0323c ch\u00ea\u0301 ta\u0323o d\u01b0\u0323a tr\u00ean c\u00f4ng th\u01b0\u0301c nghi\u00ean c\u01b0\u0301u ha\u0300ng \u0111\u00e2\u0300u v\u01a1\u0301i ca\u0301c nguy\u00ean li\u00ea\u0323u an toa\u0300n t\u01b0\u0323 nhi\u00ean nh\u01b0 chi\u00ea\u0301t xu\u00e2\u0301t la ba\u0323ch qua\u0309, X\u01a1 \u0111\u00e2\u0323u na\u0300nh, Lecitin \u0111\u00e2\u0323u na\u0300nh,&#8230;<\/p>\n<p>C\u00e2y ba\u0323ch qua\u0309 l\u00e0 lo\u00e0i c\u00e2y s\u1ed1ng l\u00e2u \u0111\u1eddi nh\u1ea5t t\u1eebng \u0111\u01b0\u1ee3c bi\u1ebft \u0111\u1ebfn v\u01a1\u0301i ngu\u1ed3n g\u1ed1c \u0111\u00e3 c\u00f3 t\u1eeb h\u01a1n 200 tri\u1ec7u n\u0103m.Co\u0301 \u01b0\u0301ng d\u1ee5ng hi\u00ea\u0323u qua\u0309 nh\u01b0 m\u1ed9t lo\u1ea1i th\u1ea3o d\u01b0\u1ee3c truy\u1ec1n th\u1ed1ng \u0111\u01b0\u1ee3c \u0111\u1ec1 c\u1eadp \u0111\u1ebfn trong th\u1eddi Trung Qu\u1ed1c c\u1ed5 \u0111\u1ea1i cho ba\u0323n m\u1ed9t c\u01a1 h\u1ed9i ph\u1ee5c h\u1ed3i v\u00e0 t\u0103ng c\u01b0\u1eddng hi\u1ec7u xu\u1ea5t c\u1ee7a h\u1ec7 th\u1ea7n kinh.<\/p>\n<p>B\u00ean ca\u0323nh \u0111o\u0301, \u0111\u00e2\u0323u na\u0300nh la\u0300 m\u00f4\u0323t loa\u0323i th\u01b0\u0323c ph\u00e2\u0309m \u0111\u01b0\u01a1\u0323c bi\u00ea\u0301t \u0111\u00ea\u0301n nh\u01b0 m\u00f4\u0323t loa\u0323i \u0111\u00e2\u0323u t\u00f4\u0301t cho s\u01b0\u0301c kho\u0309e v\u01a1\u0301i nhi\u00ea\u0300u hi\u0300nh tha\u0301i nh\u01b0 s\u01b0\u0303a \u0111\u00e2\u0323u na\u0300nh, \u0111\u00e2\u0323u h\u01b0\u0303u, \u0111\u00e2\u0323u t\u01b0\u01a1ng. \u0110\u00e2y chi\u0301nh la\u0300 bi\u0301 quy\u00ea\u0301t giu\u0301p co\u0301 \u0111\u01b0\u01a1\u0323c m\u00f4\u0323t tri\u0301 na\u0303o minh m\u00e2\u0303n cu\u0303ng nh\u01b0 t\u00f4\u0301t cho s\u01b0\u0301c kho\u0309e cu\u0309a ng\u01b0\u01a1\u0300i Nh\u00e2\u0323t Ban \u0111\u01b0\u01a1\u0323c bi\u00ea\u0301t \u0111\u00ea\u0301n nhi\u00ea\u0300u nh\u00e2\u0301t b\u01a1\u0309i mo\u0301n \u0111\u00e2\u0323u na\u0300nh l\u00ean men nato.<\/p>\n<p>Chi\u0301nh s\u01b0\u0323 k\u00ea\u0301t h\u01a1\u0323p na\u0300y \u0111a\u0303 \u0111em \u0111\u00ea\u0301n m\u00f4\u0323t hi\u00ea\u0323u qua\u0309 trong sa\u0309n ph\u00e2\u0309m\u00a0<strong>BioGinkgo 27\/7<\/strong>\u00a0v\u01a1\u0301i vi\u00ea\u0323c kh\u0103\u0301c phu\u0323c cu\u0303ng nh\u01b0 b\u00f4\u0300i b\u00f4\u0309 h\u00ea\u0323 th\u00e2\u0300n kinh, tri\u0301 na\u0303o cu\u0309a chu\u0301ng ta.<\/p>\n<p><img loading=\"lazy\" class=\"aligncenter wp-image-1259 size-full\" src=\"https:\/\/tuongvibeauty.com\/wp-content\/uploads\/2019\/06\/bio-gingko-002_grande.jpg\" alt=\"\" width=\"600\" height=\"450\" srcset=\"https:\/\/tuongvibeauty.com\/wp-content\/uploads\/2019\/06\/bio-gingko-002_grande.jpg 600w, https:\/\/tuongvibeauty.com\/wp-content\/uploads\/2019\/06\/bio-gingko-002_grande-300x225.jpg 300w\" sizes=\"(max-width: 600px) 100vw, 600px\" \/><\/p>\n<h4><span style=\"color: #ff00ff;\"><strong>H\u01af\u01a0\u0301NG D\u00c2\u0303N S\u01af\u0309 DU\u0323NG<\/strong><strong>\u00a0SA\u0309N PH\u00c2\u0309M BIOGINKGO 27\/7<\/strong><\/span><\/h4>\n<p>N\u00ea\u0301u nhi\u00ea\u0300u ng\u01b0\u01a1\u0300i v\u00e2\u0303n lu\u00f4n b\u0103n kho\u0103n r\u0103\u0300ng thu\u00f4\u0301c than pha\u0309i s\u01b0\u0309 du\u0323ng m\u00f4\u0323t ca\u0301ch c\u00e2\u0309n th\u00e2\u0323n va\u0300 li\u00ea\u0300u l\u01b0\u01a1\u0323ng pha\u0309i h\u01a1\u0323p ly\u0301 thi\u0300 \u0111o\u0301 la\u0300 m\u00f4\u0323 \u0111i\u00ea\u0300u r\u00e2\u0301t \u0111u\u0301ng. Vi\u0300 m\u00f4\u0323t sa\u0309n ph\u00e2\u0309m du\u0300 t\u00f4\u0301t \u0111\u00ea\u0301n \u0111\u00e2u nh\u01b0ng chu\u0301ng ta s\u01b0\u0309 du\u0323ng m\u00f4\u0323t ca\u0301ch b\u01b0\u0300a ba\u0303i sai ca\u0301ch thi\u0300 se\u0303 ch\u0103\u0309ng \u0111\u01b0\u01a1\u0323c gi\u0300 ca\u0309.<\/p>\n<p>Sa\u0309n ph\u00e2\u0309m\u00a0<strong>BioGinkgo 27\/7\u00a0<\/strong>cu\u0303ng v\u00e2\u0323y nh\u01b0ng tuy nhi\u00ean vi\u00ea\u0323c s\u01b0\u0309a du\u0323ng sa\u0309n ph\u00e2\u0309m r\u00e2\u0301t \u0111\u01a1n gia\u0309n va\u0300 ti\u00ea\u0323n l\u01a1\u0323i kh\u00f4ng c\u00e2\u0300u ky\u0300 \u0111o\u0300i ho\u0309i thao ta\u0301c ngay ca\u0309 trong vi\u00ea\u0323c s\u01b0\u0309 du\u0323ng va\u0300 li\u00ea\u0300u l\u01b0\u01a1\u0323ng. \u0110\u00ea\u0309 \u0111a\u0323t \u0111\u01b0\u01a1\u0323c hi\u00ea\u0323u qua\u0309 t\u00f4\u0301t nh\u00e2\u0301t thi\u0300 vi\u00ea\u0323c ba\u0323n n\u00ean la\u0300m la\u0300 m\u00f4\u0323t nga\u0300y ha\u0303y u\u00f4\u0301ng 2 l\u00e2\u0300n cu\u0300ng b\u01b0\u0303a \u0103n, m\u00f4\u0303i l\u00e2\u0300n u\u00f4\u0301ng 1 vi\u00ean. Chi\u0309 nh\u01b0 v\u00e2\u0323y th\u00f4i la\u0300 ba\u0323n \u0111a\u0303 n\u0103\u0301m \u0111\u01b0\u01a1\u0323c ca\u0301ch s\u01b0\u0309 du\u0323ng sa\u0309n ph\u00e2\u0309m.<\/p>\n<p>Th\u00ea\u0301 nh\u01b0ng co\u0301 m\u00f4\u0323t \u0111i\u00ea\u0300u l\u01b0u y\u0301 nho\u0309 la\u0300 chi\u0309 n\u00ean s\u01b0\u0309 du\u0323ng vi\u00ean b\u0103\u0300ng ca\u0301ch u\u00f4\u0301ng ch\u01b0\u0301 kh\u00f4ng nhai nhe\u0301!<\/p>\n<h4><span style=\"color: #ff00ff;\"><strong>SA\u0309N PH\u00c2\u0309M BIOGINKGO 27\/7 N\u00caN S\u01af\u0309 DU\u0323NG V\u01a0\u0301I NH\u01af\u0303NG AI?<\/strong><\/span><\/h4>\n<p>\u01af\u1edbc t\u00ednh hi\u00ea\u0323n nay tr\u00ean ca\u0309 n\u01b0\u01a1\u0301c c\u00f3 kho\u1ea3ng 4 tri\u1ec7u m\u0103\u0301c ti\u0300nh tra\u0323ng t\u00ecnh tr\u1ea1ng \u0111\u00e3ng tr\u00ed v\u00e0 tr\u00ed nh\u1edb suy gi\u1ea3m. Va\u0300 vi\u00ea\u0323c suy gia\u0309m tri\u0301 nh\u01a1\u0301 la\u0300 m\u00f4\u0323t b\u00ea\u0323nh th\u01b0\u01a1\u0300ng d\u00ea\u0303 m\u0103\u0301c va\u0300o tu\u00f4\u0309i gia\u0300 co\u0301 d\u00e2\u0301u hi\u00ea\u0323u ti\u0309 l\u00ea\u0323 thu\u00e2\u0323n v\u01a1\u0301i tu\u00f4\u0309i ta\u0301c. Chi\u0301nh vi\u0300 th\u00ea\u0301 sa\u0309n ph\u00e2\u0309m \u0111\u01b0\u01a1\u0323c khuy\u00ean du\u0300ng cho ng\u01b0\u01a1\u0300i l\u01a1\u0301n \u0111\u00ea\u0309 tra\u0301nh ca\u0301c tr\u01b0\u01a1\u0300ng h\u01a1\u0323p m\u0103\u0301c b\u00ea\u0323nh \u0111a\u0303ng tri\u0301 lu\u0301c v\u00ea\u0300 gia\u0300.<\/p>\n<p>B\u00ean ca\u0323nh \u0111o\u0301 sa\u0309n ph\u00e2\u0309m co\u0300n phu\u0300 h\u01a1\u0323p v\u01a1\u0301i nh\u01b0\u0303ng ai c\u00f3 mong mu\u1ed1n k\u00edch th\u00edch tr\u00ed nh\u1edb, kh\u1ea3 n\u0103ng t\u1eadp trung cao, t\u0103ng c\u01b0\u1eddng l\u01b0u th\u00f4ng m\u00e1u \u0111\u1ebfn n\u00e3o, ch\u00e2n, tay.<\/p>\n<p><img loading=\"lazy\" class=\"aligncenter wp-image-1260 size-large\" src=\"https:\/\/tuongvibeauty.com\/wp-content\/uploads\/2019\/06\/tpcn-bioginkgo277-nuskin-09-1024x576-1024x576.jpg\" alt=\"\" width=\"1020\" height=\"574\" srcset=\"https:\/\/tuongvibeauty.com\/wp-content\/uploads\/2019\/06\/tpcn-bioginkgo277-nuskin-09-1024x576.jpg 1024w, https:\/\/tuongvibeauty.com\/wp-content\/uploads\/2019\/06\/tpcn-bioginkgo277-nuskin-09-1024x576-300x169.jpg 300w, https:\/\/tuongvibeauty.com\/wp-content\/uploads\/2019\/06\/tpcn-bioginkgo277-nuskin-09-1024x576-768x432.jpg 768w, https:\/\/tuongvibeauty.com\/wp-content\/uploads\/2019\/06\/tpcn-bioginkgo277-nuskin-09-1024x576-600x338.jpg 600w\" sizes=\"(max-width: 1020px) 100vw, 1020px\" \/><\/p>\n<p>&nbsp;<\/p>\n<p>&nbsp;<\/p>\n<p>&nbsp;<\/p>\n<p>&nbsp;<\/p>\n<p>&nbsp;<\/p>\n<p>&nbsp;<\/p>\n<p>&nbsp;<\/p>\n<p>&nbsp;<\/p>\n<p>&nbsp;<\/p>\n<p>&nbsp;<\/p>\n<p>&nbsp;<\/p>\n<p>&nbsp;<\/p>\n<p>&nbsp;<\/p>\n<p>&nbsp;<\/p>\n","protected":false},"excerpt":{"rendered":"<p>Sa\u0309n ph\u00e2\u0309m\u00a0<strong>BioGinkgo 27\/7<\/strong>\u00a0v\u01a1\u0301i mu\u0323c ti\u00eau h\u01b0\u01a1\u0301ng \u0111\u00ea\u0301n se\u0303 tr\u01a1\u0309 tha\u0300nh gia\u0309i pha\u0301p giu\u0301p mo\u0323i ng\u01b0\u01a1\u0300i kh\u0103\u0301c phu\u0323c \u0111\u01b0\u01a1\u0323c nh\u01b0\u01a1\u0323c \u0111i\u00ea\u0309m cu\u0309a tri\u0301 na\u0303o va\u0300 \u0111em \u0111\u00ea\u0301n m\u00f4\u0323t s\u01b0\u0301c kho\u0309e na\u0303o b\u00f4\u0323. Chi\u0301nh vi\u0300 th\u00ea\u0301, ca\u0301c chuy\u00ean gia ha\u0300ng \u0111\u00e2\u0300u Nuskin \u0111a\u0303 nghi\u00ean c\u01b0\u0301u va\u0300 ti\u0300m ra c\u00f4ng th\u01b0\u0301c cu\u0309a sa\u0309n ph\u00e2\u0309m \u0111\u00ea\u0309 \u0111a\u0323t \u0111i\u00ea\u0300u \u0111o\u0301.<\/p>\n<p>&nbsp;<\/p>\n","protected":false},"featured_media":1256,"comment_status":"open","ping_status":"closed","template":"","meta":[],"_links":{"self":[{"href":"https:\/\/tuongvibeauty.com\/index.php?rest_route=\/wp\/v2\/product\/1255"}],"collection":[{"href":"https:\/\/tuongvibeauty.com\/index.php?rest_route=\/wp\/v2\/product"}],"about":[{"href":"https:\/\/tuongvibeauty.com\/index.php?rest_route=\/wp\/v2\/types\/product"}],"replies":[{"embeddable":true,"href":"https:\/\/tuongvibeauty.com\/index.php?rest_route=%2Fwp%2Fv2%2Fcomments&post=1255"}],"wp:featuredmedia":[{"embeddable":true,"href":"https:\/\/tuongvibeauty.com\/index.php?rest_route=\/wp\/v2\/media\/1256"}],"wp:attachment":[{"href":"https:\/\/tuongvibeauty.com\/index.php?rest_route=%2Fwp%2Fv2%2Fmedia&parent=1255"}],"curies":[{"name":"wp","href":"https:\/\/api.w.org\/{rel}","templated":true}]}}