{"id":1217,"date":"2019-06-26T11:30:21","date_gmt":"2019-06-26T04:30:21","guid":{"rendered":"https:\/\/tuongvibeauty.com\/?post_type=product&#038;p=1217"},"modified":"2019-06-29T15:12:10","modified_gmt":"2019-06-29T08:12:10","slug":"tri-tham-tan-nuong","status":"publish","type":"product","link":"https:\/\/tuongvibeauty.com\/?product=tri-tham-tan-nuong","title":{"rendered":"Tr\u1ecb th\u00e2m T\u00e2n N\u01b0\u01a1ng"},"content":{"rendered":"<h1>S\u1ea3n Ph\u1ea9m Tr\u1ecb Th\u00e2m T\u00e2n N\u01b0\u01a1ng:<\/h1>\n<p><img loading=\"lazy\" class=\"aligncenter wp-image-1219 size-large\" src=\"https:\/\/tuongvibeauty.com\/wp-content\/uploads\/2019\/06\/62082123_575766759497974_314347943429668864_n-1024x683.jpg\" alt=\"Tr\u1ecb th\u00e2m T\u00e2n N\u01b0\u01a1ng\" width=\"1020\" height=\"680\" srcset=\"https:\/\/tuongvibeauty.com\/wp-content\/uploads\/2019\/06\/62082123_575766759497974_314347943429668864_n-1024x683.jpg 1024w, https:\/\/tuongvibeauty.com\/wp-content\/uploads\/2019\/06\/62082123_575766759497974_314347943429668864_n-300x200.jpg 300w, https:\/\/tuongvibeauty.com\/wp-content\/uploads\/2019\/06\/62082123_575766759497974_314347943429668864_n-768x512.jpg 768w, https:\/\/tuongvibeauty.com\/wp-content\/uploads\/2019\/06\/62082123_575766759497974_314347943429668864_n-600x400.jpg 600w, https:\/\/tuongvibeauty.com\/wp-content\/uploads\/2019\/06\/62082123_575766759497974_314347943429668864_n.jpg 1094w\" sizes=\"(max-width: 1020px) 100vw, 1020px\" \/><\/p>\n<p>&nbsp;<\/p>\n<p><strong>C\u00f4ng d\u1ee5ng:\u00a0<\/strong>\u0110\u1eb7c tr\u1ecb th\u00e2m, v\u00f9ng b\u1ecb th\u00e2m s\u1ebd\u00a0 s\u00e1ng d\u1ea7n v\u00e0 h\u1ed3ng l\u00ean sau 7- 10 ng\u00e0y s\u1eed d\u1ee5ng.<\/p>\n<p><strong>Th\u00e0nh ph\u1ea7n:<\/strong>\u00a0 Chi\u1ebft xu\u1ea5t t\u1eeb thi\u00ean nhi\u00ean, 100% th\u1ea3o m\u1ed9c qu\u00fd hi\u1ebfm. \u0110\u01b0\u1ee3c s\u1ea3n xu\u1ea5t theo quy tr\u00ecnh c\u00f4ng th\u1ee9c l\u00e0nh t\u00ednh. An To\u00e0n v\u00e0 hi\u1ec7u qu\u1ea3 khi s\u1eed d\u1ee5ng tr\u00ean v\u00f9ng da nh\u1ea1y c\u1ea3m.<\/p>\n<p><strong>C\u00e1ch d\u00f9ng:<\/strong><\/p>\n<ul>\n<li>V\u1ec7 sinh s\u1ea1ch s\u1ebd v\u00f9ng b\u1ecb th\u00e2m: m\u00f4i, n\u00e1ch, nh\u0169 hoa, v\u00f9ng k\u00edn,\u2026<\/li>\n<li>B\u00f4i m\u1ed9t l\u1edbp m\u1ecfng l\u00ean c\u00e1c v\u00f9ng b\u1ecb th\u00e2m.<\/li>\n<li>S\u1eed d\u1ee5ng \u0111\u1ec1u \u0111\u1eb7n 2 l\u1ea7n\/ng\u00e0y (s\u00e1ng v\u00e0 t\u1ed1i tr\u01b0\u1edbc khi \u0111i ng\u1ee7).<\/li>\n<\/ul>\n<p><strong>\u0110\u1ed1i t\u01b0\u1ee3ng s\u1eed d\u1ee5ng:<\/strong>\u00a0C\u1ea3 nam v\u00e0 n\u1eef.<\/p>\n<p><strong>B\u1ea3o Qu\u1ea3n:<\/strong>\u00a0\u0110\u1ec3 trong ng\u0103n m\u00e1t t\u1ee7 l\u1ea1nh.<\/p>\n<p><strong>Tr\u00ecnh b\u00e0y :<\/strong>\u00a0h\u1ed9p 10g<\/p>\n<p>&nbsp;<\/p>\n<p>&nbsp;<\/p>\n<p>&nbsp;<\/p>\n<p>&nbsp;<\/p>\n","protected":false},"excerpt":{"rendered":"<nav class=\"woocommerce-breadcrumb breadcrumbs\"><a href=\"http:\/\/phukhoatannuong.com\/\">Trang ch\u1ee7<\/a>\u00a0<span class=\"divider\">\/<\/span>\u00a0<a href=\"http:\/\/phukhoatannuong.com\/danh-muc\/san-pham-phu-khoa\/\">S\u1ea3n ph\u1ea9m ph\u1ee5 khoa<\/a>\u00a0<span class=\"divider\">\/<\/span>\u00a0<a href=\"http:\/\/phukhoatannuong.com\/danh-muc\/san-pham-phu-khoa\/thuoc-gia-truyen\/\">Thu\u1ed1c gia truy\u1ec1n<\/a><\/nav>\n<p>S\u1ea3n Ph\u1ea9m Tr\u1ecb Th\u00e2m T\u00e2n N\u01b0\u01a1ng:<\/p>\n<ul>\n<li>\u0110\u1eb7c tr\u1ecb nh\u1eefng v\u00f9ng b\u1ecb th\u00e2m nh\u01b0 : m\u00f4i, n\u00e1ch, nh\u0169 hoa, v\u00f9ng k\u00edn,\u2026.<\/li>\n<li>L\u00e0m s\u00e1ng d\u1ea7n v\u00e0 h\u1ed3ng l\u00ean sau 7 \u2013 10 ng\u00e0y s\u1eed d\u1ee5ng.<\/li>\n<\/ul>\n<p>&nbsp;<\/p>\n","protected":false},"featured_media":1220,"comment_status":"open","ping_status":"closed","template":"","meta":[],"_links":{"self":[{"href":"https:\/\/tuongvibeauty.com\/index.php?rest_route=\/wp\/v2\/product\/1217"}],"collection":[{"href":"https:\/\/tuongvibeauty.com\/index.php?rest_route=\/wp\/v2\/product"}],"about":[{"href":"https:\/\/tuongvibeauty.com\/index.php?rest_route=\/wp\/v2\/types\/product"}],"replies":[{"embeddable":true,"href":"https:\/\/tuongvibeauty.com\/index.php?rest_route=%2Fwp%2Fv2%2Fcomments&post=1217"}],"wp:featuredmedia":[{"embeddable":true,"href":"https:\/\/tuongvibeauty.com\/index.php?rest_route=\/wp\/v2\/media\/1220"}],"wp:attachment":[{"href":"https:\/\/tuongvibeauty.com\/index.php?rest_route=%2Fwp%2Fv2%2Fmedia&parent=1217"}],"curies":[{"name":"wp","href":"https:\/\/api.w.org\/{rel}","templated":true}]}}