{"id":35,"date":"2017-09-14T04:26:20","date_gmt":"2017-09-14T04:26:20","guid":{"rendered":"http:\/\/d481cadf.ngrok.io\/mauweb\/mau_065\/?page_id=35"},"modified":"2019-09-20T15:05:22","modified_gmt":"2019-09-20T08:05:22","slug":"lien-he","status":"publish","type":"page","link":"https:\/\/tuongvibeauty.com\/?page_id=35","title":{"rendered":"Li\u00ean h\u1ec7"},"content":{"rendered":"<p><strong>H\u00e3y li\u00ean h\u1ec7 ngay v\u1edbi ch\u00fang t\u00f4i \u0111\u1ec3 \u0111\u01b0\u1ee3c t\u01b0 v\u1ea5n mi\u1ec5n ph\u00ed v\u00e0 bi\u1ebft th\u00eam th\u00f4ng tin chi ti\u1ebft v\u1ec1 c\u00e1c s\u1ea3n ph\u1ea9m.<\/strong><\/p>\n<p>H\u1ed7 tr\u1ee3 v\u00e0 t\u01b0 v\u1ea5n: <a href=\"http:\/\/write-my.com\/\">hotline<\/a> <strong>0862 558 879<\/strong><\/p>\n<p><strong>Fanpage<\/strong>: <a href=\"https:\/\/www.facebook.com\/devispa.au\/?ref=page_internal\">https:\/\/www.facebook.com\/devispa.au<\/a><\/p>\n<p>Ho\u1eb7c c\u00f3 th\u1ec3 li\u00ean h\u1ec7 tr\u1ef1c ti\u1ebfp tr\u00ean website<a href=\"\/\"><span style=\"color: #ff00ff;\"> Tuongvibeauty<\/span><\/a>, zalo ho\u1eb7c chat Viber<\/p>\n<p>&nbsp;<\/p>\n<p><img loading=\"lazy\" class=\"aligncenter wp-image-1358 size-full\" src=\"https:\/\/tuongvibeauty.com\/wp-content\/uploads\/2019\/06\/tuvan.png\" alt=\"\" width=\"601\" height=\"484\" srcset=\"https:\/\/tuongvibeauty.com\/wp-content\/uploads\/2019\/06\/tuvan.png 601w, https:\/\/tuongvibeauty.com\/wp-content\/uploads\/2019\/06\/tuvan-300x242.png 300w, https:\/\/tuongvibeauty.com\/wp-content\/uploads\/2019\/06\/tuvan-600x483.png 600w\" sizes=\"(max-width: 601px) 100vw, 601px\" \/><\/p>\n<p><span style=\"color: #33cccc;\">V\u1edbi \u0111\u1ed9i ng\u0169 chuy\u00ean vi\u00ean t\u01b0 v\u1ea5n nhi\u1ec7t t\u00ecnh v\u00e0 d\u00e0y d\u1eb7n kinh nghi\u1ec7m, ch\u00fang t\u00f4i lu\u00f4n s\u1eb5n s\u00e0ng ph\u1ee5c v\u1ee5 c\u00e1c b\u1ea1n m\u1ecdi l\u00fac m\u1ecdi n\u01a1i<\/span>.<\/p>\n<p>&nbsp;<\/p>\n<p>&nbsp;<\/p>\n<p>&nbsp;<\/p>\n<p><strong>Chi nh\u00e1nh t\u1ea1i c\u00e1c qu\u1ed1c gia:<\/strong><\/p>\n<ul>\n<li><i class=\"fa fa-map-marker\"><\/i>\u00a0Sydney, \u00dac: Shop 9, 2 Hughes St, Cabramatta NSW 2166<\/li>\n<li><i class=\"fa fa-map-marker\"><\/i>\u00a0Melbourne, \u00dac: 12 Eagle Avenue, Kingsbury Victoria 3083<\/li>\n<li><i class=\"fa fa-map-marker\"><\/i>\u00a0M\u1ef9: 124 South 39th St, Apt 10 Omaha, NE 68131<\/li>\n<li><i class=\"fa fa-map-marker\"><\/i>\u00a0H\u00e0n Qu\u1ed1c: \uc11c\uc6b8\uc2dc \uad00\uc545\uad6c \uc2e0\ub9bc\ub3d9 1569-23<\/li>\n<li><i class=\"fa fa-map-marker\"><\/i>\u00a0Vi\u1ec7t Nam: 87 L\u0129nh Nam, Ho\u00e0ng Mai, H\u00e0 N\u1ed9i<\/li>\n<\/ul>\n<p>&nbsp;<\/p>\n<p>&nbsp;<\/p>\n<p>&nbsp;<\/p>\n<p>&nbsp;<\/p>\n<p>&nbsp;<\/p>\n<p>&nbsp;<\/p>\n<p>&nbsp;<\/p>\n<p>&nbsp;<\/p>\n<p>&nbsp;<\/p>\n","protected":false},"excerpt":{"rendered":"<p>H\u00e3y li\u00ean h\u1ec7 ngay v\u1edbi ch\u00fang t\u00f4i \u0111\u1ec3 \u0111\u01b0\u1ee3c t\u01b0 v\u1ea5n mi\u1ec5n ph\u00ed v\u00e0 bi\u1ebft th\u00eam th\u00f4ng tin chi ti\u1ebft v\u1ec1 c\u00e1c s\u1ea3n ph\u1ea9m. H\u1ed7 tr\u1ee3 v\u00e0 t\u01b0 v\u1ea5n: hotline 0862 558 879 Fanpage: https:\/\/www.facebook.com\/devispa.au Ho\u1eb7c c\u00f3 th\u1ec3 li\u00ean h\u1ec7 tr\u1ef1c ti\u1ebfp tr\u00ean website Tuongvibeauty, zalo ho\u1eb7c chat Viber &nbsp; V\u1edbi \u0111\u1ed9i ng\u0169 chuy\u00ean vi\u00ean [&#8230;]\n","protected":false},"author":1,"featured_media":0,"parent":0,"menu_order":0,"comment_status":"closed","ping_status":"closed","template":"page-left-sidebar.php","meta":[],"_links":{"self":[{"href":"https:\/\/tuongvibeauty.com\/index.php?rest_route=\/wp\/v2\/pages\/35"}],"collection":[{"href":"https:\/\/tuongvibeauty.com\/index.php?rest_route=\/wp\/v2\/pages"}],"about":[{"href":"https:\/\/tuongvibeauty.com\/index.php?rest_route=\/wp\/v2\/types\/page"}],"author":[{"embeddable":true,"href":"https:\/\/tuongvibeauty.com\/index.php?rest_route=\/wp\/v2\/users\/1"}],"replies":[{"embeddable":true,"href":"https:\/\/tuongvibeauty.com\/index.php?rest_route=%2Fwp%2Fv2%2Fcomments&post=35"}],"version-history":[{"count":10,"href":"https:\/\/tuongvibeauty.com\/index.php?rest_route=\/wp\/v2\/pages\/35\/revisions"}],"predecessor-version":[{"id":2351,"href":"https:\/\/tuongvibeauty.com\/index.php?rest_route=\/wp\/v2\/pages\/35\/revisions\/2351"}],"wp:attachment":[{"href":"https:\/\/tuongvibeauty.com\/index.php?rest_route=%2Fwp%2Fv2%2Fmedia&parent=35"}],"curies":[{"name":"wp","href":"https:\/\/api.w.org\/{rel}","templated":true}]}}